{"id":249965,"date":"2022-10-21T08:57:04","date_gmt":"2022-10-21T06:57:04","guid":{"rendered":"http:\/\/dev.claret.cat\/producte\/el-arte-de-la-felicidad\/"},"modified":"2023-01-28T13:33:54","modified_gmt":"2023-01-28T12:33:54","slug":"el-arte-de-la-felicidad-9788499884615","status":"publish","type":"product","link":"https:\/\/www.claret.cat\/es\/libro\/el-arte-de-la-felicidad-9788499884615\/","title":{"rendered":"EL ARTE DE LA FELICIDAD"},"content":{"rendered":"<p>\u00ab\u00bfAcaso es mi profesi\u00f3n de psiquiatra, mi predilecci\u00f3n por lo \u00edntimo o mi inter\u00e9s por la psicolog\u00eda de las emociones lo que me atrae hacia la pintura? No sabr\u00eda decirlo, pero me gustar\u00eda iniciar al lector en esta experiencia y sus beneficios: situarse ante un cuadro, guardar silencio, permitir que la pintura te hable, te posea&#8230;<br \/> En este libro vamos a reflexionar y meditar juntos a partir de veinticinco cuadros: veinticinco im\u00e1genes que encarnan los rostros, las formas y los gestos de la felicidad; veinticinco lecciones que proponen avanzar en el camino que conduce a una vida m\u00e1s feliz. Y es que la felicidad se puede aprender.\u00bb<br \/> Christophe Andr\u00e9<\/p>\n","protected":false},"excerpt":{"rendered":"<p>ANDR\u00c9, CHRISTOPHE<\/p>\n","protected":false},"featured_media":249966,"template":"","meta":{"_acf_changed":false,"om_disable_all_campaigns":false,"rs_blank_template":"","rs_page_bg_color":"","slide_template_v7":"","inline_featured_image":false,"_monsterinsights_skip_tracking":false,"_monsterinsights_sitenote_active":false,"_monsterinsights_sitenote_note":"","_monsterinsights_sitenote_category":0},"product_brand":[],"product_cat":[16],"product_tag":[],"class_list":{"0":"post-249965","1":"product","2":"type-product","3":"status-publish","4":"has-post-thumbnail","6":"product_cat-sense-categoria","8":"first","9":"instock","10":"taxable","11":"shipping-taxable","12":"purchasable","13":"product-type-simple"},"acf":{"autor":"ANDR\u00c9, CHRISTOPHE","codart":"849988461","libros-coleccion":"","ediciones":"1","encuadernacion":"R\u00fastica","fecha_de_publicacion":"01\/09\/2015","novedad":"0","paginas":"236","subtitulo":"25 LECCIONES PARA APRENDER A VIVIR FELICES","orden":"999","portada":"0","idioma":"spa","autores-libros":[{"ID":152946,"post_author":"3","post_date":"2022-10-14 14:52:51","post_date_gmt":"2022-10-14 12:52:51","post_content":"","post_title":"CHRISTOPHE ANDR\u00c9","post_excerpt":"","post_status":"publish","comment_status":"closed","ping_status":"closed","post_password":"","post_name":"christophe-andre","to_ping":"","pinged":"","post_modified":"2022-10-14 14:52:51","post_modified_gmt":"2022-10-14 12:52:51","post_content_filtered":"","post_parent":0,"guid":"http:\/\/dev.claret.cat\/autor\/christophe-andre\/","menu_order":0,"post_type":"autor","post_mime_type":"","comment_count":"0","filter":"raw"}]},"aioseo_notices":[],"_links":{"self":[{"href":"https:\/\/www.claret.cat\/es\/wp-json\/wp\/v2\/product\/249965","targetHints":{"allow":["GET"]}}],"collection":[{"href":"https:\/\/www.claret.cat\/es\/wp-json\/wp\/v2\/product"}],"about":[{"href":"https:\/\/www.claret.cat\/es\/wp-json\/wp\/v2\/types\/product"}],"wp:featuredmedia":[{"embeddable":true,"href":"https:\/\/www.claret.cat\/es\/wp-json\/wp\/v2\/media\/249966"}],"wp:attachment":[{"href":"https:\/\/www.claret.cat\/es\/wp-json\/wp\/v2\/media?parent=249965"}],"wp:term":[{"taxonomy":"product_brand","embeddable":true,"href":"https:\/\/www.claret.cat\/es\/wp-json\/wp\/v2\/product_brand?post=249965"},{"taxonomy":"product_cat","embeddable":true,"href":"https:\/\/www.claret.cat\/es\/wp-json\/wp\/v2\/product_cat?post=249965"},{"taxonomy":"product_tag","embeddable":true,"href":"https:\/\/www.claret.cat\/es\/wp-json\/wp\/v2\/product_tag?post=249965"}],"curies":[{"name":"wp","href":"https:\/\/api.w.org\/{rel}","templated":true}]}}