{"id":250052,"date":"2022-10-21T08:59:26","date_gmt":"2022-10-21T06:59:26","guid":{"rendered":"http:\/\/dev.claret.cat\/producte\/en-las-montanas-de-la-locura-2\/"},"modified":"2023-01-28T02:18:30","modified_gmt":"2023-01-28T01:18:30","slug":"en-las-montanas-de-la-locura-9788432225161","status":"publish","type":"product","link":"https:\/\/www.claret.cat\/es\/libro\/en-las-montanas-de-la-locura-9788432225161\/","title":{"rendered":"EN LAS MONTA\u00d1AS DE LA LOCURA"},"content":{"rendered":"<p>En las monta\u00f1as de la locura\u00a0narra la expedici\u00f3n desastrosa que realizan unos grupo de expertos a la Ant\u00e1rtida, en el que descubren unos seres biol\u00f3gicamente extraordinarios que llegaron a la tierra desde otro astro mucho antes de la aparici\u00f3n de la humanidad, y que fueron casi extinguidos por una especie de robots de su propia creaci\u00f3n. El estilo visionario, solemne y l\u00fagubre de Lovecraft ?sin duda, uno de los m\u00e1s leg\u00edtimos herederos de Poe? confiere a la alucinante narraci\u00f3n un singular esplendor po\u00e9tico.<\/p>\n","protected":false},"excerpt":{"rendered":"<p>LOVECRAFT, H. P.<\/p>\n","protected":false},"featured_media":250053,"template":"","meta":{"_acf_changed":false,"om_disable_all_campaigns":false,"rs_blank_template":"","rs_page_bg_color":"","slide_template_v7":"","inline_featured_image":false,"_monsterinsights_skip_tracking":false,"_monsterinsights_sitenote_active":false,"_monsterinsights_sitenote_note":"","_monsterinsights_sitenote_category":0},"product_brand":[],"product_cat":[16],"product_tag":[],"class_list":{"0":"post-250052","1":"product","2":"type-product","3":"status-publish","4":"has-post-thumbnail","6":"product_cat-sense-categoria","8":"first","9":"instock","10":"taxable","11":"shipping-taxable","12":"purchasable","13":"product-type-simple"},"acf":{"autor":"LOVECRAFT, H. P.","codart":"843222516","libros-coleccion":"","ediciones":"1","encuadernacion":"R\u00fastica","fecha_de_publicacion":"01\/09\/2015","novedad":"0","paginas":"185","subtitulo":"","orden":"999","portada":"0","idioma":"spa","editorial":[{"ID":147499,"post_author":"3","post_date":"2022-10-14 11:51:03","post_date_gmt":"2022-10-14 09:51:03","post_content":"","post_title":"AUSTRAL MEDIA","post_excerpt":"","post_status":"publish","comment_status":"closed","ping_status":"closed","post_password":"","post_name":"austral-media","to_ping":"","pinged":"","post_modified":"2022-10-14 11:51:03","post_modified_gmt":"2022-10-14 09:51:03","post_content_filtered":"","post_parent":0,"guid":"http:\/\/dev.claret.cat\/editorial\/austral-media\/","menu_order":0,"post_type":"editorial","post_mime_type":"","comment_count":"0","filter":"raw"}],"autores-libros":[{"ID":157297,"post_author":"3","post_date":"2022-10-14 15:27:42","post_date_gmt":"2022-10-14 13:27:42","post_content":"","post_title":"H. P. LOVECRAFT","post_excerpt":"","post_status":"publish","comment_status":"closed","ping_status":"closed","post_password":"","post_name":"h-p-lovecraft","to_ping":"","pinged":"","post_modified":"2022-10-14 15:27:42","post_modified_gmt":"2022-10-14 13:27:42","post_content_filtered":"","post_parent":0,"guid":"http:\/\/dev.claret.cat\/autor\/h-p-lovecraft\/","menu_order":0,"post_type":"autor","post_mime_type":"","comment_count":"0","filter":"raw"}]},"aioseo_notices":[],"_links":{"self":[{"href":"https:\/\/www.claret.cat\/es\/wp-json\/wp\/v2\/product\/250052","targetHints":{"allow":["GET"]}}],"collection":[{"href":"https:\/\/www.claret.cat\/es\/wp-json\/wp\/v2\/product"}],"about":[{"href":"https:\/\/www.claret.cat\/es\/wp-json\/wp\/v2\/types\/product"}],"wp:featuredmedia":[{"embeddable":true,"href":"https:\/\/www.claret.cat\/es\/wp-json\/wp\/v2\/media\/250053"}],"wp:attachment":[{"href":"https:\/\/www.claret.cat\/es\/wp-json\/wp\/v2\/media?parent=250052"}],"wp:term":[{"taxonomy":"product_brand","embeddable":true,"href":"https:\/\/www.claret.cat\/es\/wp-json\/wp\/v2\/product_brand?post=250052"},{"taxonomy":"product_cat","embeddable":true,"href":"https:\/\/www.claret.cat\/es\/wp-json\/wp\/v2\/product_cat?post=250052"},{"taxonomy":"product_tag","embeddable":true,"href":"https:\/\/www.claret.cat\/es\/wp-json\/wp\/v2\/product_tag?post=250052"}],"curies":[{"name":"wp","href":"https:\/\/api.w.org\/{rel}","templated":true}]}}