{"id":25034,"date":"2022-10-02T10:25:16","date_gmt":"2022-10-02T08:25:16","guid":{"rendered":"http:\/\/dev.claret.cat\/producte\/la-ciudadela\/"},"modified":"2026-02-25T16:06:13","modified_gmt":"2026-02-25T15:06:13","slug":"la-ciudadela-9788490615607","status":"publish","type":"product","link":"https:\/\/www.claret.cat\/es\/libro\/la-ciudadela-9788490615607\/","title":{"rendered":"LA CIUDADELA"},"content":{"rendered":"<p>Cuando el joven doctor Andrew Manson ocupa su primer puesto laboral en una comunidad minera de Gales, trae con \u00e9l ante todo un buen pu\u00f1ado de idealismo y entusiasmo. Pronto es puesto a prueba hasta el l\u00edmite, al descubrir la realidad de la pr\u00e1ctica m\u00e9dica de provincias y la indescriptible situaci\u00f3n sanitaria de la zona, donde es com\u00fan el c\u00f3lera infantil y la enteritis, sin apenas medios para combatir la enfermedad y la pobreza. No pasa mucho tiempo antes de que su franqueza y determinaci\u00f3n se vean amenazadas, mientras el mundo lleno de glamour y de codicia de la medicina londinense le reclama, con sus cl\u00ednicas privadas, pacientes ricos y abundantes cantidades de dinero por todas partes. Una novela cl\u00e1sica de uno de los grandes maestros del g\u00e9nero, autor de Las llaves del reino y El castillo del odio. Una conmovedora historia de tragedia, triunfo y redenci\u00f3n, que tuvo una gran influencia para la creaci\u00f3n del moderno sistema nacional de salud del Reino Unido.<\/p>\n","protected":false},"excerpt":{"rendered":"<p>CRONIN, A. J.<\/p>\n","protected":false},"featured_media":1086249,"template":"","meta":{"_acf_changed":false,"om_disable_all_campaigns":false,"rs_blank_template":"","rs_page_bg_color":"","slide_template_v7":"","inline_featured_image":false,"_monsterinsights_skip_tracking":false,"_monsterinsights_sitenote_active":false,"_monsterinsights_sitenote_note":"","_monsterinsights_sitenote_category":0},"product_brand":[],"product_cat":[353,87],"product_tag":[],"class_list":{"0":"post-25034","1":"product","2":"type-product","3":"status-publish","4":"has-post-thumbnail","6":"product_cat-literatura-2_humanidades","7":"product_cat-literatura","9":"first","10":"outofstock","11":"taxable","12":"shipping-taxable","13":"purchasable","14":"product-type-simple"},"acf":{"autor":"CRONIN, A. J.","codart":"849061560","libros-coleccion":"FORA DE COL.LECCI\u00d3","ediciones":"1","encuadernacion":"Carpeta","fecha_de_publicacion":"01\/05\/2017","novedad":"1","paginas":"544","subtitulo":"","orden":"0","portada":"0","idioma":"spa","editorial":[{"ID":148621,"post_author":"3","post_date":"2022-10-14 11:59:41","post_date_gmt":"2022-10-14 09:59:41","post_content":"","post_title":"PALABRA","post_excerpt":"","post_status":"publish","comment_status":"closed","ping_status":"closed","post_password":"","post_name":"palabra","to_ping":"","pinged":"","post_modified":"2022-10-14 11:59:41","post_modified_gmt":"2022-10-14 09:59:41","post_content_filtered":"","post_parent":0,"guid":"http:\/\/dev.claret.cat\/editorial\/palabra\/","menu_order":0,"post_type":"editorial","post_mime_type":"","comment_count":"0","filter":"raw"}],"autores-libros":[{"ID":149034,"post_author":"3","post_date":"2022-10-14 14:21:37","post_date_gmt":"2022-10-14 12:21:37","post_content":"","post_title":"A. J. CRONIN","post_excerpt":"","post_status":"publish","comment_status":"closed","ping_status":"closed","post_password":"","post_name":"a-j-cronin","to_ping":"","pinged":"","post_modified":"2022-10-14 14:21:37","post_modified_gmt":"2022-10-14 12:21:37","post_content_filtered":"","post_parent":0,"guid":"http:\/\/dev.claret.cat\/autor\/a-j-cronin\/","menu_order":0,"post_type":"autor","post_mime_type":"","comment_count":"0","filter":"raw"}],"booktrailer":"","resenas":""},"aioseo_notices":[],"_links":{"self":[{"href":"https:\/\/www.claret.cat\/es\/wp-json\/wp\/v2\/product\/25034","targetHints":{"allow":["GET"]}}],"collection":[{"href":"https:\/\/www.claret.cat\/es\/wp-json\/wp\/v2\/product"}],"about":[{"href":"https:\/\/www.claret.cat\/es\/wp-json\/wp\/v2\/types\/product"}],"wp:featuredmedia":[{"embeddable":true,"href":"https:\/\/www.claret.cat\/es\/wp-json\/wp\/v2\/media\/1086249"}],"wp:attachment":[{"href":"https:\/\/www.claret.cat\/es\/wp-json\/wp\/v2\/media?parent=25034"}],"wp:term":[{"taxonomy":"product_brand","embeddable":true,"href":"https:\/\/www.claret.cat\/es\/wp-json\/wp\/v2\/product_brand?post=25034"},{"taxonomy":"product_cat","embeddable":true,"href":"https:\/\/www.claret.cat\/es\/wp-json\/wp\/v2\/product_cat?post=25034"},{"taxonomy":"product_tag","embeddable":true,"href":"https:\/\/www.claret.cat\/es\/wp-json\/wp\/v2\/product_tag?post=25034"}],"curies":[{"name":"wp","href":"https:\/\/api.w.org\/{rel}","templated":true}]}}