{"id":250425,"date":"2022-10-21T09:09:43","date_gmt":"2022-10-21T07:09:43","guid":{"rendered":"http:\/\/dev.claret.cat\/producte\/piratas-en-el-triangulo-de-las-bermudas\/"},"modified":"2024-02-08T11:58:06","modified_gmt":"2024-02-08T10:58:06","slug":"piratas-en-el-triangulo-de-las-bermudas-9788468316239","status":"publish","type":"product","link":"https:\/\/www.claret.cat\/es\/libro\/piratas-en-el-triangulo-de-las-bermudas-9788468316239\/","title":{"rendered":"PIRATAS EN EL TRIANGULO DE LAS BERMUDAS"},"content":{"rendered":"<p>El Octopus 1400 es el nuevo invento de Clik, un moderno submarino con ocho tent\u00e1culos. Para estrenarlo, la pandilla y el profesor han viajado al Tri\u00e1ngulo de la Bermudas, donde buscan al Celecanto, un pez prehist\u00f3rico del que solo quedan algunos ejemplares. Lo que nunca podr\u00edan haber imaginado es la fascinante aventura que les espera. \u00a1Los Pilares del Tiempo los transportar\u00e1n al pasado! Black Lam, el temible, ha raptado a la bella Lisa Lis, la prometida del capit\u00e1n Cornelius Dotavento II. Necesitan encontrar el Tesoro de la Emperatriz para liberarla del cruel pirata. Pero antes deber\u00e1n sortear los peligros del misterioso Tri\u00e1ngulo de las Bermudas.<\/p>\n","protected":false},"excerpt":{"rendered":"<p>INNOVANT<\/p>\n","protected":false},"featured_media":250426,"template":"","meta":{"_acf_changed":false,"om_disable_all_campaigns":false,"rs_blank_template":"","rs_page_bg_color":"","slide_template_v7":"","inline_featured_image":false,"_monsterinsights_skip_tracking":false,"_monsterinsights_sitenote_active":false,"_monsterinsights_sitenote_note":"","_monsterinsights_sitenote_category":0},"product_brand":[],"product_cat":[352,86],"product_tag":[],"class_list":{"0":"post-250425","1":"product","2":"type-product","3":"status-publish","4":"has-post-thumbnail","6":"product_cat-infantil-3_infantil-juvenil-spa","7":"product_cat-infantil","9":"first","10":"instock","11":"taxable","12":"shipping-taxable","13":"purchasable","14":"product-type-simple"},"acf":{"autor":"INNOVANT","codart":"846831623","libros-coleccion":"","ediciones":"1","encuadernacion":"Carpeta","fecha_de_publicacion":"01\/08\/2015","novedad":"0","paginas":"56","subtitulo":"","orden":"999","portada":"0","idioma":"spa","editorial":[{"ID":6192,"post_author":"3","post_date":"2022-07-28 17:46:52","post_date_gmt":"2022-07-28 15:46:52","post_content":"","post_title":"EDEBE altres","post_excerpt":"","post_status":"publish","comment_status":"closed","ping_status":"closed","post_password":"","post_name":"edebe-altres","to_ping":"","pinged":"","post_modified":"2022-07-28 17:46:52","post_modified_gmt":"2022-07-28 15:46:52","post_content_filtered":"","post_parent":0,"guid":"http:\/\/dev.claret.cat\/editorial\/edebe-altres\/","menu_order":0,"post_type":"editorial","post_mime_type":"","comment_count":"0","filter":"raw"}],"autores-libros":[{"ID":423503,"post_author":"3","post_date":"2023-05-16 07:41:22","post_date_gmt":"2023-05-16 05:41:22","post_content":"","post_title":"INNOVANT","post_excerpt":"","post_status":"publish","comment_status":"closed","ping_status":"closed","post_password":"","post_name":"innovant","to_ping":"","pinged":"","post_modified":"2023-05-16 07:41:22","post_modified_gmt":"2023-05-16 05:41:22","post_content_filtered":"","post_parent":0,"guid":"https:\/\/www.claret.cat\/autor\/innovant\/","menu_order":0,"post_type":"autor","post_mime_type":"","comment_count":"0","filter":"raw"}]},"aioseo_notices":[],"_links":{"self":[{"href":"https:\/\/www.claret.cat\/es\/wp-json\/wp\/v2\/product\/250425","targetHints":{"allow":["GET"]}}],"collection":[{"href":"https:\/\/www.claret.cat\/es\/wp-json\/wp\/v2\/product"}],"about":[{"href":"https:\/\/www.claret.cat\/es\/wp-json\/wp\/v2\/types\/product"}],"wp:featuredmedia":[{"embeddable":true,"href":"https:\/\/www.claret.cat\/es\/wp-json\/wp\/v2\/media\/250426"}],"wp:attachment":[{"href":"https:\/\/www.claret.cat\/es\/wp-json\/wp\/v2\/media?parent=250425"}],"wp:term":[{"taxonomy":"product_brand","embeddable":true,"href":"https:\/\/www.claret.cat\/es\/wp-json\/wp\/v2\/product_brand?post=250425"},{"taxonomy":"product_cat","embeddable":true,"href":"https:\/\/www.claret.cat\/es\/wp-json\/wp\/v2\/product_cat?post=250425"},{"taxonomy":"product_tag","embeddable":true,"href":"https:\/\/www.claret.cat\/es\/wp-json\/wp\/v2\/product_tag?post=250425"}],"curies":[{"name":"wp","href":"https:\/\/api.w.org\/{rel}","templated":true}]}}