{"id":250482,"date":"2022-10-21T09:11:16","date_gmt":"2022-10-21T07:11:16","guid":{"rendered":"http:\/\/dev.claret.cat\/producte\/mi-pequena-selva\/"},"modified":"2023-01-28T01:48:03","modified_gmt":"2023-01-28T00:48:03","slug":"mi-pequena-selva-9788494273384","status":"publish","type":"product","link":"https:\/\/www.claret.cat\/es\/libro\/mi-pequena-selva-9788494273384\/","title":{"rendered":"MI PEQUE\u00d1A SELVA"},"content":{"rendered":"<p>Katrin Wiehle ha explorado el h\u00e1bitat natural del bosque, del  jard\u00edn y del estanque y ahora ha despertado la pasi\u00f3n por los viajes. &#8216;Mi peque\u00f1a selva&#8217; es un nuevo libro de la Naturaleza, 100% natural  por su concepto, por lo que cuenta y por los materiales empleados.<br \/>  Cada ni\u00f1o sabe que los animales ex\u00f3ticos del zool\u00f3gico proceden de la selva lejana, donde hay altos \u00e1rboles, enredaderas densas y criaturas misteriosas. Con tonos c\u00e1lidos, l\u00edneas limpias y los personajes m\u00e1s amables, la autora de &#8216;Mi peque\u00f1o bosque&#8217;,  nos deja una inimitable estampa de la selva. <br \/> De la mano del mono, el papagayo y el jaguar, invita a los m\u00e1s peque\u00f1os a conocer la selva, trepar a altos \u00e1rboles y encontrar animales salvajes que viven en ella, y a buscar deliciosas frutas, despertando el inter\u00e9s y la curiosidad de los m\u00e1s j\u00f3venes por el medio ambiente.<\/p>\n","protected":false},"excerpt":{"rendered":"<p>WIEHLE, KATRIN<\/p>\n","protected":false},"featured_media":250483,"template":"","meta":{"_acf_changed":false,"om_disable_all_campaigns":false,"rs_blank_template":"","rs_page_bg_color":"","slide_template_v7":"","inline_featured_image":false,"_monsterinsights_skip_tracking":false,"_monsterinsights_sitenote_active":false,"_monsterinsights_sitenote_note":"","_monsterinsights_sitenote_category":0},"product_brand":[],"product_cat":[86],"product_tag":[],"class_list":{"0":"post-250482","1":"product","2":"type-product","3":"status-publish","4":"has-post-thumbnail","6":"product_cat-infantil","8":"first","9":"instock","10":"taxable","11":"shipping-taxable","12":"purchasable","13":"product-type-simple"},"acf":{"autor":"WIEHLE, KATRIN","codart":"849427338","libros-coleccion":"","ediciones":"1","encuadernacion":"Carton\u00e9","fecha_de_publicacion":"01\/08\/2015","novedad":"0","paginas":"12","subtitulo":"","orden":"999","portada":"0","idioma":"spa","editorial":[{"ID":148459,"post_author":"3","post_date":"2022-10-14 11:58:24","post_date_gmt":"2022-10-14 09:58:24","post_content":"","post_title":"LOGUEZ EDICIONES","post_excerpt":"","post_status":"publish","comment_status":"closed","ping_status":"closed","post_password":"","post_name":"loguez-ediciones","to_ping":"","pinged":"","post_modified":"2022-10-14 11:58:24","post_modified_gmt":"2022-10-14 09:58:24","post_content_filtered":"","post_parent":0,"guid":"http:\/\/dev.claret.cat\/editorial\/loguez-ediciones\/","menu_order":0,"post_type":"editorial","post_mime_type":"","comment_count":"0","filter":"raw"}],"autores-libros":[{"ID":161562,"post_author":"3","post_date":"2022-10-14 17:19:12","post_date_gmt":"2022-10-14 15:19:12","post_content":"","post_title":"KATRIN WIEHLE","post_excerpt":"","post_status":"publish","comment_status":"closed","ping_status":"closed","post_password":"","post_name":"katrin-wiehle","to_ping":"","pinged":"","post_modified":"2022-10-14 17:19:12","post_modified_gmt":"2022-10-14 15:19:12","post_content_filtered":"","post_parent":0,"guid":"http:\/\/dev.claret.cat\/autor\/katrin-wiehle\/","menu_order":0,"post_type":"autor","post_mime_type":"","comment_count":"0","filter":"raw"}]},"aioseo_notices":[],"_links":{"self":[{"href":"https:\/\/www.claret.cat\/es\/wp-json\/wp\/v2\/product\/250482","targetHints":{"allow":["GET"]}}],"collection":[{"href":"https:\/\/www.claret.cat\/es\/wp-json\/wp\/v2\/product"}],"about":[{"href":"https:\/\/www.claret.cat\/es\/wp-json\/wp\/v2\/types\/product"}],"wp:featuredmedia":[{"embeddable":true,"href":"https:\/\/www.claret.cat\/es\/wp-json\/wp\/v2\/media\/250483"}],"wp:attachment":[{"href":"https:\/\/www.claret.cat\/es\/wp-json\/wp\/v2\/media?parent=250482"}],"wp:term":[{"taxonomy":"product_brand","embeddable":true,"href":"https:\/\/www.claret.cat\/es\/wp-json\/wp\/v2\/product_brand?post=250482"},{"taxonomy":"product_cat","embeddable":true,"href":"https:\/\/www.claret.cat\/es\/wp-json\/wp\/v2\/product_cat?post=250482"},{"taxonomy":"product_tag","embeddable":true,"href":"https:\/\/www.claret.cat\/es\/wp-json\/wp\/v2\/product_tag?post=250482"}],"curies":[{"name":"wp","href":"https:\/\/api.w.org\/{rel}","templated":true}]}}