{"id":250530,"date":"2022-10-21T09:12:43","date_gmt":"2022-10-21T07:12:43","guid":{"rendered":"http:\/\/dev.claret.cat\/producte\/nou-testament-bci-escolar\/"},"modified":"2026-04-23T10:51:18","modified_gmt":"2026-04-23T08:51:18","slug":"nou-testament-bci-escolar-9788498469271","status":"publish","type":"product","link":"https:\/\/www.claret.cat\/es\/libro\/nou-testament-bci-escolar-9788498469271\/","title":{"rendered":"NOU TESTAMENT BCI &#8211;  ESCOLAR"},"content":{"rendered":"<p>Publicada per primer cop al 1993, la B\u00edblia Catalana Interconfessional (BCI) va esdevenir ben aviat la B\u00edblia de refer\u00e8ncia en llengua catalana. Durant aquests anys ha conegut onze edicions, amb un total de m\u00e9s de cent mil exemplars, als quals es poden sumar les cinc edicions i vint-i-cinc mil exemplars en la versi\u00f3 de butxaca, les tretze edicions i cent deu mil exemplars del Nou Testament que es publica separadament, aix\u00ed com altres edicions de luxe, en format gran, en CD-Rom, etc.<br \/>Aquesta nova edici\u00f3 del Nou Testament de la BCI, que es publica als vint-i-cinc anys de l\u2019inici dels treballs de la BCI, s\u2019ha revisat en profunditat per tal de mantenir-la vigent i ajustada a les investigacions m\u00e9s recents.<br \/>El text que es presenta, planer i expressiu, respon alhora a la necessitat de tenir un text b\u00edblic com\u00fa a totes les confessions cristianes, fidel als escrits originals i que sigui comprensible per tots aquells lectors d\u2019avui que tenen com a pr\u00f2pia la llengua catalana.<\/p>\n","protected":false},"excerpt":{"rendered":"<p>CLARET (BCI)<\/p>\n","protected":false},"featured_media":1063097,"template":"","meta":{"_acf_changed":false,"om_disable_all_campaigns":false,"rs_blank_template":"","rs_page_bg_color":"","slide_template_v7":"","inline_featured_image":false,"_monsterinsights_skip_tracking":false,"_monsterinsights_sitenote_active":false,"_monsterinsights_sitenote_note":"","_monsterinsights_sitenote_category":0},"product_brand":[],"product_cat":[75,341,581],"product_tag":[],"class_list":{"0":"post-250530","1":"product","2":"type-product","3":"status-publish","4":"has-post-thumbnail","6":"product_cat-biblia","7":"product_cat-biblia-es","8":"product_cat-editorial-claret","10":"first","11":"instock","12":"taxable","13":"shipping-taxable","14":"purchasable","15":"product-type-simple"},"acf":{"autor":"CLARET (BCI)","codart":"849846927","libros-coleccion":"","ediciones":"1","encuadernacion":"R\u00fastica","fecha_de_publicacion":"17\/07\/2015","novedad":"0","paginas":"575","subtitulo":"","orden":"999","portada":"0","idioma":"cat","editorial":[{"ID":6158,"post_author":"3","post_date":"2022-07-28 17:46:08","post_date_gmt":"2022-07-28 15:46:08","post_content":"","post_title":"CLARET","post_excerpt":"","post_status":"publish","comment_status":"closed","ping_status":"closed","post_password":"","post_name":"claret","to_ping":"","pinged":"","post_modified":"2022-07-28 17:46:08","post_modified_gmt":"2022-07-28 15:46:08","post_content_filtered":"","post_parent":0,"guid":"http:\/\/dev.claret.cat\/editorial\/claret\/","menu_order":0,"post_type":"editorial","post_mime_type":"","comment_count":"0","filter":"raw"}],"autores-libros":[{"ID":5359,"post_author":"3","post_date":"2022-07-28 17:22:17","post_date_gmt":"2022-07-28 15:22:17","post_content":"","post_title":"CLARET (BCI)","post_excerpt":"","post_status":"publish","comment_status":"closed","ping_status":"closed","post_password":"","post_name":"claret-bci","to_ping":"","pinged":"","post_modified":"2022-07-28 17:22:17","post_modified_gmt":"2022-07-28 15:22:17","post_content_filtered":"","post_parent":0,"guid":"http:\/\/dev.claret.cat\/autor\/claret-bci\/","menu_order":0,"post_type":"autor","post_mime_type":"","comment_count":"0","filter":"raw"}],"booktrailer":"","resenas":""},"aioseo_notices":[],"_links":{"self":[{"href":"https:\/\/www.claret.cat\/es\/wp-json\/wp\/v2\/product\/250530","targetHints":{"allow":["GET"]}}],"collection":[{"href":"https:\/\/www.claret.cat\/es\/wp-json\/wp\/v2\/product"}],"about":[{"href":"https:\/\/www.claret.cat\/es\/wp-json\/wp\/v2\/types\/product"}],"wp:featuredmedia":[{"embeddable":true,"href":"https:\/\/www.claret.cat\/es\/wp-json\/wp\/v2\/media\/1063097"}],"wp:attachment":[{"href":"https:\/\/www.claret.cat\/es\/wp-json\/wp\/v2\/media?parent=250530"}],"wp:term":[{"taxonomy":"product_brand","embeddable":true,"href":"https:\/\/www.claret.cat\/es\/wp-json\/wp\/v2\/product_brand?post=250530"},{"taxonomy":"product_cat","embeddable":true,"href":"https:\/\/www.claret.cat\/es\/wp-json\/wp\/v2\/product_cat?post=250530"},{"taxonomy":"product_tag","embeddable":true,"href":"https:\/\/www.claret.cat\/es\/wp-json\/wp\/v2\/product_tag?post=250530"}],"curies":[{"name":"wp","href":"https:\/\/api.w.org\/{rel}","templated":true}]}}