{"id":25074,"date":"2022-10-02T10:25:43","date_gmt":"2022-10-02T08:25:43","guid":{"rendered":"http:\/\/dev.claret.cat\/producte\/laltra-guerra-de-successio\/"},"modified":"2023-01-28T03:48:10","modified_gmt":"2023-01-28T02:48:10","slug":"laltra-guerra-de-successio-9788490979587","status":"publish","type":"product","link":"https:\/\/www.claret.cat\/es\/libro\/laltra-guerra-de-successio-9788490979587\/","title":{"rendered":"L&#8217;ALTRA GUERRA DE SUCCESSI\u00d3"},"content":{"rendered":"<p>&#8216;Si el comunista Lev Trotski va teoritzar la \u201cRevoluci\u00f3 Permanent\u201d i el periodista i assessor nord-americ\u00e0 Sidney Blumenthal va inspirar-s&#8221;hi per parir el concepte de \u201cCampanya Permanent\u201d, a Catalunya, l&#8221;independentisme pol\u00edtic ha passat tot aix\u00f2 per la batedora, per fer-ne una versi\u00f3 de butxaca: la \u201cCompetici\u00f3 Permanent\u201d que fa d\u00e8cades que enfronta el m\u00f3n convergent i el m\u00f3n republic\u00e0 d&#8221;ERC. I tot a l&#8221;espera i coent un<br \/> desenlla\u00e7 (via eleccions al Parlament) que ser\u00e0 m\u00e9s que aix\u00f2 i que decantar\u00e0 la lluita per l&#8221;hegemonia independentista que, no ens enganyem, \u00e9s una guerra aferrissada per l&#8221;hegemonia del mapa pol\u00edtic catal\u00e0 en conjunt.<br \/> Per\u00f2, a pams: primer la lluita \u00e9s pel lideratge. Ara la batalla \u00e9s per quedar primer en el camp independentista. I aquest desenlla\u00e7 decantar\u00e0 la guerra de fons: la de l&#8221;hegemonia de l&#8221;independentisme.<br \/> L&#8221;enfrontament fratricida que fa tant que protagonitzen convergents (post o no) i republicans ha impregnat tota la pol\u00edtica catalana i molt d&#8221;all\u00f2 que l&#8221;ha descrit durants aquestes dues cr\u00edtiques d\u00e8cades de segle XXI que ara comencem a deixar enrere. Potser seria hora que el sobiranisme pol\u00edtic tamb\u00e9 super\u00e8s aquesta era de l&#8221;enfrontament, com a m\u00ednim en els termes crispats que l&#8221;hem conegut. I aix\u00f2 reclama d&#8221;un desenlla\u00e7 que marqui un abans i un despr\u00e9s clar.&#8217;<\/p>\n","protected":false},"excerpt":{"rendered":"<p>AIRA FOIX, TONI<\/p>\n","protected":false},"featured_media":66316,"template":"","meta":{"_acf_changed":false,"om_disable_all_campaigns":false,"rs_blank_template":"","rs_page_bg_color":"","slide_template_v7":"","inline_featured_image":false,"_monsterinsights_skip_tracking":false,"_monsterinsights_sitenote_active":false,"_monsterinsights_sitenote_note":"","_monsterinsights_sitenote_category":0},"product_brand":[],"product_cat":[153],"product_tag":[],"class_list":{"0":"post-25074","1":"product","2":"type-product","3":"status-publish","4":"has-post-thumbnail","6":"product_cat-catalunya","8":"first","9":"instock","10":"taxable","11":"shipping-taxable","12":"purchasable","13":"product-type-simple"},"acf":{"autor":"AIRA FOIX, TONI","codart":"849097958","libros-coleccion":"Mayor","ediciones":"1","encuadernacion":"R\u00fastica","fecha_de_publicacion":"01\/03\/2020","novedad":"1","paginas":"128","subtitulo":"L'HEGEMONIA M\u00c9S DISPUTADA","orden":"0","portada":"0","idioma":"cat","editorial":[{"ID":6287,"post_author":"3","post_date":"2022-07-28 17:48:57","post_date_gmt":"2022-07-28 15:48:57","post_content":"","post_title":"LIBROS DE LA CATARATA","post_excerpt":"","post_status":"publish","comment_status":"closed","ping_status":"closed","post_password":"","post_name":"libros-de-la-catarata","to_ping":"","pinged":"","post_modified":"2022-07-28 17:48:57","post_modified_gmt":"2022-07-28 15:48:57","post_content_filtered":"","post_parent":0,"guid":"http:\/\/dev.claret.cat\/editorial\/libros-de-la-catarata\/","menu_order":0,"post_type":"editorial","post_mime_type":"","comment_count":"0","filter":"raw"}],"autores-libros":[{"ID":170531,"post_author":"3","post_date":"2022-10-14 22:36:06","post_date_gmt":"2022-10-14 20:36:06","post_content":"","post_title":"TONI AIRA FOIX","post_excerpt":"","post_status":"publish","comment_status":"closed","ping_status":"closed","post_password":"","post_name":"toni-aira-foix","to_ping":"","pinged":"","post_modified":"2022-10-14 22:36:06","post_modified_gmt":"2022-10-14 20:36:06","post_content_filtered":"","post_parent":0,"guid":"http:\/\/dev.claret.cat\/autor\/toni-aira-foix\/","menu_order":0,"post_type":"autor","post_mime_type":"","comment_count":"0","filter":"raw"}]},"aioseo_notices":[],"_links":{"self":[{"href":"https:\/\/www.claret.cat\/es\/wp-json\/wp\/v2\/product\/25074","targetHints":{"allow":["GET"]}}],"collection":[{"href":"https:\/\/www.claret.cat\/es\/wp-json\/wp\/v2\/product"}],"about":[{"href":"https:\/\/www.claret.cat\/es\/wp-json\/wp\/v2\/types\/product"}],"wp:featuredmedia":[{"embeddable":true,"href":"https:\/\/www.claret.cat\/es\/wp-json\/wp\/v2\/media\/66316"}],"wp:attachment":[{"href":"https:\/\/www.claret.cat\/es\/wp-json\/wp\/v2\/media?parent=25074"}],"wp:term":[{"taxonomy":"product_brand","embeddable":true,"href":"https:\/\/www.claret.cat\/es\/wp-json\/wp\/v2\/product_brand?post=25074"},{"taxonomy":"product_cat","embeddable":true,"href":"https:\/\/www.claret.cat\/es\/wp-json\/wp\/v2\/product_cat?post=25074"},{"taxonomy":"product_tag","embeddable":true,"href":"https:\/\/www.claret.cat\/es\/wp-json\/wp\/v2\/product_tag?post=25074"}],"curies":[{"name":"wp","href":"https:\/\/api.w.org\/{rel}","templated":true}]}}