{"id":250758,"date":"2022-10-21T09:19:26","date_gmt":"2022-10-21T07:19:26","guid":{"rendered":"http:\/\/dev.claret.cat\/producte\/budapest-5-spa\/"},"modified":"2023-01-28T13:13:26","modified_gmt":"2023-01-28T12:13:26","slug":"budapest-5-spa-9788408140108","status":"publish","type":"product","link":"https:\/\/www.claret.cat\/es\/libro\/budapest-5-spa-9788408140108\/","title":{"rendered":"BUDAPEST 5 (SPA)"},"content":{"rendered":"<p>Enclavada a ambas orillas del r\u00edo Danubio, con las colinas de Buda al oeste y la Gran Llanura al este, Budapest es una joya de ciudad donde a\u00fan se ven los impactos de la II Guerra Mundial.\u00a0Incluye:.Experiencias y fotograf\u00edas sugerentes, los lugares imprescindibles y toda la informaci\u00f3n de primera mano..Herramientas para planear la visita e itinerarios para organizar el viaje ideal..Informaci\u00f3n detallada sobre ba\u00f1os termales y piscinas, mercados, arquitectura art nouveau y oferta enol\u00f3gica..Mapa desplegable para llevar la ciudad en el bolsillo..Comprende: Distrito del Castillo, Colina de Gell\u00e9rt y Tab\u00e1n, \u00d3buda y colinas de Buda, Belv\u00e1ros, Parlamento y alrededores, Isla Margarita y norte de Pest, Erzs\u00e9betv\u00e1ros y barrio jud\u00edo, Sur de Pest, Parque de la Ciudad y m\u00e1s all\u00e1 y excursiones desde Budapest.<\/p>\n","protected":false},"excerpt":{"rendered":"<p>FALLON, STEVE \/ SCHAFER, SALLY<\/p>\n","protected":false},"featured_media":250759,"template":"","meta":{"_acf_changed":false,"om_disable_all_campaigns":false,"rs_blank_template":"","rs_page_bg_color":"","slide_template_v7":"","inline_featured_image":false,"_monsterinsights_skip_tracking":false,"_monsterinsights_sitenote_active":false,"_monsterinsights_sitenote_note":"","_monsterinsights_sitenote_category":0},"product_brand":[],"product_cat":[107],"product_tag":[],"class_list":{"0":"post-250758","1":"product","2":"type-product","3":"status-publish","4":"has-post-thumbnail","6":"product_cat-guies-de-viatge","8":"first","9":"instock","10":"taxable","11":"shipping-taxable","12":"purchasable","13":"product-type-simple"},"acf":{"autor":"FALLON, STEVE \/ SCHAFER, SALLY","codart":"840814010","libros-coleccion":"","ediciones":"1","encuadernacion":"R\u00fastica","fecha_de_publicacion":"01\/07\/2015","novedad":"0","paginas":"264","subtitulo":"","orden":"999","portada":"0","idioma":"spa","editorial":[{"ID":8244,"post_author":"3","post_date":"2022-09-30 09:21:26","post_date_gmt":"2022-09-30 07:21:26","post_content":"","post_title":"GEOPLANETA EDITORIAL","post_excerpt":"","post_status":"publish","comment_status":"closed","ping_status":"closed","post_password":"","post_name":"geoplaneta-editorial","to_ping":"","pinged":"","post_modified":"2022-09-30 09:21:26","post_modified_gmt":"2022-09-30 07:21:26","post_content_filtered":"","post_parent":0,"guid":"http:\/\/dev.claret.cat\/editorial\/geoplaneta-editorial\/","menu_order":0,"post_type":"editorial","post_mime_type":"","comment_count":"0","filter":"raw"}],"autores-libros":[{"ID":169847,"post_author":"3","post_date":"2022-10-14 22:30:30","post_date_gmt":"2022-10-14 20:30:30","post_content":"","post_title":"STEVE FALLON","post_excerpt":"","post_status":"publish","comment_status":"closed","ping_status":"closed","post_password":"","post_name":"steve-fallon","to_ping":"","pinged":"","post_modified":"2022-10-14 22:30:30","post_modified_gmt":"2022-10-14 20:30:30","post_content_filtered":"","post_parent":0,"guid":"http:\/\/dev.claret.cat\/autor\/steve-fallon\/","menu_order":0,"post_type":"autor","post_mime_type":"","comment_count":"0","filter":"raw"}]},"aioseo_notices":[],"_links":{"self":[{"href":"https:\/\/www.claret.cat\/es\/wp-json\/wp\/v2\/product\/250758","targetHints":{"allow":["GET"]}}],"collection":[{"href":"https:\/\/www.claret.cat\/es\/wp-json\/wp\/v2\/product"}],"about":[{"href":"https:\/\/www.claret.cat\/es\/wp-json\/wp\/v2\/types\/product"}],"wp:featuredmedia":[{"embeddable":true,"href":"https:\/\/www.claret.cat\/es\/wp-json\/wp\/v2\/media\/250759"}],"wp:attachment":[{"href":"https:\/\/www.claret.cat\/es\/wp-json\/wp\/v2\/media?parent=250758"}],"wp:term":[{"taxonomy":"product_brand","embeddable":true,"href":"https:\/\/www.claret.cat\/es\/wp-json\/wp\/v2\/product_brand?post=250758"},{"taxonomy":"product_cat","embeddable":true,"href":"https:\/\/www.claret.cat\/es\/wp-json\/wp\/v2\/product_cat?post=250758"},{"taxonomy":"product_tag","embeddable":true,"href":"https:\/\/www.claret.cat\/es\/wp-json\/wp\/v2\/product_tag?post=250758"}],"curies":[{"name":"wp","href":"https:\/\/api.w.org\/{rel}","templated":true}]}}