{"id":250809,"date":"2022-10-21T09:20:57","date_gmt":"2022-10-21T07:20:57","guid":{"rendered":"http:\/\/dev.claret.cat\/producte\/50-singulars-de-la-festa-per-pintar\/"},"modified":"2024-05-03T10:57:50","modified_gmt":"2024-05-03T08:57:50","slug":"50-singulars-de-la-festa-per-pintar-9788492745494","status":"publish","type":"product","link":"https:\/\/www.claret.cat\/es\/libro\/50-singulars-de-la-festa-per-pintar-9788492745494\/","title":{"rendered":"50 SINGULARS DE LA FESTA PER PINTAR"},"content":{"rendered":"<p>Benvinguts als Singulars de la Festa, una selecci\u00f3 explosiva, original i prou representativa d&#8221;unes quantes figures singulars de les festes populars del pa\u00eds. A aquesta petita guia hi trobareu serps amb cap de llop, cabres embogides per la<br \/> llibertat, fades que cavalquen gripaus, cuques feres de la Nit de Sant Joan, pollastres esfere\u00efdors que s&#8221;han escapat del corral, dracs femella, un cal\u00e7ot ben dret i estirat que es nega a acabar a la graella, porrons que ballen,&#8230; Unes b\u00e8sties, uns personatges i unes figures que entren de ple en el m\u00f3n de la imaginaci\u00f3 sense l\u00edmits!<\/p>\n","protected":false},"excerpt":{"rendered":"<p>JUANOLO<\/p>\n","protected":false},"featured_media":250810,"template":"","meta":{"_acf_changed":false,"om_disable_all_campaigns":false,"rs_blank_template":"","rs_page_bg_color":"","slide_template_v7":"","inline_featured_image":false,"_monsterinsights_skip_tracking":false,"_monsterinsights_sitenote_active":false,"_monsterinsights_sitenote_note":"","_monsterinsights_sitenote_category":0},"product_brand":[],"product_cat":[90,540],"product_tag":[],"class_list":{"0":"post-250809","1":"product","2":"type-product","3":"status-publish","4":"has-post-thumbnail","6":"product_cat-altres","7":"product_cat-otros","9":"first","10":"instock","11":"taxable","12":"shipping-taxable","13":"purchasable","14":"product-type-simple"},"acf":{"autor":"JUANOLO","codart":"849274549","libros-coleccion":"","ediciones":"1","encuadernacion":"Grapado","fecha_de_publicacion":"01\/07\/2015","novedad":"0","paginas":"24","subtitulo":"","orden":"999","portada":"0","idioma":"cat","editorial":[{"ID":148063,"post_author":"3","post_date":"2022-10-14 11:55:21","post_date_gmt":"2022-10-14 09:55:21","post_content":"","post_title":"EL CEP I LA NANSA EDICIONS","post_excerpt":"","post_status":"publish","comment_status":"closed","ping_status":"closed","post_password":"","post_name":"el-cep-i-la-nansa-edicions","to_ping":"","pinged":"","post_modified":"2022-10-14 11:55:21","post_modified_gmt":"2022-10-14 09:55:21","post_content_filtered":"","post_parent":0,"guid":"http:\/\/dev.claret.cat\/editorial\/el-cep-i-la-nansa-edicions\/","menu_order":0,"post_type":"editorial","post_mime_type":"","comment_count":"0","filter":"raw"}],"autores-libros":[{"ID":161197,"post_author":"3","post_date":"2022-10-14 17:16:16","post_date_gmt":"2022-10-14 15:16:16","post_content":"","post_title":"JUANOLO","post_excerpt":"","post_status":"publish","comment_status":"closed","ping_status":"closed","post_password":"","post_name":"juanolo","to_ping":"","pinged":"","post_modified":"2022-10-14 17:16:16","post_modified_gmt":"2022-10-14 15:16:16","post_content_filtered":"","post_parent":0,"guid":"http:\/\/dev.claret.cat\/autor\/juanolo\/","menu_order":0,"post_type":"autor","post_mime_type":"","comment_count":"0","filter":"raw"}]},"aioseo_notices":[],"_links":{"self":[{"href":"https:\/\/www.claret.cat\/es\/wp-json\/wp\/v2\/product\/250809","targetHints":{"allow":["GET"]}}],"collection":[{"href":"https:\/\/www.claret.cat\/es\/wp-json\/wp\/v2\/product"}],"about":[{"href":"https:\/\/www.claret.cat\/es\/wp-json\/wp\/v2\/types\/product"}],"wp:featuredmedia":[{"embeddable":true,"href":"https:\/\/www.claret.cat\/es\/wp-json\/wp\/v2\/media\/250810"}],"wp:attachment":[{"href":"https:\/\/www.claret.cat\/es\/wp-json\/wp\/v2\/media?parent=250809"}],"wp:term":[{"taxonomy":"product_brand","embeddable":true,"href":"https:\/\/www.claret.cat\/es\/wp-json\/wp\/v2\/product_brand?post=250809"},{"taxonomy":"product_cat","embeddable":true,"href":"https:\/\/www.claret.cat\/es\/wp-json\/wp\/v2\/product_cat?post=250809"},{"taxonomy":"product_tag","embeddable":true,"href":"https:\/\/www.claret.cat\/es\/wp-json\/wp\/v2\/product_tag?post=250809"}],"curies":[{"name":"wp","href":"https:\/\/api.w.org\/{rel}","templated":true}]}}