{"id":250898,"date":"2022-10-21T09:23:31","date_gmt":"2022-10-21T07:23:31","guid":{"rendered":"http:\/\/dev.claret.cat\/producte\/star-wars-no-04\/"},"modified":"2023-01-28T06:30:57","modified_gmt":"2023-01-28T05:30:57","slug":"star-wars-no-04-9788416308330","status":"publish","type":"product","link":"https:\/\/www.claret.cat\/es\/libro\/star-wars-no-04-9788416308330\/","title":{"rendered":"STAR WARS N\u00ba 04"},"content":{"rendered":"<p>La aventura espacial m\u00e1s grande de todos los tiempos regresa a Marvel. Luke Skywalker \u00a0y la variada banda de rebeldes que lucha contra el Imperio acaban de salir de su mayor victoria hasta la fecha (la destrucci\u00f3n de la estaci\u00f3n estelar conocida como La Estrella de la Muerte). Pero el Imperio a\u00fan no ha sido derrocado. Luke, Leia, Han Solo, Chewbacca, \u00a0C-3PO, R2-D2 y el resto de la Alianza Rebelde siguen luchando por la libertad contra las fuerzas oscuras de Darth Vader y su amo, el Emperador.\u00a0De Jason Aaron y John Cassaday. Ambos autores, conocidos por series de grupos en Marvel como Lobezno y la Patrulla-X, Astonishing X-Men o Imposibles Vengadores.\u00a0T\u00edtulo original: Star Wars 3<\/p>\n","protected":false},"excerpt":{"rendered":"<p>AARON, JASON<\/p>\n","protected":false},"featured_media":250899,"template":"","meta":{"_acf_changed":false,"om_disable_all_campaigns":false,"rs_blank_template":"","rs_page_bg_color":"","slide_template_v7":"","inline_featured_image":false,"_monsterinsights_skip_tracking":false,"_monsterinsights_sitenote_active":false,"_monsterinsights_sitenote_note":"","_monsterinsights_sitenote_category":0},"product_brand":[],"product_cat":[86],"product_tag":[],"class_list":{"0":"post-250898","1":"product","2":"type-product","3":"status-publish","4":"has-post-thumbnail","6":"product_cat-infantil","8":"first","9":"instock","10":"taxable","11":"shipping-taxable","12":"purchasable","13":"product-type-simple"},"acf":{"autor":"AARON, JASON","codart":"841630833","libros-coleccion":"","ediciones":"1","encuadernacion":"Carpeta","fecha_de_publicacion":"01\/07\/2015","novedad":"0","paginas":"0","subtitulo":"","orden":"999","portada":"0","idioma":"spa","editorial":[{"ID":6330,"post_author":"3","post_date":"2022-07-28 17:49:52","post_date_gmt":"2022-07-28 15:49:52","post_content":"","post_title":"PLANETA EDITORIAL","post_excerpt":"","post_status":"publish","comment_status":"closed","ping_status":"closed","post_password":"","post_name":"planeta-editorial","to_ping":"","pinged":"","post_modified":"2022-07-28 17:49:52","post_modified_gmt":"2022-07-28 15:49:52","post_content_filtered":"","post_parent":0,"guid":"http:\/\/dev.claret.cat\/editorial\/planeta-editorial\/","menu_order":0,"post_type":"editorial","post_mime_type":"","comment_count":"0","filter":"raw"}],"autores-libros":[{"ID":158534,"post_author":"3","post_date":"2022-10-14 15:37:37","post_date_gmt":"2022-10-14 13:37:37","post_content":"","post_title":"JASON AARON","post_excerpt":"","post_status":"publish","comment_status":"closed","ping_status":"closed","post_password":"","post_name":"jason-aaron","to_ping":"","pinged":"","post_modified":"2022-10-14 15:37:37","post_modified_gmt":"2022-10-14 13:37:37","post_content_filtered":"","post_parent":0,"guid":"http:\/\/dev.claret.cat\/autor\/jason-aaron\/","menu_order":0,"post_type":"autor","post_mime_type":"","comment_count":"0","filter":"raw"}]},"aioseo_notices":[],"_links":{"self":[{"href":"https:\/\/www.claret.cat\/es\/wp-json\/wp\/v2\/product\/250898","targetHints":{"allow":["GET"]}}],"collection":[{"href":"https:\/\/www.claret.cat\/es\/wp-json\/wp\/v2\/product"}],"about":[{"href":"https:\/\/www.claret.cat\/es\/wp-json\/wp\/v2\/types\/product"}],"wp:featuredmedia":[{"embeddable":true,"href":"https:\/\/www.claret.cat\/es\/wp-json\/wp\/v2\/media\/250899"}],"wp:attachment":[{"href":"https:\/\/www.claret.cat\/es\/wp-json\/wp\/v2\/media?parent=250898"}],"wp:term":[{"taxonomy":"product_brand","embeddable":true,"href":"https:\/\/www.claret.cat\/es\/wp-json\/wp\/v2\/product_brand?post=250898"},{"taxonomy":"product_cat","embeddable":true,"href":"https:\/\/www.claret.cat\/es\/wp-json\/wp\/v2\/product_cat?post=250898"},{"taxonomy":"product_tag","embeddable":true,"href":"https:\/\/www.claret.cat\/es\/wp-json\/wp\/v2\/product_tag?post=250898"}],"curies":[{"name":"wp","href":"https:\/\/api.w.org\/{rel}","templated":true}]}}