{"id":250910,"date":"2022-10-21T09:23:51","date_gmt":"2022-10-21T07:23:51","guid":{"rendered":"http:\/\/dev.claret.cat\/producte\/el-refugi-den-demba\/"},"modified":"2023-01-28T12:16:10","modified_gmt":"2023-01-28T11:16:10","slug":"el-refugi-den-demba-9788416033706","status":"publish","type":"product","link":"https:\/\/www.claret.cat\/es\/libro\/el-refugi-den-demba-9788416033706\/","title":{"rendered":"EL REFUGI D&#8217;EN DEMBA"},"content":{"rendered":"<p>En Demba i la Fatou han constru\u00eft el millor refugi del poblat. Per\u00f2, un dia, una tempesta inesperada acabar\u00e0 fent miques les seves il\u00b7lusions&#8230; Amb l&#8221;ajuda d&#8221;uns companys molt especials, descobriran que el millor refugi encara est\u00e0 per fer. <\/p>\n<p> I que hi ha lloc per a tots els seus amics!<\/p>\n","protected":false},"excerpt":{"rendered":"<p>G\u00d3MEZ, LAURA<\/p>\n","protected":false},"featured_media":277483,"template":"","meta":{"_acf_changed":false,"om_disable_all_campaigns":false,"rs_blank_template":"","rs_page_bg_color":"","slide_template_v7":"","inline_featured_image":false,"_monsterinsights_skip_tracking":false,"_monsterinsights_sitenote_active":false,"_monsterinsights_sitenote_note":"","_monsterinsights_sitenote_category":0},"product_brand":[],"product_cat":[90,540],"product_tag":[],"class_list":{"0":"post-250910","1":"product","2":"type-product","3":"status-publish","4":"has-post-thumbnail","6":"product_cat-altres","7":"product_cat-otros","9":"first","10":"instock","11":"taxable","12":"shipping-taxable","13":"purchasable","14":"product-type-simple"},"acf":{"autor":"G\u00d3MEZ, LAURA","codart":"841603370","libros-coleccion":"","ediciones":"1","encuadernacion":"Carton\u00e9","fecha_de_publicacion":"01\/07\/2015","novedad":"0","paginas":"50","subtitulo":"","orden":"999","portada":"0","idioma":"cat","editorial":[{"ID":147646,"post_author":"3","post_date":"2022-10-14 11:52:10","post_date_gmt":"2022-10-14 09:52:10","post_content":"","post_title":"COMANEGRA","post_excerpt":"","post_status":"publish","comment_status":"closed","ping_status":"closed","post_password":"","post_name":"comanegra","to_ping":"","pinged":"","post_modified":"2022-10-14 11:52:10","post_modified_gmt":"2022-10-14 09:52:10","post_content_filtered":"","post_parent":0,"guid":"http:\/\/dev.claret.cat\/editorial\/comanegra\/","menu_order":0,"post_type":"editorial","post_mime_type":"","comment_count":"0","filter":"raw"}],"autores-libros":[{"ID":277482,"post_author":"3","post_date":"2022-12-09 08:25:35","post_date_gmt":"2022-12-09 07:25:35","post_content":"","post_title":"LAURA G\u00d3MEZ","post_excerpt":"","post_status":"publish","comment_status":"closed","ping_status":"closed","post_password":"","post_name":"laura-gomez","to_ping":"","pinged":"","post_modified":"2022-12-09 08:25:35","post_modified_gmt":"2022-12-09 07:25:35","post_content_filtered":"","post_parent":0,"guid":"http:\/\/dev.claret.cat\/autor\/laura-gomez\/","menu_order":0,"post_type":"autor","post_mime_type":"","comment_count":"0","filter":"raw"}]},"aioseo_notices":[],"_links":{"self":[{"href":"https:\/\/www.claret.cat\/es\/wp-json\/wp\/v2\/product\/250910","targetHints":{"allow":["GET"]}}],"collection":[{"href":"https:\/\/www.claret.cat\/es\/wp-json\/wp\/v2\/product"}],"about":[{"href":"https:\/\/www.claret.cat\/es\/wp-json\/wp\/v2\/types\/product"}],"wp:featuredmedia":[{"embeddable":true,"href":"https:\/\/www.claret.cat\/es\/wp-json\/wp\/v2\/media\/277483"}],"wp:attachment":[{"href":"https:\/\/www.claret.cat\/es\/wp-json\/wp\/v2\/media?parent=250910"}],"wp:term":[{"taxonomy":"product_brand","embeddable":true,"href":"https:\/\/www.claret.cat\/es\/wp-json\/wp\/v2\/product_brand?post=250910"},{"taxonomy":"product_cat","embeddable":true,"href":"https:\/\/www.claret.cat\/es\/wp-json\/wp\/v2\/product_cat?post=250910"},{"taxonomy":"product_tag","embeddable":true,"href":"https:\/\/www.claret.cat\/es\/wp-json\/wp\/v2\/product_tag?post=250910"}],"curies":[{"name":"wp","href":"https:\/\/api.w.org\/{rel}","templated":true}]}}