{"id":25095,"date":"2022-10-02T10:25:59","date_gmt":"2022-10-02T08:25:59","guid":{"rendered":"http:\/\/dev.claret.cat\/producte\/para-que-servimos-los-fiscales\/"},"modified":"2023-01-28T21:36:29","modified_gmt":"2023-01-28T20:36:29","slug":"para-que-servimos-los-fiscales-9788490979921","status":"publish","type":"product","link":"https:\/\/www.claret.cat\/es\/libro\/para-que-servimos-los-fiscales-9788490979921\/","title":{"rendered":"\u00bfPARA QU\u00c9 SERVIMOS LOS FISCALES?"},"content":{"rendered":"","protected":false},"excerpt":{"rendered":"<p>MENA \u00c1LVAREZ, JOS\u00c9 MAR\u00cdA<\/p>\n","protected":false},"featured_media":66188,"template":"","meta":{"_acf_changed":false,"om_disable_all_campaigns":false,"rs_blank_template":"","rs_page_bg_color":"","slide_template_v7":"","inline_featured_image":false,"_monsterinsights_skip_tracking":false,"_monsterinsights_sitenote_active":false,"_monsterinsights_sitenote_note":"","_monsterinsights_sitenote_category":0},"product_brand":[],"product_cat":[120],"product_tag":[],"class_list":{"0":"post-25095","1":"product","2":"type-product","3":"status-publish","4":"has-post-thumbnail","6":"product_cat-politica","8":"first","9":"instock","10":"taxable","11":"shipping-taxable","12":"purchasable","13":"product-type-simple"},"acf":{"autor":"MENA \u00c1LVAREZ, JOS\u00c9 MAR\u00cdA","codart":"849097992","libros-coleccion":"Mayor","ediciones":"1","encuadernacion":"R\u00fastica","fecha_de_publicacion":"01\/06\/2020","novedad":"1","paginas":"125","subtitulo":"","orden":"0","portada":"0","idioma":"spa","editorial":[{"ID":6287,"post_author":"3","post_date":"2022-07-28 17:48:57","post_date_gmt":"2022-07-28 15:48:57","post_content":"","post_title":"LIBROS DE LA CATARATA","post_excerpt":"","post_status":"publish","comment_status":"closed","ping_status":"closed","post_password":"","post_name":"libros-de-la-catarata","to_ping":"","pinged":"","post_modified":"2022-07-28 17:48:57","post_modified_gmt":"2022-07-28 15:48:57","post_content_filtered":"","post_parent":0,"guid":"http:\/\/dev.claret.cat\/editorial\/libros-de-la-catarata\/","menu_order":0,"post_type":"editorial","post_mime_type":"","comment_count":"0","filter":"raw"}],"autores-libros":[{"ID":160479,"post_author":"3","post_date":"2022-10-14 15:53:24","post_date_gmt":"2022-10-14 13:53:24","post_content":"","post_title":"JOS\u00c9 MAR\u00cdA MENA \u00c1LVAREZ","post_excerpt":"","post_status":"publish","comment_status":"closed","ping_status":"closed","post_password":"","post_name":"jose-maria-mena-alvarez","to_ping":"","pinged":"","post_modified":"2022-10-14 15:53:24","post_modified_gmt":"2022-10-14 13:53:24","post_content_filtered":"","post_parent":0,"guid":"http:\/\/dev.claret.cat\/autor\/jose-maria-mena-alvarez\/","menu_order":0,"post_type":"autor","post_mime_type":"","comment_count":"0","filter":"raw"}]},"aioseo_notices":[],"_links":{"self":[{"href":"https:\/\/www.claret.cat\/es\/wp-json\/wp\/v2\/product\/25095","targetHints":{"allow":["GET"]}}],"collection":[{"href":"https:\/\/www.claret.cat\/es\/wp-json\/wp\/v2\/product"}],"about":[{"href":"https:\/\/www.claret.cat\/es\/wp-json\/wp\/v2\/types\/product"}],"wp:featuredmedia":[{"embeddable":true,"href":"https:\/\/www.claret.cat\/es\/wp-json\/wp\/v2\/media\/66188"}],"wp:attachment":[{"href":"https:\/\/www.claret.cat\/es\/wp-json\/wp\/v2\/media?parent=25095"}],"wp:term":[{"taxonomy":"product_brand","embeddable":true,"href":"https:\/\/www.claret.cat\/es\/wp-json\/wp\/v2\/product_brand?post=25095"},{"taxonomy":"product_cat","embeddable":true,"href":"https:\/\/www.claret.cat\/es\/wp-json\/wp\/v2\/product_cat?post=25095"},{"taxonomy":"product_tag","embeddable":true,"href":"https:\/\/www.claret.cat\/es\/wp-json\/wp\/v2\/product_tag?post=25095"}],"curies":[{"name":"wp","href":"https:\/\/api.w.org\/{rel}","templated":true}]}}