{"id":251068,"date":"2022-10-21T09:29:00","date_gmt":"2022-10-21T07:29:00","guid":{"rendered":"http:\/\/dev.claret.cat\/producte\/jesus-salvacion-y-misericordia-de-dios\/"},"modified":"2024-05-23T05:50:54","modified_gmt":"2024-05-23T03:50:54","slug":"jesus-salvacion-y-misericordia-de-dios-9788490731505","status":"publish","type":"product","link":"https:\/\/www.claret.cat\/es\/libro\/jesus-salvacion-y-misericordia-de-dios-9788490731505\/","title":{"rendered":"JES\u00daS, SALVACI\u00d3N Y MISERICORDIA DE DIOS"},"content":{"rendered":"<p>El evangelio de Lucas ofrece un rostro \u00fanico y entra\u00f1able de Jesucristo. Lo presenta como el Salvador que libera a la humanidad de la enfermedad, del pecado y de la muerte. Su oferta salvadora es cumplimiento de las promesas del Antiguo Testamento y llega en clave de cercan\u00eda y misericordia, especialmente con los m\u00e1s desfavorecidos.<br \/>Jes\u00fas, salvaci\u00f3n y misericordia de Dios nos invita a introducirnos en ese rostro de Jesucristo que ofrece el evangelista Lucas; introducirnos no como meros espectadores, sino como seguidores fascinados que se sienten llamados a hacer un proyecto de vida a partir de la salvaci\u00f3n y la misericordia del Padre revelada en Jes\u00fas.<\/p>\n","protected":false},"excerpt":{"rendered":"<p>VERBO DIVINO<\/p>\n","protected":false},"featured_media":372056,"template":"","meta":{"_acf_changed":false,"om_disable_all_campaigns":false,"rs_blank_template":"","rs_page_bg_color":"","slide_template_v7":"","inline_featured_image":false,"_monsterinsights_skip_tracking":false,"_monsterinsights_sitenote_active":false,"_monsterinsights_sitenote_note":"","_monsterinsights_sitenote_category":0},"product_brand":[],"product_cat":[90,540],"product_tag":[],"class_list":{"0":"post-251068","1":"product","2":"type-product","3":"status-publish","4":"has-post-thumbnail","6":"product_cat-altres","7":"product_cat-otros","9":"first","10":"instock","11":"taxable","12":"shipping-taxable","13":"purchasable","14":"product-type-simple"},"acf":{"autor":"VERBO DIVINO","codart":"849073150","libros-coleccion":"","ediciones":"1","encuadernacion":"R\u00fastica","fecha_de_publicacion":"18\/06\/2015","novedad":"0","paginas":"184","subtitulo":"ENCUENTROS B\u00cdBLICOS DESDE LA LECTIO DIVINA CON EL EVANGELIO DE LUCAS","orden":"999","portada":"0","idioma":"spa","editorial":[{"ID":6390,"post_author":"3","post_date":"2022-07-28 17:51:08","post_date_gmt":"2022-07-28 15:51:08","post_content":"","post_title":"VERBO DIVINO","post_excerpt":"","post_status":"publish","comment_status":"closed","ping_status":"closed","post_password":"","post_name":"verbo-divino","to_ping":"","pinged":"","post_modified":"2022-07-28 17:51:08","post_modified_gmt":"2022-07-28 15:51:08","post_content_filtered":"","post_parent":0,"guid":"http:\/\/dev.claret.cat\/editorial\/verbo-divino\/","menu_order":0,"post_type":"editorial","post_mime_type":"","comment_count":"0","filter":"raw"}],"autores-libros":[{"ID":6074,"post_author":"3","post_date":"2022-07-28 17:37:35","post_date_gmt":"2022-07-28 15:37:35","post_content":"","post_title":"VERBO DIVINO","post_excerpt":"","post_status":"publish","comment_status":"closed","ping_status":"closed","post_password":"","post_name":"verbo-divino","to_ping":"","pinged":"","post_modified":"2022-07-28 17:37:35","post_modified_gmt":"2022-07-28 15:37:35","post_content_filtered":"","post_parent":0,"guid":"http:\/\/dev.claret.cat\/autor\/verbo-divino\/","menu_order":0,"post_type":"autor","post_mime_type":"","comment_count":"0","filter":"raw"}]},"aioseo_notices":[],"_links":{"self":[{"href":"https:\/\/www.claret.cat\/es\/wp-json\/wp\/v2\/product\/251068","targetHints":{"allow":["GET"]}}],"collection":[{"href":"https:\/\/www.claret.cat\/es\/wp-json\/wp\/v2\/product"}],"about":[{"href":"https:\/\/www.claret.cat\/es\/wp-json\/wp\/v2\/types\/product"}],"wp:featuredmedia":[{"embeddable":true,"href":"https:\/\/www.claret.cat\/es\/wp-json\/wp\/v2\/media\/372056"}],"wp:attachment":[{"href":"https:\/\/www.claret.cat\/es\/wp-json\/wp\/v2\/media?parent=251068"}],"wp:term":[{"taxonomy":"product_brand","embeddable":true,"href":"https:\/\/www.claret.cat\/es\/wp-json\/wp\/v2\/product_brand?post=251068"},{"taxonomy":"product_cat","embeddable":true,"href":"https:\/\/www.claret.cat\/es\/wp-json\/wp\/v2\/product_cat?post=251068"},{"taxonomy":"product_tag","embeddable":true,"href":"https:\/\/www.claret.cat\/es\/wp-json\/wp\/v2\/product_tag?post=251068"}],"curies":[{"name":"wp","href":"https:\/\/api.w.org\/{rel}","templated":true}]}}