{"id":251214,"date":"2022-10-21T09:33:25","date_gmt":"2022-10-21T07:33:25","guid":{"rendered":"http:\/\/dev.claret.cat\/producte\/berlin-7\/"},"modified":"2023-01-28T09:25:12","modified_gmt":"2023-01-28T08:25:12","slug":"berlin-7-9788408138945","status":"publish","type":"product","link":"https:\/\/www.claret.cat\/es\/libro\/berlin-7-9788408138945\/","title":{"rendered":"BERL\u00cdN 7"},"content":{"rendered":"<p>Es f\u00e1cil quedar fascinado con Berl\u00edn, ya sea por su incesante actividad cultural, por la arquitectura de vanguardia, la fabulosa comida, el incesante panorama festivo o por el visible papel que la historia tiene en la ciudad. Con ayuda de esta exhaustiva gu\u00eda, el viajero podr\u00e1 sacar el m\u00e1ximo partido a su estancia en una ciudad repleta de est\u00edmulos que no dejar\u00e1 a nadie indiferente.Incluye:Cap\u00edtulo especial sobre el MuroGu\u00eda detallada de los principales puntos de inter\u00e9s de car\u00e1cter hist\u00f3ricoMapas a todo color y mapa desplegableInformaci\u00f3n completa sobre la escena art\u00edstica berlinesa y de los barrios: Mitte hist\u00f3rico, Museumsinsel, Alexanderplatz, Postdamer Platz, Tiergarten, Scheunenviertel, Kreuzberg, Neuk\u00f6lln, Friedrichshain, Preunzlauer Berg, City West y Charlotteenburg.<\/p>\n","protected":false},"excerpt":{"rendered":"<p>SCHULTE-PEEVERS, ANDREA<\/p>\n","protected":false},"featured_media":251215,"template":"","meta":{"_acf_changed":false,"om_disable_all_campaigns":false,"rs_blank_template":"","rs_page_bg_color":"","slide_template_v7":"","inline_featured_image":false,"_monsterinsights_skip_tracking":false,"_monsterinsights_sitenote_active":false,"_monsterinsights_sitenote_note":"","_monsterinsights_sitenote_category":0},"product_brand":[],"product_cat":[107],"product_tag":[],"class_list":{"0":"post-251214","1":"product","2":"type-product","3":"status-publish","4":"has-post-thumbnail","6":"product_cat-guies-de-viatge","8":"first","9":"instock","10":"taxable","11":"shipping-taxable","12":"purchasable","13":"product-type-simple"},"acf":{"autor":"SCHULTE-PEEVERS, ANDREA","codart":"840813894","libros-coleccion":"","ediciones":"1","encuadernacion":"R\u00fastica","fecha_de_publicacion":"01\/06\/2015","novedad":"0","paginas":"359","subtitulo":"EDICION 2015","orden":"999","portada":"0","idioma":"spa","editorial":[{"ID":8244,"post_author":"3","post_date":"2022-09-30 09:21:26","post_date_gmt":"2022-09-30 07:21:26","post_content":"","post_title":"GEOPLANETA EDITORIAL","post_excerpt":"","post_status":"publish","comment_status":"closed","ping_status":"closed","post_password":"","post_name":"geoplaneta-editorial","to_ping":"","pinged":"","post_modified":"2022-09-30 09:21:26","post_modified_gmt":"2022-09-30 07:21:26","post_content_filtered":"","post_parent":0,"guid":"http:\/\/dev.claret.cat\/editorial\/geoplaneta-editorial\/","menu_order":0,"post_type":"editorial","post_mime_type":"","comment_count":"0","filter":"raw"}],"autores-libros":[{"ID":150239,"post_author":"3","post_date":"2022-10-14 14:31:21","post_date_gmt":"2022-10-14 12:31:21","post_content":"","post_title":"ANDREA SCHULTE-PEEVERS","post_excerpt":"","post_status":"publish","comment_status":"closed","ping_status":"closed","post_password":"","post_name":"andrea-schulte-peevers","to_ping":"","pinged":"","post_modified":"2022-10-14 14:31:21","post_modified_gmt":"2022-10-14 12:31:21","post_content_filtered":"","post_parent":0,"guid":"http:\/\/dev.claret.cat\/autor\/andrea-schulte-peevers\/","menu_order":0,"post_type":"autor","post_mime_type":"","comment_count":"0","filter":"raw"}]},"aioseo_notices":[],"_links":{"self":[{"href":"https:\/\/www.claret.cat\/es\/wp-json\/wp\/v2\/product\/251214","targetHints":{"allow":["GET"]}}],"collection":[{"href":"https:\/\/www.claret.cat\/es\/wp-json\/wp\/v2\/product"}],"about":[{"href":"https:\/\/www.claret.cat\/es\/wp-json\/wp\/v2\/types\/product"}],"wp:featuredmedia":[{"embeddable":true,"href":"https:\/\/www.claret.cat\/es\/wp-json\/wp\/v2\/media\/251215"}],"wp:attachment":[{"href":"https:\/\/www.claret.cat\/es\/wp-json\/wp\/v2\/media?parent=251214"}],"wp:term":[{"taxonomy":"product_brand","embeddable":true,"href":"https:\/\/www.claret.cat\/es\/wp-json\/wp\/v2\/product_brand?post=251214"},{"taxonomy":"product_cat","embeddable":true,"href":"https:\/\/www.claret.cat\/es\/wp-json\/wp\/v2\/product_cat?post=251214"},{"taxonomy":"product_tag","embeddable":true,"href":"https:\/\/www.claret.cat\/es\/wp-json\/wp\/v2\/product_tag?post=251214"}],"curies":[{"name":"wp","href":"https:\/\/api.w.org\/{rel}","templated":true}]}}