{"id":251217,"date":"2022-10-21T09:33:30","date_gmt":"2022-10-21T07:33:30","guid":{"rendered":"http:\/\/dev.claret.cat\/producte\/california-3\/"},"modified":"2023-01-28T16:00:29","modified_gmt":"2023-01-28T15:00:29","slug":"california-9788408138952","status":"publish","type":"product","link":"https:\/\/www.claret.cat\/es\/libro\/california-9788408138952\/","title":{"rendered":"CALIFORNIA"},"content":{"rendered":"<p>Desde los imponentes bosques de secuoyas del brumoso norte hasta las soleadas y surfistas playas del sur, el Pac\u00edfico ba\u00f1a este m\u00edtico?Estado Dorado?.Incluye:.Cap\u00edtulos especiales sobre Alcatraz, las mejores playas, rutas por carretera y regiones vin\u00edcolas..Informaci\u00f3n sobre: San Francisco, Condado de Marin y la zona de la bah\u00eda, Costa norte y los bosques de secuoyas, monta\u00f1as del norte, Gold Country, Lago Tahoe, Yosemite y Sierra Nevada, Sacramento y Valle Central, Costa central, Wine Country: Napa y Sonoma, Palm Springs y los desiertos, Disneyland y el condado de Orange, San Diego y alrededores, Condado de Santa B\u00e1rbara y Los \u00c1ngeles..Y adem\u00e1s: fotos sugerentes, mapas claros, herramientas para planificar el viaje e informaci\u00f3n en profundidad.<\/p>\n","protected":false},"excerpt":{"rendered":"<p>BENSON, SARA \/ BING, ALISON \/ VLAHIDES, JOHN A. \/ BRASH, CELESTE \/ BENDER, ANDR<\/p>\n","protected":false},"featured_media":251218,"template":"","meta":{"_acf_changed":false,"om_disable_all_campaigns":false,"rs_blank_template":"","rs_page_bg_color":"","slide_template_v7":"","inline_featured_image":false,"_monsterinsights_skip_tracking":false,"_monsterinsights_sitenote_active":false,"_monsterinsights_sitenote_note":"","_monsterinsights_sitenote_category":0},"product_brand":[],"product_cat":[107],"product_tag":[],"class_list":{"0":"post-251217","1":"product","2":"type-product","3":"status-publish","4":"has-post-thumbnail","6":"product_cat-guies-de-viatge","8":"first","9":"instock","10":"taxable","11":"shipping-taxable","12":"purchasable","13":"product-type-simple"},"acf":{"autor":"BENSON, SARA \/ BING, ALISON \/ VLAHIDES, JOHN A. \/ BRASH, CELESTE \/ BENDER, ANDR","codart":"840813895","libros-coleccion":"","ediciones":"1","encuadernacion":"R\u00fastica","fecha_de_publicacion":"01\/06\/2015","novedad":"0","paginas":"793","subtitulo":"EDICION 2015","orden":"999","portada":"0","idioma":"spa","editorial":[{"ID":8244,"post_author":"3","post_date":"2022-09-30 09:21:26","post_date_gmt":"2022-09-30 07:21:26","post_content":"","post_title":"GEOPLANETA EDITORIAL","post_excerpt":"","post_status":"publish","comment_status":"closed","ping_status":"closed","post_password":"","post_name":"geoplaneta-editorial","to_ping":"","pinged":"","post_modified":"2022-09-30 09:21:26","post_modified_gmt":"2022-09-30 07:21:26","post_content_filtered":"","post_parent":0,"guid":"http:\/\/dev.claret.cat\/editorial\/geoplaneta-editorial\/","menu_order":0,"post_type":"editorial","post_mime_type":"","comment_count":"0","filter":"raw"}],"autores-libros":[{"ID":149867,"post_author":"3","post_date":"2022-10-14 14:28:20","post_date_gmt":"2022-10-14 12:28:20","post_content":"","post_title":"ALISON BING","post_excerpt":"","post_status":"publish","comment_status":"closed","ping_status":"closed","post_password":"","post_name":"alison-bing","to_ping":"","pinged":"","post_modified":"2022-10-14 14:28:20","post_modified_gmt":"2022-10-14 12:28:20","post_content_filtered":"","post_parent":0,"guid":"http:\/\/dev.claret.cat\/autor\/alison-bing\/","menu_order":0,"post_type":"autor","post_mime_type":"","comment_count":"0","filter":"raw"},{"ID":152668,"post_author":"3","post_date":"2022-10-14 14:50:37","post_date_gmt":"2022-10-14 12:50:37","post_content":"","post_title":"CELESTE BRASH","post_excerpt":"","post_status":"publish","comment_status":"closed","ping_status":"closed","post_password":"","post_name":"celeste-brash","to_ping":"","pinged":"","post_modified":"2022-10-14 14:50:37","post_modified_gmt":"2022-10-14 12:50:37","post_content_filtered":"","post_parent":0,"guid":"http:\/\/dev.claret.cat\/autor\/celeste-brash\/","menu_order":0,"post_type":"autor","post_mime_type":"","comment_count":"0","filter":"raw"}]},"aioseo_notices":[],"_links":{"self":[{"href":"https:\/\/www.claret.cat\/es\/wp-json\/wp\/v2\/product\/251217","targetHints":{"allow":["GET"]}}],"collection":[{"href":"https:\/\/www.claret.cat\/es\/wp-json\/wp\/v2\/product"}],"about":[{"href":"https:\/\/www.claret.cat\/es\/wp-json\/wp\/v2\/types\/product"}],"wp:featuredmedia":[{"embeddable":true,"href":"https:\/\/www.claret.cat\/es\/wp-json\/wp\/v2\/media\/251218"}],"wp:attachment":[{"href":"https:\/\/www.claret.cat\/es\/wp-json\/wp\/v2\/media?parent=251217"}],"wp:term":[{"taxonomy":"product_brand","embeddable":true,"href":"https:\/\/www.claret.cat\/es\/wp-json\/wp\/v2\/product_brand?post=251217"},{"taxonomy":"product_cat","embeddable":true,"href":"https:\/\/www.claret.cat\/es\/wp-json\/wp\/v2\/product_cat?post=251217"},{"taxonomy":"product_tag","embeddable":true,"href":"https:\/\/www.claret.cat\/es\/wp-json\/wp\/v2\/product_tag?post=251217"}],"curies":[{"name":"wp","href":"https:\/\/api.w.org\/{rel}","templated":true}]}}