{"id":251220,"date":"2022-10-21T09:33:35","date_gmt":"2022-10-21T07:33:35","guid":{"rendered":"http:\/\/dev.claret.cat\/producte\/escocia-6\/"},"modified":"2023-01-28T10:05:55","modified_gmt":"2023-01-28T09:05:55","slug":"escocia-6-9788408138983","status":"publish","type":"product","link":"https:\/\/www.claret.cat\/es\/libro\/escocia-6-9788408138983\/","title":{"rendered":"ESCOCIA 6"},"content":{"rendered":"<p>Pese a su reducido tama\u00f1o, el territorio escoc\u00e9s esconde innumerables tesoros: cielos inmensos, paisajes solitarios, una naturaleza espectacular, excelente marisco y gentes que son todo sensatez y hospitalidad.Incluye:Cap\u00edtulos especiales dedicados a la pr\u00e1ctica del golf y el senderismoPropuestas de rutas en cocheMapa desplegableInformaci\u00f3n completa sobre Edimburgo, Glasgow, sur de Escocia, centro y noreste de Escocia, Higlands meridionales e islas, Inverness y Highlands centrales, Highlands septentrionales e islas, Islas Orcadas y Shetland.<\/p>\n","protected":false},"excerpt":{"rendered":"<p>WILSON, NEIL \/ SYMINGTON, ANDY<\/p>\n","protected":false},"featured_media":251221,"template":"","meta":{"_acf_changed":false,"om_disable_all_campaigns":false,"rs_blank_template":"","rs_page_bg_color":"","slide_template_v7":"","inline_featured_image":false,"_monsterinsights_skip_tracking":false,"_monsterinsights_sitenote_active":false,"_monsterinsights_sitenote_note":"","_monsterinsights_sitenote_category":0},"product_brand":[],"product_cat":[107],"product_tag":[],"class_list":{"0":"post-251220","1":"product","2":"type-product","3":"status-publish","4":"has-post-thumbnail","6":"product_cat-guies-de-viatge","8":"first","9":"instock","10":"taxable","11":"shipping-taxable","12":"purchasable","13":"product-type-simple"},"acf":{"autor":"WILSON, NEIL \/ SYMINGTON, ANDY","codart":"840813898","libros-coleccion":"","ediciones":"1","encuadernacion":"R\u00fastica","fecha_de_publicacion":"01\/06\/2015","novedad":"0","paginas":"475","subtitulo":"","orden":"999","portada":"0","idioma":"spa","editorial":[{"ID":8244,"post_author":"3","post_date":"2022-09-30 09:21:26","post_date_gmt":"2022-09-30 07:21:26","post_content":"","post_title":"GEOPLANETA EDITORIAL","post_excerpt":"","post_status":"publish","comment_status":"closed","ping_status":"closed","post_password":"","post_name":"geoplaneta-editorial","to_ping":"","pinged":"","post_modified":"2022-09-30 09:21:26","post_modified_gmt":"2022-09-30 07:21:26","post_content_filtered":"","post_parent":0,"guid":"http:\/\/dev.claret.cat\/editorial\/geoplaneta-editorial\/","menu_order":0,"post_type":"editorial","post_mime_type":"","comment_count":"0","filter":"raw"}],"autores-libros":[{"ID":165738,"post_author":"3","post_date":"2022-10-14 17:57:33","post_date_gmt":"2022-10-14 15:57:33","post_content":"","post_title":"NEIL WILSON","post_excerpt":"","post_status":"publish","comment_status":"closed","ping_status":"closed","post_password":"","post_name":"neil-wilson","to_ping":"","pinged":"","post_modified":"2022-10-14 17:57:33","post_modified_gmt":"2022-10-14 15:57:33","post_content_filtered":"","post_parent":0,"guid":"http:\/\/dev.claret.cat\/autor\/neil-wilson\/","menu_order":0,"post_type":"autor","post_mime_type":"","comment_count":"0","filter":"raw"},{"ID":150352,"post_author":"3","post_date":"2022-10-14 14:32:15","post_date_gmt":"2022-10-14 12:32:15","post_content":"","post_title":"ANDY SYMINGTON","post_excerpt":"","post_status":"publish","comment_status":"closed","ping_status":"closed","post_password":"","post_name":"andy-symington","to_ping":"","pinged":"","post_modified":"2022-10-14 14:32:15","post_modified_gmt":"2022-10-14 12:32:15","post_content_filtered":"","post_parent":0,"guid":"http:\/\/dev.claret.cat\/autor\/andy-symington\/","menu_order":0,"post_type":"autor","post_mime_type":"","comment_count":"0","filter":"raw"}]},"aioseo_notices":[],"_links":{"self":[{"href":"https:\/\/www.claret.cat\/es\/wp-json\/wp\/v2\/product\/251220","targetHints":{"allow":["GET"]}}],"collection":[{"href":"https:\/\/www.claret.cat\/es\/wp-json\/wp\/v2\/product"}],"about":[{"href":"https:\/\/www.claret.cat\/es\/wp-json\/wp\/v2\/types\/product"}],"wp:featuredmedia":[{"embeddable":true,"href":"https:\/\/www.claret.cat\/es\/wp-json\/wp\/v2\/media\/251221"}],"wp:attachment":[{"href":"https:\/\/www.claret.cat\/es\/wp-json\/wp\/v2\/media?parent=251220"}],"wp:term":[{"taxonomy":"product_brand","embeddable":true,"href":"https:\/\/www.claret.cat\/es\/wp-json\/wp\/v2\/product_brand?post=251220"},{"taxonomy":"product_cat","embeddable":true,"href":"https:\/\/www.claret.cat\/es\/wp-json\/wp\/v2\/product_cat?post=251220"},{"taxonomy":"product_tag","embeddable":true,"href":"https:\/\/www.claret.cat\/es\/wp-json\/wp\/v2\/product_tag?post=251220"}],"curies":[{"name":"wp","href":"https:\/\/api.w.org\/{rel}","templated":true}]}}