{"id":251259,"date":"2022-10-21T09:34:38","date_gmt":"2022-10-21T07:34:38","guid":{"rendered":"http:\/\/dev.claret.cat\/producte\/en-ruta-castillos-del-loira\/"},"modified":"2023-01-28T19:57:26","modified_gmt":"2023-01-28T18:57:26","slug":"en-ruta-castillos-del-loira-9788408140917","status":"publish","type":"product","link":"https:\/\/www.claret.cat\/es\/libro\/en-ruta-castillos-del-loira-9788408140917\/","title":{"rendered":"EN RUTA. CASTILLOS DEL LOIRA"},"content":{"rendered":"<p>Sus castillos y sus vinos de fama mundial no son m\u00e1s que la punta del iceberg cuando se visita el valle del Loira y la Borgo\u00f1a. Esta regi\u00f3n acoge, adem\u00e1s, una de las mayores concentraciones de cuevas trogloditas y de algunas de las principales muestras de arquitectura medieval de Europa. Incluye:.Ideas, recomendaciones de expertos y maravillosas im\u00e1genes para que triunfe la inspiraci\u00f3n..Descubrimiento de desv\u00edos, rutas por carreteras y formas de enlazar por toda la red viaria..Moverse con facilidad gracias a mapas en color, con orientaciones detalladas y pr\u00e1cticos consejos..Adem\u00e1s, sabias recomendaciones para planificar y ayudar a trazar la mejor ruta posible por: &#8221;Ch\u00e2teaux&#8221; del Loira, cuevas y bodegas del Loira, la Borgo\u00f1a medieval, Route des Grands Crus.<\/p>\n","protected":false},"excerpt":{"rendered":"<p>AVERBUCK, ALEXIS \/ BERRY, OLIVER \/ CARILLET, JEAN-BERNARD \/ CLARK, GREGOR<\/p>\n","protected":false},"featured_media":251260,"template":"","meta":{"_acf_changed":false,"om_disable_all_campaigns":false,"rs_blank_template":"","rs_page_bg_color":"","slide_template_v7":"","inline_featured_image":false,"_monsterinsights_skip_tracking":false,"_monsterinsights_sitenote_active":false,"_monsterinsights_sitenote_note":"","_monsterinsights_sitenote_category":0},"product_brand":[],"product_cat":[107],"product_tag":[],"class_list":{"0":"post-251259","1":"product","2":"type-product","3":"status-publish","4":"has-post-thumbnail","6":"product_cat-guies-de-viatge","8":"first","9":"instock","10":"taxable","11":"shipping-taxable","12":"purchasable","13":"product-type-simple"},"acf":{"autor":"AVERBUCK, ALEXIS \/ BERRY, OLIVER \/ CARILLET, JEAN-BERNARD \/ CLARK, GREGOR","codart":"840814091","libros-coleccion":"","ediciones":"1","encuadernacion":"R\u00fastica","fecha_de_publicacion":"01\/06\/2015","novedad":"0","paginas":"127","subtitulo":"PARA DISFRUTAR DE LA LIBERTAD DE LA CARRETERA","orden":"999","portada":"0","idioma":"spa","editorial":[{"ID":8244,"post_author":"3","post_date":"2022-09-30 09:21:26","post_date_gmt":"2022-09-30 07:21:26","post_content":"","post_title":"GEOPLANETA EDITORIAL","post_excerpt":"","post_status":"publish","comment_status":"closed","ping_status":"closed","post_password":"","post_name":"geoplaneta-editorial","to_ping":"","pinged":"","post_modified":"2022-09-30 09:21:26","post_modified_gmt":"2022-09-30 07:21:26","post_content_filtered":"","post_parent":0,"guid":"http:\/\/dev.claret.cat\/editorial\/geoplaneta-editorial\/","menu_order":0,"post_type":"editorial","post_mime_type":"","comment_count":"0","filter":"raw"}],"autores-libros":[{"ID":149724,"post_author":"3","post_date":"2022-10-14 14:27:12","post_date_gmt":"2022-10-14 12:27:12","post_content":"","post_title":"ALEXIS AVERBUCK","post_excerpt":"","post_status":"publish","comment_status":"closed","ping_status":"closed","post_password":"","post_name":"alexis-averbuck","to_ping":"","pinged":"","post_modified":"2022-10-14 14:27:12","post_modified_gmt":"2022-10-14 12:27:12","post_content_filtered":"","post_parent":0,"guid":"http:\/\/dev.claret.cat\/autor\/alexis-averbuck\/","menu_order":0,"post_type":"autor","post_mime_type":"","comment_count":"0","filter":"raw"},{"ID":158875,"post_author":"3","post_date":"2022-10-14 15:40:18","post_date_gmt":"2022-10-14 13:40:18","post_content":"","post_title":"JEAN-BERNARD CARILLET","post_excerpt":"","post_status":"publish","comment_status":"closed","ping_status":"closed","post_password":"","post_name":"jean-bernard-carillet","to_ping":"","pinged":"","post_modified":"2022-10-14 15:40:18","post_modified_gmt":"2022-10-14 13:40:18","post_content_filtered":"","post_parent":0,"guid":"http:\/\/dev.claret.cat\/autor\/jean-bernard-carillet\/","menu_order":0,"post_type":"autor","post_mime_type":"","comment_count":"0","filter":"raw"},{"ID":166168,"post_author":"3","post_date":"2022-10-14 18:00:58","post_date_gmt":"2022-10-14 16:00:58","post_content":"","post_title":"OLIVER BERRY","post_excerpt":"","post_status":"publish","comment_status":"closed","ping_status":"closed","post_password":"","post_name":"oliver-berry","to_ping":"","pinged":"","post_modified":"2022-10-14 18:00:58","post_modified_gmt":"2022-10-14 16:00:58","post_content_filtered":"","post_parent":0,"guid":"http:\/\/dev.claret.cat\/autor\/oliver-berry\/","menu_order":0,"post_type":"autor","post_mime_type":"","comment_count":"0","filter":"raw"},{"ID":157122,"post_author":"3","post_date":"2022-10-14 15:26:17","post_date_gmt":"2022-10-14 13:26:17","post_content":"","post_title":"GREGOR CLARK","post_excerpt":"","post_status":"publish","comment_status":"closed","ping_status":"closed","post_password":"","post_name":"gregor-clark","to_ping":"","pinged":"","post_modified":"2022-10-14 15:26:17","post_modified_gmt":"2022-10-14 13:26:17","post_content_filtered":"","post_parent":0,"guid":"http:\/\/dev.claret.cat\/autor\/gregor-clark\/","menu_order":0,"post_type":"autor","post_mime_type":"","comment_count":"0","filter":"raw"}]},"aioseo_notices":[],"_links":{"self":[{"href":"https:\/\/www.claret.cat\/es\/wp-json\/wp\/v2\/product\/251259","targetHints":{"allow":["GET"]}}],"collection":[{"href":"https:\/\/www.claret.cat\/es\/wp-json\/wp\/v2\/product"}],"about":[{"href":"https:\/\/www.claret.cat\/es\/wp-json\/wp\/v2\/types\/product"}],"wp:featuredmedia":[{"embeddable":true,"href":"https:\/\/www.claret.cat\/es\/wp-json\/wp\/v2\/media\/251260"}],"wp:attachment":[{"href":"https:\/\/www.claret.cat\/es\/wp-json\/wp\/v2\/media?parent=251259"}],"wp:term":[{"taxonomy":"product_brand","embeddable":true,"href":"https:\/\/www.claret.cat\/es\/wp-json\/wp\/v2\/product_brand?post=251259"},{"taxonomy":"product_cat","embeddable":true,"href":"https:\/\/www.claret.cat\/es\/wp-json\/wp\/v2\/product_cat?post=251259"},{"taxonomy":"product_tag","embeddable":true,"href":"https:\/\/www.claret.cat\/es\/wp-json\/wp\/v2\/product_tag?post=251259"}],"curies":[{"name":"wp","href":"https:\/\/api.w.org\/{rel}","templated":true}]}}