{"id":251265,"date":"2022-10-21T09:34:48","date_gmt":"2022-10-21T07:34:48","guid":{"rendered":"http:\/\/dev.claret.cat\/producte\/un-refugio-en-katmandu\/"},"modified":"2023-01-28T11:01:40","modified_gmt":"2023-01-28T10:01:40","slug":"un-refugio-en-katmandu-9788408141969","status":"publish","type":"product","link":"https:\/\/www.claret.cat\/es\/libro\/un-refugio-en-katmandu-9788408141969\/","title":{"rendered":"UN REFUGIO EN KATMAND\u00da"},"content":{"rendered":"<p>Matthew jam\u00e1s pens\u00f3 que su exitosa carrera\u00a0como jugador de b\u00e9isbol se truncar\u00eda\u00a0por decisi\u00f3n propia; que desaparecer\u00eda\u00a0de la faz de la tierra para embarcarse\u00a0en una peligrosa aventura en el desconocido\u00a0Nepal; que en la milenaria ciudad de\u00a0Katmand\u00fa, entre tradiciones que ni entender\u00eda\u00a0ni compartir\u00eda, encontrar\u00eda el amor\u00a0de su vida; que su plan inicial acabar\u00eda en\u00a0desastre y se ver\u00eda obligado a trazar un\u00a0desesperado plan B, ni que con el paso\u00a0del tiempo llegar\u00eda a creer que aquello no\u00a0saldr\u00eda bien. Sin embargo, siempre supo\u00a0que llegar\u00eda hasta el final arriesgando su\u00a0libertad, y hasta su vida, si era necesario,\u00a0para conseguirlo.\u00a0Pero en la vida, m\u00e1s a\u00fan en el pa\u00eds de\u00a0un mill\u00f3n de dioses, todo ocurre en los\u00a0momentos m\u00e1s inesperados y por las razones\u00a0m\u00e1s insospechadas.<\/p>\n","protected":false},"excerpt":{"rendered":"<p>IBIRIKA, \u00c1NGELES<\/p>\n","protected":false},"featured_media":274161,"template":"","meta":{"_acf_changed":false,"om_disable_all_campaigns":false,"rs_blank_template":"","rs_page_bg_color":"","slide_template_v7":"","inline_featured_image":false,"_monsterinsights_skip_tracking":false,"_monsterinsights_sitenote_active":false,"_monsterinsights_sitenote_note":"","_monsterinsights_sitenote_category":0},"product_brand":[],"product_cat":[90,540],"product_tag":[],"class_list":{"0":"post-251265","1":"product","2":"type-product","3":"status-publish","4":"has-post-thumbnail","6":"product_cat-altres","7":"product_cat-otros","9":"first","10":"instock","11":"taxable","12":"shipping-taxable","13":"purchasable","14":"product-type-simple"},"acf":{"autor":"IBIRIKA, \u00c1NGELES","codart":"840814196","libros-coleccion":"","ediciones":"1","encuadernacion":"R\u00fastica","fecha_de_publicacion":"01\/06\/2015","novedad":"0","paginas":"415","subtitulo":"","orden":"999","portada":"0","idioma":"spa","editorial":[{"ID":6330,"post_author":"3","post_date":"2022-07-28 17:49:52","post_date_gmt":"2022-07-28 15:49:52","post_content":"","post_title":"PLANETA EDITORIAL","post_excerpt":"","post_status":"publish","comment_status":"closed","ping_status":"closed","post_password":"","post_name":"planeta-editorial","to_ping":"","pinged":"","post_modified":"2022-07-28 17:49:52","post_modified_gmt":"2022-07-28 15:49:52","post_content_filtered":"","post_parent":0,"guid":"http:\/\/dev.claret.cat\/editorial\/planeta-editorial\/","menu_order":0,"post_type":"editorial","post_mime_type":"","comment_count":"0","filter":"raw"}],"autores-libros":[{"ID":274160,"post_author":"3","post_date":"2022-12-09 05:44:55","post_date_gmt":"2022-12-09 04:44:55","post_content":"","post_title":"\u00c1NGELES IBIRIKA","post_excerpt":"","post_status":"publish","comment_status":"closed","ping_status":"closed","post_password":"","post_name":"angeles-ibirika","to_ping":"","pinged":"","post_modified":"2022-12-09 05:44:55","post_modified_gmt":"2022-12-09 04:44:55","post_content_filtered":"","post_parent":0,"guid":"http:\/\/dev.claret.cat\/autor\/angeles-ibirika\/","menu_order":0,"post_type":"autor","post_mime_type":"","comment_count":"0","filter":"raw"}]},"aioseo_notices":[],"_links":{"self":[{"href":"https:\/\/www.claret.cat\/es\/wp-json\/wp\/v2\/product\/251265","targetHints":{"allow":["GET"]}}],"collection":[{"href":"https:\/\/www.claret.cat\/es\/wp-json\/wp\/v2\/product"}],"about":[{"href":"https:\/\/www.claret.cat\/es\/wp-json\/wp\/v2\/types\/product"}],"wp:featuredmedia":[{"embeddable":true,"href":"https:\/\/www.claret.cat\/es\/wp-json\/wp\/v2\/media\/274161"}],"wp:attachment":[{"href":"https:\/\/www.claret.cat\/es\/wp-json\/wp\/v2\/media?parent=251265"}],"wp:term":[{"taxonomy":"product_brand","embeddable":true,"href":"https:\/\/www.claret.cat\/es\/wp-json\/wp\/v2\/product_brand?post=251265"},{"taxonomy":"product_cat","embeddable":true,"href":"https:\/\/www.claret.cat\/es\/wp-json\/wp\/v2\/product_cat?post=251265"},{"taxonomy":"product_tag","embeddable":true,"href":"https:\/\/www.claret.cat\/es\/wp-json\/wp\/v2\/product_tag?post=251265"}],"curies":[{"name":"wp","href":"https:\/\/api.w.org\/{rel}","templated":true}]}}