{"id":251286,"date":"2022-10-21T09:35:20","date_gmt":"2022-10-21T07:35:20","guid":{"rendered":"http:\/\/dev.claret.cat\/producte\/lo-mejor-de-francia\/"},"modified":"2023-01-28T03:43:39","modified_gmt":"2023-01-28T02:43:39","slug":"lo-mejor-de-francia-9788408140115","status":"publish","type":"product","link":"https:\/\/www.claret.cat\/es\/libro\/lo-mejor-de-francia-9788408140115\/","title":{"rendered":"LO MEJOR DE FRANCIA"},"content":{"rendered":"<p>Presumida, sensual, superior, moderna, irritante, arrogante, entrometida, genial&#8230; Aunque nunca se haya puesto un pie en suelo franc\u00e9s, el panorama resulta familiar de inmediato: con cada cuadro impresionista, cada pel\u00edcula de la nouvelle vague y cada sorbo de champ\u00e1n, una peque\u00f1a parte del pa\u00eds galo penetra en el alma.Incluye:Lo imprescindible y las experiencias ineludibles.Expertos locales recomiendan lo que no hay que perderse.Informaci\u00f3n completa sobre: Par\u00eds y alrededores, Normand\u00eda y Breta\u00f1a, Champa\u00f1a y el norte de Francia, Valle del Loira y el centro de Francia, Lyon y los Alpes franceses, Burdeos y el Pa\u00eds Vasco franc\u00e9s, Provenza y la Riviera francesa.Mapa desplegable de Par\u00eds.<\/p>\n","protected":false},"excerpt":{"rendered":"<p>BERRY, OLIVER \/ AVERBUCK, ALEXIS \/ BUTLER, STUART<\/p>\n","protected":false},"featured_media":251287,"template":"","meta":{"_acf_changed":false,"om_disable_all_campaigns":false,"rs_blank_template":"","rs_page_bg_color":"","slide_template_v7":"","inline_featured_image":false,"_monsterinsights_skip_tracking":false,"_monsterinsights_sitenote_active":false,"_monsterinsights_sitenote_note":"","_monsterinsights_sitenote_category":0},"product_brand":[],"product_cat":[107],"product_tag":[],"class_list":{"0":"post-251286","1":"product","2":"type-product","3":"status-publish","4":"has-post-thumbnail","6":"product_cat-guies-de-viatge","8":"first","9":"instock","10":"taxable","11":"shipping-taxable","12":"purchasable","13":"product-type-simple"},"acf":{"autor":"BERRY, OLIVER \/ AVERBUCK, ALEXIS \/ BUTLER, STUART","codart":"840814011","libros-coleccion":"","ediciones":"1","encuadernacion":"R\u00fastica","fecha_de_publicacion":"01\/06\/2015","novedad":"0","paginas":"415","subtitulo":"PARA CONOCER LA ESENCIA DEL PA\u00cdS","orden":"999","portada":"0","idioma":"spa","editorial":[{"ID":8244,"post_author":"3","post_date":"2022-09-30 09:21:26","post_date_gmt":"2022-09-30 07:21:26","post_content":"","post_title":"GEOPLANETA EDITORIAL","post_excerpt":"","post_status":"publish","comment_status":"closed","ping_status":"closed","post_password":"","post_name":"geoplaneta-editorial","to_ping":"","pinged":"","post_modified":"2022-09-30 09:21:26","post_modified_gmt":"2022-09-30 07:21:26","post_content_filtered":"","post_parent":0,"guid":"http:\/\/dev.claret.cat\/editorial\/geoplaneta-editorial\/","menu_order":0,"post_type":"editorial","post_mime_type":"","comment_count":"0","filter":"raw"}],"autores-libros":[{"ID":149724,"post_author":"3","post_date":"2022-10-14 14:27:12","post_date_gmt":"2022-10-14 12:27:12","post_content":"","post_title":"ALEXIS AVERBUCK","post_excerpt":"","post_status":"publish","comment_status":"closed","ping_status":"closed","post_password":"","post_name":"alexis-averbuck","to_ping":"","pinged":"","post_modified":"2022-10-14 14:27:12","post_modified_gmt":"2022-10-14 12:27:12","post_content_filtered":"","post_parent":0,"guid":"http:\/\/dev.claret.cat\/autor\/alexis-averbuck\/","menu_order":0,"post_type":"autor","post_mime_type":"","comment_count":"0","filter":"raw"},{"ID":166168,"post_author":"3","post_date":"2022-10-14 18:00:58","post_date_gmt":"2022-10-14 16:00:58","post_content":"","post_title":"OLIVER BERRY","post_excerpt":"","post_status":"publish","comment_status":"closed","ping_status":"closed","post_password":"","post_name":"oliver-berry","to_ping":"","pinged":"","post_modified":"2022-10-14 18:00:58","post_modified_gmt":"2022-10-14 16:00:58","post_content_filtered":"","post_parent":0,"guid":"http:\/\/dev.claret.cat\/autor\/oliver-berry\/","menu_order":0,"post_type":"autor","post_mime_type":"","comment_count":"0","filter":"raw"},{"ID":169882,"post_author":"3","post_date":"2022-10-14 22:30:47","post_date_gmt":"2022-10-14 20:30:47","post_content":"","post_title":"STUART BUTLER","post_excerpt":"","post_status":"publish","comment_status":"closed","ping_status":"closed","post_password":"","post_name":"stuart-butler","to_ping":"","pinged":"","post_modified":"2022-10-14 22:30:47","post_modified_gmt":"2022-10-14 20:30:47","post_content_filtered":"","post_parent":0,"guid":"http:\/\/dev.claret.cat\/autor\/stuart-butler\/","menu_order":0,"post_type":"autor","post_mime_type":"","comment_count":"0","filter":"raw"}]},"aioseo_notices":[],"_links":{"self":[{"href":"https:\/\/www.claret.cat\/es\/wp-json\/wp\/v2\/product\/251286","targetHints":{"allow":["GET"]}}],"collection":[{"href":"https:\/\/www.claret.cat\/es\/wp-json\/wp\/v2\/product"}],"about":[{"href":"https:\/\/www.claret.cat\/es\/wp-json\/wp\/v2\/types\/product"}],"wp:featuredmedia":[{"embeddable":true,"href":"https:\/\/www.claret.cat\/es\/wp-json\/wp\/v2\/media\/251287"}],"wp:attachment":[{"href":"https:\/\/www.claret.cat\/es\/wp-json\/wp\/v2\/media?parent=251286"}],"wp:term":[{"taxonomy":"product_brand","embeddable":true,"href":"https:\/\/www.claret.cat\/es\/wp-json\/wp\/v2\/product_brand?post=251286"},{"taxonomy":"product_cat","embeddable":true,"href":"https:\/\/www.claret.cat\/es\/wp-json\/wp\/v2\/product_cat?post=251286"},{"taxonomy":"product_tag","embeddable":true,"href":"https:\/\/www.claret.cat\/es\/wp-json\/wp\/v2\/product_tag?post=251286"}],"curies":[{"name":"wp","href":"https:\/\/api.w.org\/{rel}","templated":true}]}}