{"id":251424,"date":"2022-10-21T09:39:16","date_gmt":"2022-10-21T07:39:16","guid":{"rendered":"http:\/\/dev.claret.cat\/producte\/arbustos-de-catalunya\/"},"modified":"2023-01-28T22:27:14","modified_gmt":"2023-01-28T21:27:14","slug":"arbustos-de-catalunya-9788490343340","status":"publish","type":"product","link":"https:\/\/www.claret.cat\/es\/libro\/arbustos-de-catalunya-9788490343340\/","title":{"rendered":"ARBUSTOS DE CATALUNYA"},"content":{"rendered":"<p>En aquest llibre hi trobarem descrits m\u00c3\u00a9s de 50 arbustos entre els m\u00c3\u00a9s corrents i significatius dels diferents estatges de vegetaci\u00c3\u00b3 del nostre pa\u00c3\u00ads, des d\u00e2??arran de mar fins a l\u00e2??alta muntanya. Tots els arbustos citats s\u00c3\u00b3n plantes aut\u00c3\u00b2ctones del nostre pa\u00c3\u00ads, \u00c3\u00a9s a dir, plantes que viuen de forma silvestre i que tenen la suficient vigoria per reproduir-se i mantenir les seves poblacions.<\/p>\n","protected":false},"excerpt":{"rendered":"<p>PASCUAL I LLUVI\u00c0, RAMON<\/p>\n","protected":false},"featured_media":319826,"template":"","meta":{"_acf_changed":false,"om_disable_all_campaigns":false,"rs_blank_template":"","rs_page_bg_color":"","slide_template_v7":"","inline_featured_image":false,"_monsterinsights_skip_tracking":false,"_monsterinsights_sitenote_active":false,"_monsterinsights_sitenote_note":"","_monsterinsights_sitenote_category":0},"product_brand":[],"product_cat":[90,540],"product_tag":[],"class_list":{"0":"post-251424","1":"product","2":"type-product","3":"status-publish","4":"has-post-thumbnail","6":"product_cat-altres","7":"product_cat-otros","9":"first","10":"instock","11":"taxable","12":"shipping-taxable","13":"purchasable","14":"product-type-simple"},"acf":{"autor":"PASCUAL I LLUVI\u00c0, RAMON","codart":"849034334","libros-coleccion":"","ediciones":"1","encuadernacion":"R\u00fastica","fecha_de_publicacion":"01\/06\/2015","novedad":"0","paginas":"63","subtitulo":"","orden":"999","portada":"0","idioma":"cat","editorial":[{"ID":6171,"post_author":"3","post_date":"2022-07-28 17:46:25","post_date_gmt":"2022-07-28 15:46:25","post_content":"","post_title":"COSSETANIA EDICIONS","post_excerpt":"","post_status":"publish","comment_status":"closed","ping_status":"closed","post_password":"","post_name":"cossetania-edicions","to_ping":"","pinged":"","post_modified":"2022-07-28 17:46:25","post_modified_gmt":"2022-07-28 15:46:25","post_content_filtered":"","post_parent":0,"guid":"http:\/\/dev.claret.cat\/editorial\/cossetania-edicions\/","menu_order":0,"post_type":"editorial","post_mime_type":"","comment_count":"0","filter":"raw"}],"autores-libros":[{"ID":319753,"post_author":"3","post_date":"2023-01-02 23:36:19","post_date_gmt":"2023-01-02 22:36:19","post_content":"","post_title":"RAMON PASCUAL I LLUVIA","post_excerpt":"","post_status":"publish","comment_status":"closed","ping_status":"closed","post_password":"","post_name":"ramon-pascual-i-lluvia","to_ping":"","pinged":"","post_modified":"2023-01-02 23:36:19","post_modified_gmt":"2023-01-02 22:36:19","post_content_filtered":"","post_parent":0,"guid":"https:\/\/www.claret.cat\/autor\/ramon-pascual-i-lluvia\/","menu_order":0,"post_type":"autor","post_mime_type":"","comment_count":"0","filter":"raw"}]},"aioseo_notices":[],"_links":{"self":[{"href":"https:\/\/www.claret.cat\/es\/wp-json\/wp\/v2\/product\/251424","targetHints":{"allow":["GET"]}}],"collection":[{"href":"https:\/\/www.claret.cat\/es\/wp-json\/wp\/v2\/product"}],"about":[{"href":"https:\/\/www.claret.cat\/es\/wp-json\/wp\/v2\/types\/product"}],"wp:featuredmedia":[{"embeddable":true,"href":"https:\/\/www.claret.cat\/es\/wp-json\/wp\/v2\/media\/319826"}],"wp:attachment":[{"href":"https:\/\/www.claret.cat\/es\/wp-json\/wp\/v2\/media?parent=251424"}],"wp:term":[{"taxonomy":"product_brand","embeddable":true,"href":"https:\/\/www.claret.cat\/es\/wp-json\/wp\/v2\/product_brand?post=251424"},{"taxonomy":"product_cat","embeddable":true,"href":"https:\/\/www.claret.cat\/es\/wp-json\/wp\/v2\/product_cat?post=251424"},{"taxonomy":"product_tag","embeddable":true,"href":"https:\/\/www.claret.cat\/es\/wp-json\/wp\/v2\/product_tag?post=251424"}],"curies":[{"name":"wp","href":"https:\/\/api.w.org\/{rel}","templated":true}]}}