{"id":251526,"date":"2022-10-21T09:41:59","date_gmt":"2022-10-21T07:41:59","guid":{"rendered":"http:\/\/dev.claret.cat\/producte\/no-confies-en-peter-pan\/"},"modified":"2023-01-28T03:36:02","modified_gmt":"2023-01-28T02:36:02","slug":"no-confies-en-peter-pan-9788415729990","status":"publish","type":"product","link":"https:\/\/www.claret.cat\/es\/libro\/no-confies-en-peter-pan-9788415729990\/","title":{"rendered":"NO CONF\u00cdES EN PETER PAN"},"content":{"rendered":"<p>Han pasado cuatro meses desde que David Gurney resolvi\u00f3 el caso del Buen Pastor y las consecuencias han sido terribles: se perdieron vidas y hubo carreras profesionales afectadas. Uno de los que m\u00e1s ha sufrido ha sido Jack Hardwick, que viol\u00f3 la normativa por ayudar a Gurney. Los superiores de Hardwick pensaron que despidi\u00e9ndole arreglaban todos sus problemas. En realidad, se buscaron un enemigo ac\u00e9rrimo. Ahora, Hardwick se propone demostrar la ineptitud de sus antiguos empleadores presentando pruebas que sirvan para revisar algunas condenas muy sonadas. Empieza con el caso Spalter, un rico empresario y promotor asesinado en el funeral de su madre. Su infiel esposa Kay fue condenada a cadena perpetua pero Hardwick est\u00e1 seguro de que a la mujer le hizo la cama un detective corrupto y quiere que Gurney le ayude a probarlo. Muy pronto Gurney se encuentra enfrent\u00e1ndose a un fiscal sin escr\u00fapulos, un detective completamente corrupto, un jefe mafioso extra\u00f1amente amable y un famoso criminal griego, Petros Panikos, Peter Pan, un hombre menudo que esconde un insaciable apetito por el asesinato. Todo por alguien que, despu\u00e9s de todo, puede que sea realmente culpable?<\/p>\n","protected":false},"excerpt":{"rendered":"<p>VERDON, JOHN<\/p>\n","protected":false},"featured_media":251527,"template":"","meta":{"_acf_changed":false,"om_disable_all_campaigns":false,"rs_blank_template":"","rs_page_bg_color":"","slide_template_v7":"","inline_featured_image":false,"_monsterinsights_skip_tracking":false,"_monsterinsights_sitenote_active":false,"_monsterinsights_sitenote_note":"","_monsterinsights_sitenote_category":0},"product_brand":[],"product_cat":[87],"product_tag":[],"class_list":{"0":"post-251526","1":"product","2":"type-product","3":"status-publish","4":"has-post-thumbnail","6":"product_cat-literatura","8":"first","9":"instock","10":"taxable","11":"shipping-taxable","12":"purchasable","13":"product-type-simple"},"acf":{"autor":"VERDON, JOHN","codart":"841572999","libros-coleccion":"","ediciones":"1","encuadernacion":"R\u00fastica","fecha_de_publicacion":"01\/06\/2015","novedad":"0","paginas":"519","subtitulo":"","orden":"999","portada":"0","idioma":"spa","autores-libros":[{"ID":159707,"post_author":"3","post_date":"2022-10-14 15:47:04","post_date_gmt":"2022-10-14 13:47:04","post_content":"","post_title":"JOHN VERDON","post_excerpt":"","post_status":"publish","comment_status":"closed","ping_status":"closed","post_password":"","post_name":"john-verdon","to_ping":"","pinged":"","post_modified":"2022-10-14 15:47:04","post_modified_gmt":"2022-10-14 13:47:04","post_content_filtered":"","post_parent":0,"guid":"http:\/\/dev.claret.cat\/autor\/john-verdon\/","menu_order":0,"post_type":"autor","post_mime_type":"","comment_count":"0","filter":"raw"}]},"aioseo_notices":[],"_links":{"self":[{"href":"https:\/\/www.claret.cat\/es\/wp-json\/wp\/v2\/product\/251526","targetHints":{"allow":["GET"]}}],"collection":[{"href":"https:\/\/www.claret.cat\/es\/wp-json\/wp\/v2\/product"}],"about":[{"href":"https:\/\/www.claret.cat\/es\/wp-json\/wp\/v2\/types\/product"}],"wp:featuredmedia":[{"embeddable":true,"href":"https:\/\/www.claret.cat\/es\/wp-json\/wp\/v2\/media\/251527"}],"wp:attachment":[{"href":"https:\/\/www.claret.cat\/es\/wp-json\/wp\/v2\/media?parent=251526"}],"wp:term":[{"taxonomy":"product_brand","embeddable":true,"href":"https:\/\/www.claret.cat\/es\/wp-json\/wp\/v2\/product_brand?post=251526"},{"taxonomy":"product_cat","embeddable":true,"href":"https:\/\/www.claret.cat\/es\/wp-json\/wp\/v2\/product_cat?post=251526"},{"taxonomy":"product_tag","embeddable":true,"href":"https:\/\/www.claret.cat\/es\/wp-json\/wp\/v2\/product_tag?post=251526"}],"curies":[{"name":"wp","href":"https:\/\/api.w.org\/{rel}","templated":true}]}}