{"id":251529,"date":"2022-10-21T09:42:04","date_gmt":"2022-10-21T07:42:04","guid":{"rendered":"http:\/\/dev.claret.cat\/producte\/un-poble\/"},"modified":"2023-01-28T06:53:56","modified_gmt":"2023-01-28T05:53:56","slug":"un-poble-9788466137782","status":"publish","type":"product","link":"https:\/\/www.claret.cat\/es\/libro\/un-poble-9788466137782\/","title":{"rendered":"UN POBLE"},"content":{"rendered":"<p>A una vall f\u00e8rtil, rica en boscos, pastures, ca\u00e7a i pesca, hi arriben un bon dia dues tribus de tarann\u00e0s diferents. L&#8221;una s&#8221;instal\u00b7la al pla, vora el riu, i l&#8221;altra, dalt d&#8221;un tur\u00f3. Cada tribu va a la seva, encara que s&#8221;observen encuriosits els uns als altres. Un dia per\u00f2 una riuada inunda la vall i la tribu que hi vivia demana ajuda a la que viu dalt del tur\u00f3. Acabaran vivint plegats i formaran un sol poble, acceptant-se difer\u00e8ncies i intercanviant-se coneixements i costums.<\/p>\n","protected":false},"excerpt":{"rendered":"<p>LARREULA, ENRIC<\/p>\n","protected":false},"featured_media":251530,"template":"","meta":{"_acf_changed":false,"om_disable_all_campaigns":false,"rs_blank_template":"","rs_page_bg_color":"","slide_template_v7":"","inline_featured_image":false,"_monsterinsights_skip_tracking":false,"_monsterinsights_sitenote_active":false,"_monsterinsights_sitenote_note":"","_monsterinsights_sitenote_category":0},"product_brand":[],"product_cat":[132],"product_tag":[],"class_list":{"0":"post-251529","1":"product","2":"type-product","3":"status-publish","4":"has-post-thumbnail","6":"product_cat-lectures-per-preadolescents-6-12-anys","8":"first","9":"instock","10":"taxable","11":"shipping-taxable","12":"purchasable","13":"product-type-simple"},"acf":{"autor":"LARREULA, ENRIC","codart":"846613778","libros-coleccion":"","ediciones":"1","encuadernacion":"R\u00fastica","fecha_de_publicacion":"01\/06\/2015","novedad":"0","paginas":"64","subtitulo":"","orden":"999","portada":"0","idioma":"cat","autores-libros":[{"ID":155116,"post_author":"3","post_date":"2022-10-14 15:10:17","post_date_gmt":"2022-10-14 13:10:17","post_content":"","post_title":"ENRIC LARREULA","post_excerpt":"","post_status":"publish","comment_status":"closed","ping_status":"closed","post_password":"","post_name":"enric-larreula","to_ping":"","pinged":"","post_modified":"2022-10-14 15:10:17","post_modified_gmt":"2022-10-14 13:10:17","post_content_filtered":"","post_parent":0,"guid":"http:\/\/dev.claret.cat\/autor\/enric-larreula\/","menu_order":0,"post_type":"autor","post_mime_type":"","comment_count":"0","filter":"raw"}]},"aioseo_notices":[],"_links":{"self":[{"href":"https:\/\/www.claret.cat\/es\/wp-json\/wp\/v2\/product\/251529","targetHints":{"allow":["GET"]}}],"collection":[{"href":"https:\/\/www.claret.cat\/es\/wp-json\/wp\/v2\/product"}],"about":[{"href":"https:\/\/www.claret.cat\/es\/wp-json\/wp\/v2\/types\/product"}],"wp:featuredmedia":[{"embeddable":true,"href":"https:\/\/www.claret.cat\/es\/wp-json\/wp\/v2\/media\/251530"}],"wp:attachment":[{"href":"https:\/\/www.claret.cat\/es\/wp-json\/wp\/v2\/media?parent=251529"}],"wp:term":[{"taxonomy":"product_brand","embeddable":true,"href":"https:\/\/www.claret.cat\/es\/wp-json\/wp\/v2\/product_brand?post=251529"},{"taxonomy":"product_cat","embeddable":true,"href":"https:\/\/www.claret.cat\/es\/wp-json\/wp\/v2\/product_cat?post=251529"},{"taxonomy":"product_tag","embeddable":true,"href":"https:\/\/www.claret.cat\/es\/wp-json\/wp\/v2\/product_tag?post=251529"}],"curies":[{"name":"wp","href":"https:\/\/api.w.org\/{rel}","templated":true}]}}