{"id":251663,"date":"2022-10-21T09:45:52","date_gmt":"2022-10-21T07:45:52","guid":{"rendered":"http:\/\/dev.claret.cat\/producte\/un-mon-de-contes-la-blancaneu-i-els-set-nans\/"},"modified":"2025-02-04T18:31:21","modified_gmt":"2025-02-04T17:31:21","slug":"un-mon-de-contes-la-blancaneu-i-els-set-nans-9788427209312","status":"publish","type":"product","link":"https:\/\/www.claret.cat\/es\/libro\/un-mon-de-contes-la-blancaneu-i-els-set-nans-9788427209312\/","title":{"rendered":"UN M\u00d3N DE CONTES: LA BLANCANEU I ELS SET NANS"},"content":{"rendered":"<p>Quan la malvada reina es mira al seu mirall m\u00e0gic com cada mat\u00ed, descobreix que la Blancaneu \u00e9s ara m\u00e9s<br \/> bonica que ella. Com intentar\u00e0 impedir-ho?<\/p>\n","protected":false},"excerpt":{"rendered":"<p>, REDACCION RBA LIBROS, S.A.<\/p>\n","protected":false},"featured_media":990788,"template":"","meta":{"_acf_changed":false,"om_disable_all_campaigns":false,"rs_blank_template":"","rs_page_bg_color":"","slide_template_v7":"","inline_featured_image":false,"_monsterinsights_skip_tracking":false,"_monsterinsights_sitenote_active":false,"_monsterinsights_sitenote_note":"","_monsterinsights_sitenote_category":0},"product_brand":[],"product_cat":[90,540],"product_tag":[],"class_list":{"0":"post-251663","1":"product","2":"type-product","3":"status-publish","4":"has-post-thumbnail","6":"product_cat-altres","7":"product_cat-otros","9":"first","10":"outofstock","11":"taxable","12":"shipping-taxable","13":"purchasable","14":"product-type-simple"},"acf":{"autor":", REDACCION RBA LIBROS, S.A.","codart":"842720931","libros-coleccion":"","ediciones":"1","encuadernacion":"Carton\u00e9","fecha_de_publicacion":"01\/06\/2015","novedad":"0","paginas":"24","subtitulo":"","orden":"999","portada":"0","idioma":"cat","editorial":[{"ID":8268,"post_author":"3","post_date":"2022-09-30 09:21:37","post_date_gmt":"2022-09-30 07:21:37","post_content":"","post_title":"RBA LIBROS SA.","post_excerpt":"","post_status":"publish","comment_status":"closed","ping_status":"closed","post_password":"","post_name":"rba-libros-sa","to_ping":"","pinged":"","post_modified":"2022-09-30 09:21:37","post_modified_gmt":"2022-09-30 07:21:37","post_content_filtered":"","post_parent":0,"guid":"http:\/\/dev.claret.cat\/editorial\/rba-libros-sa\/","menu_order":0,"post_type":"editorial","post_mime_type":"","comment_count":"0","filter":"raw"}],"autores-libros":[{"ID":167922,"post_author":"3","post_date":"2022-10-14 18:15:05","post_date_gmt":"2022-10-14 16:15:05","post_content":"","post_title":"REDACCION RBA LIBROS","post_excerpt":"","post_status":"publish","comment_status":"closed","ping_status":"closed","post_password":"","post_name":"redaccion-rba-libros","to_ping":"","pinged":"","post_modified":"2022-10-14 18:15:05","post_modified_gmt":"2022-10-14 16:15:05","post_content_filtered":"","post_parent":0,"guid":"http:\/\/dev.claret.cat\/autor\/redaccion-rba-libros\/","menu_order":0,"post_type":"autor","post_mime_type":"","comment_count":"0","filter":"raw"}]},"aioseo_notices":[],"_links":{"self":[{"href":"https:\/\/www.claret.cat\/es\/wp-json\/wp\/v2\/product\/251663","targetHints":{"allow":["GET"]}}],"collection":[{"href":"https:\/\/www.claret.cat\/es\/wp-json\/wp\/v2\/product"}],"about":[{"href":"https:\/\/www.claret.cat\/es\/wp-json\/wp\/v2\/types\/product"}],"wp:featuredmedia":[{"embeddable":true,"href":"https:\/\/www.claret.cat\/es\/wp-json\/wp\/v2\/media\/990788"}],"wp:attachment":[{"href":"https:\/\/www.claret.cat\/es\/wp-json\/wp\/v2\/media?parent=251663"}],"wp:term":[{"taxonomy":"product_brand","embeddable":true,"href":"https:\/\/www.claret.cat\/es\/wp-json\/wp\/v2\/product_brand?post=251663"},{"taxonomy":"product_cat","embeddable":true,"href":"https:\/\/www.claret.cat\/es\/wp-json\/wp\/v2\/product_cat?post=251663"},{"taxonomy":"product_tag","embeddable":true,"href":"https:\/\/www.claret.cat\/es\/wp-json\/wp\/v2\/product_tag?post=251663"}],"curies":[{"name":"wp","href":"https:\/\/api.w.org\/{rel}","templated":true}]}}