{"id":251729,"date":"2022-10-21T09:47:45","date_gmt":"2022-10-21T07:47:45","guid":{"rendered":"http:\/\/dev.claret.cat\/producte\/mi-primer-gran-libro-del-oceano\/"},"modified":"2025-12-29T09:55:34","modified_gmt":"2025-12-29T08:55:34","slug":"mi-primer-gran-libro-del-oceano-9788482986142","status":"publish","type":"product","link":"https:\/\/www.claret.cat\/es\/libro\/mi-primer-gran-libro-del-oceano-9788482986142\/","title":{"rendered":"MI PRIMER GRAN LIBRO DEL OC\u00c9ANO"},"content":{"rendered":"<p>Una obra de referencia sobre uno de los temas m\u00e1s fascinantes para los ni\u00f1os: el mundo acu\u00e1tico. National Geographic Kids alimenta el inter\u00e9s de los ni\u00f1os por la naturaleza y el medioambiente. Cient\u00edficos y pedagogos han dado con la clave del \u00e9xito ya que los m\u00e1s peque\u00f1os se divertir\u00e1n con los conocimientos de National Geographic.<\/p>\n","protected":false},"excerpt":{"rendered":"<p>D. HUGHES, CATHERINE<\/p>\n","protected":false},"featured_media":1072148,"template":"","meta":{"_acf_changed":false,"om_disable_all_campaigns":false,"rs_blank_template":"","rs_page_bg_color":"","slide_template_v7":"","inline_featured_image":false,"_monsterinsights_skip_tracking":false,"_monsterinsights_sitenote_active":false,"_monsterinsights_sitenote_note":"","_monsterinsights_sitenote_category":0},"product_brand":[],"product_cat":[554,104,352,86,105,555],"product_tag":[],"class_list":{"0":"post-251729","1":"product","2":"type-product","3":"status-publish","4":"has-post-thumbnail","6":"product_cat-ciencia-5_otras-spa","7":"product_cat-ciencia","8":"product_cat-infantil-3_infantil-juvenil-spa","9":"product_cat-infantil","10":"product_cat-regal","11":"product_cat-regalo","13":"first","14":"outofstock","15":"taxable","16":"shipping-taxable","17":"purchasable","18":"product-type-simple"},"acf":{"autor":"D. HUGHES, CATHERINE","codart":"848298614","libros-coleccion":"","ediciones":"1","encuadernacion":"Carton\u00e9","fecha_de_publicacion":"01\/06\/2015","novedad":"0","paginas":"128","subtitulo":"","orden":"999","portada":"0","idioma":"spa","autores-libros":[{"ID":152587,"post_author":"3","post_date":"2022-10-14 14:49:58","post_date_gmt":"2022-10-14 12:49:58","post_content":"","post_title":"CATHERINE D. HUGHES","post_excerpt":"","post_status":"publish","comment_status":"closed","ping_status":"closed","post_password":"","post_name":"catherine-d-hughes","to_ping":"","pinged":"","post_modified":"2022-10-14 14:49:58","post_modified_gmt":"2022-10-14 12:49:58","post_content_filtered":"","post_parent":0,"guid":"http:\/\/dev.claret.cat\/autor\/catherine-d-hughes\/","menu_order":0,"post_type":"autor","post_mime_type":"","comment_count":"0","filter":"raw"}],"editorial":[{"ID":262344,"post_author":"3","post_date":"2022-10-24 11:23:08","post_date_gmt":"2022-10-24 09:23:08","post_content":"","post_title":"NATIONAL GEOGRAPHIC SOCIETY","post_excerpt":"","post_status":"publish","comment_status":"closed","ping_status":"closed","post_password":"","post_name":"national-geographic-society","to_ping":"","pinged":"","post_modified":"2022-10-24 11:23:08","post_modified_gmt":"2022-10-24 09:23:08","post_content_filtered":"","post_parent":0,"guid":"http:\/\/dev.claret.cat\/editorial\/national-geographic-society\/","menu_order":0,"post_type":"editorial","post_mime_type":"","comment_count":"0","filter":"raw"}],"booktrailer":"","resenas":""},"aioseo_notices":[],"_links":{"self":[{"href":"https:\/\/www.claret.cat\/es\/wp-json\/wp\/v2\/product\/251729","targetHints":{"allow":["GET"]}}],"collection":[{"href":"https:\/\/www.claret.cat\/es\/wp-json\/wp\/v2\/product"}],"about":[{"href":"https:\/\/www.claret.cat\/es\/wp-json\/wp\/v2\/types\/product"}],"wp:featuredmedia":[{"embeddable":true,"href":"https:\/\/www.claret.cat\/es\/wp-json\/wp\/v2\/media\/1072148"}],"wp:attachment":[{"href":"https:\/\/www.claret.cat\/es\/wp-json\/wp\/v2\/media?parent=251729"}],"wp:term":[{"taxonomy":"product_brand","embeddable":true,"href":"https:\/\/www.claret.cat\/es\/wp-json\/wp\/v2\/product_brand?post=251729"},{"taxonomy":"product_cat","embeddable":true,"href":"https:\/\/www.claret.cat\/es\/wp-json\/wp\/v2\/product_cat?post=251729"},{"taxonomy":"product_tag","embeddable":true,"href":"https:\/\/www.claret.cat\/es\/wp-json\/wp\/v2\/product_tag?post=251729"}],"curies":[{"name":"wp","href":"https:\/\/api.w.org\/{rel}","templated":true}]}}