{"id":25175,"date":"2022-10-02T10:27:00","date_gmt":"2022-10-02T08:27:00","guid":{"rendered":"http:\/\/dev.claret.cat\/producte\/laneguet-lleig-vet-aqui-un-gat\/"},"modified":"2023-01-28T21:58:13","modified_gmt":"2023-01-28T20:58:13","slug":"laneguet-lleig-vet-aqui-un-gat-9788491010654","status":"publish","type":"product","link":"https:\/\/www.claret.cat\/es\/libro\/laneguet-lleig-vet-aqui-un-gat-9788491010654\/","title":{"rendered":"L&#8221;ANEGUET LLEIG. VET AQU\u00cd UN GAT"},"content":{"rendered":"<p>Amb la col\u00b7lecci\u00f3 Vet aqu\u00ed un gat, a m\u00e9s d?escoltar la narraci\u00f3 de L?aneguet lleig, els nens i les nenes podran realitzar un munt d?activitats com relacionar, dibuixar, comptar, identificar, pintar, etc., ambientades en els escenaris d?aquest conte. Cada activitat pret\u00e9n estimular, de manera l\u00fadica, el desenvolupament de diferents habilitats.<\/p>\n","protected":false},"excerpt":{"rendered":"<p>NAVARRO, \u00c0NGELS<\/p>\n","protected":false},"featured_media":75738,"template":"","meta":{"_acf_changed":false,"om_disable_all_campaigns":false,"rs_blank_template":"","rs_page_bg_color":"","slide_template_v7":"","inline_featured_image":false,"_monsterinsights_skip_tracking":false,"_monsterinsights_sitenote_active":false,"_monsterinsights_sitenote_note":"","_monsterinsights_sitenote_category":0},"product_brand":[],"product_cat":[86],"product_tag":[],"class_list":{"0":"post-25175","1":"product","2":"type-product","3":"status-publish","4":"has-post-thumbnail","6":"product_cat-infantil","8":"first","9":"instock","10":"taxable","11":"shipping-taxable","12":"purchasable","13":"product-type-simple"},"acf":{"autor":"NAVARRO, \u00c0NGELS","codart":"849101065","libros-coleccion":"","ediciones":"1","encuadernacion":"R\u00fastica","fecha_de_publicacion":"01\/02\/2016","novedad":"0","paginas":"32","subtitulo":"","orden":"999","portada":"0","idioma":"cat","editorial":[{"ID":147649,"post_author":"3","post_date":"2022-10-14 11:52:11","post_date_gmt":"2022-10-14 09:52:11","post_content":"","post_title":"COMBEL EDITORIAL","post_excerpt":"","post_status":"publish","comment_status":"closed","ping_status":"closed","post_password":"","post_name":"combel-editorial","to_ping":"","pinged":"","post_modified":"2022-10-14 11:52:11","post_modified_gmt":"2022-10-14 09:52:11","post_content_filtered":"","post_parent":0,"guid":"http:\/\/dev.claret.cat\/editorial\/combel-editorial\/","menu_order":0,"post_type":"editorial","post_mime_type":"","comment_count":"0","filter":"raw"}],"autores-libros":[{"ID":150484,"post_author":"3","post_date":"2022-10-14 14:33:20","post_date_gmt":"2022-10-14 12:33:20","post_content":"","post_title":"\u00c0NGELS NAVARRO","post_excerpt":"","post_status":"publish","comment_status":"closed","ping_status":"closed","post_password":"","post_name":"angels-navarro","to_ping":"","pinged":"","post_modified":"2022-10-14 14:33:20","post_modified_gmt":"2022-10-14 12:33:20","post_content_filtered":"","post_parent":0,"guid":"http:\/\/dev.claret.cat\/autor\/angels-navarro\/","menu_order":0,"post_type":"autor","post_mime_type":"","comment_count":"0","filter":"raw"}]},"aioseo_notices":[],"_links":{"self":[{"href":"https:\/\/www.claret.cat\/es\/wp-json\/wp\/v2\/product\/25175","targetHints":{"allow":["GET"]}}],"collection":[{"href":"https:\/\/www.claret.cat\/es\/wp-json\/wp\/v2\/product"}],"about":[{"href":"https:\/\/www.claret.cat\/es\/wp-json\/wp\/v2\/types\/product"}],"wp:featuredmedia":[{"embeddable":true,"href":"https:\/\/www.claret.cat\/es\/wp-json\/wp\/v2\/media\/75738"}],"wp:attachment":[{"href":"https:\/\/www.claret.cat\/es\/wp-json\/wp\/v2\/media?parent=25175"}],"wp:term":[{"taxonomy":"product_brand","embeddable":true,"href":"https:\/\/www.claret.cat\/es\/wp-json\/wp\/v2\/product_brand?post=25175"},{"taxonomy":"product_cat","embeddable":true,"href":"https:\/\/www.claret.cat\/es\/wp-json\/wp\/v2\/product_cat?post=25175"},{"taxonomy":"product_tag","embeddable":true,"href":"https:\/\/www.claret.cat\/es\/wp-json\/wp\/v2\/product_tag?post=25175"}],"curies":[{"name":"wp","href":"https:\/\/api.w.org\/{rel}","templated":true}]}}