{"id":251953,"date":"2022-10-21T09:54:18","date_gmt":"2022-10-21T07:54:18","guid":{"rendered":"http:\/\/dev.claret.cat\/producte\/diccionario-de-san-josemaria-escriva-de-balaguer\/"},"modified":"2024-12-17T11:31:47","modified_gmt":"2024-12-17T10:31:47","slug":"diccionario-de-san-josemaria-escriva-de-balaguer-9788483536896","status":"publish","type":"product","link":"https:\/\/www.claret.cat\/es\/libro\/diccionario-de-san-josemaria-escriva-de-balaguer-9788483536896\/","title":{"rendered":"DICCIONARIO DE SAN JOSEMAR\u00cdA ESCRIV\u00c1 DE BALAGUER"},"content":{"rendered":"","protected":false},"excerpt":{"rendered":"<p>ILLANES, JOS\u00c9 LUIS<\/p>\n","protected":false},"featured_media":996136,"template":"","meta":{"_acf_changed":false,"om_disable_all_campaigns":false,"rs_blank_template":"","rs_page_bg_color":"","slide_template_v7":"","inline_featured_image":false,"_monsterinsights_skip_tracking":false,"_monsterinsights_sitenote_active":false,"_monsterinsights_sitenote_note":"","_monsterinsights_sitenote_category":0},"product_brand":[],"product_cat":[92,542],"product_tag":[],"class_list":{"0":"post-251953","1":"product","2":"type-product","3":"status-publish","4":"has-post-thumbnail","6":"product_cat-vida-religiosa","7":"product_cat-vida-religiosa-1_espiritualidad-spa","9":"first","10":"instock","11":"taxable","12":"shipping-taxable","13":"purchasable","14":"product-type-simple"},"acf":{"autor":"ILLANES, JOS\u00c9 LUIS","codart":"848353689","libros-coleccion":"","ediciones":"3","encuadernacion":"Carton\u00e9","fecha_de_publicacion":"20\/05\/2015","novedad":"0","paginas":"1360","subtitulo":"","orden":"999","portada":"0","idioma":"spa","editorial":[{"ID":6309,"post_author":"3","post_date":"2022-07-28 17:49:25","post_date_gmt":"2022-07-28 15:49:25","post_content":"","post_title":"Monte Carmelo","post_excerpt":"","post_status":"publish","comment_status":"closed","ping_status":"closed","post_password":"","post_name":"monte-carmelo","to_ping":"","pinged":"","post_modified":"2022-07-28 17:49:25","post_modified_gmt":"2022-07-28 15:49:25","post_content_filtered":"","post_parent":0,"guid":"http:\/\/dev.claret.cat\/editorial\/monte-carmelo\/","menu_order":0,"post_type":"editorial","post_mime_type":"","comment_count":"0","filter":"raw"}],"autores-libros":[{"ID":293677,"post_author":"3","post_date":"2022-12-11 03:04:44","post_date_gmt":"2022-12-11 02:04:44","post_content":"","post_title":"JOSE LUIS ILLANES","post_excerpt":"","post_status":"publish","comment_status":"closed","ping_status":"closed","post_password":"","post_name":"jose-luis-illanes","to_ping":"","pinged":"","post_modified":"2022-12-11 03:04:44","post_modified_gmt":"2022-12-11 02:04:44","post_content_filtered":"","post_parent":0,"guid":"http:\/\/dev.claret.cat\/autor\/jose-luis-illanes\/","menu_order":0,"post_type":"autor","post_mime_type":"","comment_count":"0","filter":"raw"}]},"aioseo_notices":[],"_links":{"self":[{"href":"https:\/\/www.claret.cat\/es\/wp-json\/wp\/v2\/product\/251953","targetHints":{"allow":["GET"]}}],"collection":[{"href":"https:\/\/www.claret.cat\/es\/wp-json\/wp\/v2\/product"}],"about":[{"href":"https:\/\/www.claret.cat\/es\/wp-json\/wp\/v2\/types\/product"}],"wp:featuredmedia":[{"embeddable":true,"href":"https:\/\/www.claret.cat\/es\/wp-json\/wp\/v2\/media\/996136"}],"wp:attachment":[{"href":"https:\/\/www.claret.cat\/es\/wp-json\/wp\/v2\/media?parent=251953"}],"wp:term":[{"taxonomy":"product_brand","embeddable":true,"href":"https:\/\/www.claret.cat\/es\/wp-json\/wp\/v2\/product_brand?post=251953"},{"taxonomy":"product_cat","embeddable":true,"href":"https:\/\/www.claret.cat\/es\/wp-json\/wp\/v2\/product_cat?post=251953"},{"taxonomy":"product_tag","embeddable":true,"href":"https:\/\/www.claret.cat\/es\/wp-json\/wp\/v2\/product_tag?post=251953"}],"curies":[{"name":"wp","href":"https:\/\/api.w.org\/{rel}","templated":true}]}}