{"id":251960,"date":"2022-10-21T09:54:32","date_gmt":"2022-10-21T07:54:32","guid":{"rendered":"http:\/\/dev.claret.cat\/producte\/las-aventuras-de-sherlock-holmes-4\/"},"modified":"2024-05-23T23:20:43","modified_gmt":"2024-05-23T21:20:43","slug":"las-aventuras-de-sherlock-holmes-9788446041542","status":"publish","type":"product","link":"https:\/\/www.claret.cat\/es\/libro\/las-aventuras-de-sherlock-holmes-9788446041542\/","title":{"rendered":"LAS AVENTURAS DE SHERLOCK HOLMES"},"content":{"rendered":"<p>Cuando sir Arthur Conan Doyle convirti\u00f3 en personaje popular su Sherlock Holmes, el p\u00fablico incondicional, habituado a leer novelas por entregas en los peri\u00f3dicos y revistas, demand\u00f3 vorazmente nuevas historias ingeniosas y divertidas. Su autor, que sin duda prefer\u00eda el relato corto a la novela de gran extensi\u00f3n, public\u00f3 varias decenas de nuevos casos para lucir la perspicacia de su detective y entretener los mejores ratos de sus lectores fieles. En esta selecci\u00f3n se incluyen las doce aventuras favoritas del propio Conan Doyle, doce casos detectivescos, conmovedores unos, tr\u00e1gicos otros, c\u00f3micos varios, pero todos rebosantes de ingenio e imaginaci\u00f3n.<\/p>\n","protected":false},"excerpt":{"rendered":"<p>CONAN DOYLE, ARTHUR<\/p>\n","protected":false},"featured_media":348214,"template":"","meta":{"_acf_changed":false,"om_disable_all_campaigns":false,"rs_blank_template":"","rs_page_bg_color":"","slide_template_v7":"","inline_featured_image":false,"_monsterinsights_skip_tracking":false,"_monsterinsights_sitenote_active":false,"_monsterinsights_sitenote_note":"","_monsterinsights_sitenote_category":0},"product_brand":[],"product_cat":[354,123],"product_tag":[],"class_list":{"0":"post-251960","1":"product","2":"type-product","3":"status-publish","4":"has-post-thumbnail","6":"product_cat-clasica","7":"product_cat-classica","9":"first","10":"instock","11":"taxable","12":"shipping-taxable","13":"purchasable","14":"product-type-simple"},"acf":{"autor":"CONAN DOYLE, ARTHUR","codart":"844604154","libros-coleccion":"","ediciones":"1","encuadernacion":"R\u00fastica","fecha_de_publicacion":"19\/05\/2015","novedad":"0","paginas":"328","subtitulo":"","orden":"999","portada":"0","idioma":"spa","editorial":[{"ID":6115,"post_author":"3","post_date":"2022-07-28 17:45:13","post_date_gmt":"2022-07-28 15:45:13","post_content":"","post_title":"AKAL, EDICIONES S.A.","post_excerpt":"","post_status":"publish","comment_status":"closed","ping_status":"closed","post_password":"","post_name":"akal-ediciones-s-a","to_ping":"","pinged":"","post_modified":"2022-07-28 17:45:13","post_modified_gmt":"2022-07-28 15:45:13","post_content_filtered":"","post_parent":0,"guid":"http:\/\/dev.claret.cat\/editorial\/akal-ediciones-s-a\/","menu_order":0,"post_type":"editorial","post_mime_type":"","comment_count":"0","filter":"raw"}],"autores-libros":[{"ID":169589,"post_author":"3","post_date":"2022-10-14 22:28:26","post_date_gmt":"2022-10-14 20:28:26","post_content":"","post_title":"SIR ARTHUR CONAN DOYLE","post_excerpt":"","post_status":"publish","comment_status":"closed","ping_status":"closed","post_password":"","post_name":"sir-arthur-conan-doyle","to_ping":"","pinged":"","post_modified":"2022-10-14 22:28:26","post_modified_gmt":"2022-10-14 20:28:26","post_content_filtered":"","post_parent":0,"guid":"http:\/\/dev.claret.cat\/autor\/sir-arthur-conan-doyle\/","menu_order":0,"post_type":"autor","post_mime_type":"","comment_count":"0","filter":"raw"}]},"aioseo_notices":[],"_links":{"self":[{"href":"https:\/\/www.claret.cat\/es\/wp-json\/wp\/v2\/product\/251960","targetHints":{"allow":["GET"]}}],"collection":[{"href":"https:\/\/www.claret.cat\/es\/wp-json\/wp\/v2\/product"}],"about":[{"href":"https:\/\/www.claret.cat\/es\/wp-json\/wp\/v2\/types\/product"}],"wp:featuredmedia":[{"embeddable":true,"href":"https:\/\/www.claret.cat\/es\/wp-json\/wp\/v2\/media\/348214"}],"wp:attachment":[{"href":"https:\/\/www.claret.cat\/es\/wp-json\/wp\/v2\/media?parent=251960"}],"wp:term":[{"taxonomy":"product_brand","embeddable":true,"href":"https:\/\/www.claret.cat\/es\/wp-json\/wp\/v2\/product_brand?post=251960"},{"taxonomy":"product_cat","embeddable":true,"href":"https:\/\/www.claret.cat\/es\/wp-json\/wp\/v2\/product_cat?post=251960"},{"taxonomy":"product_tag","embeddable":true,"href":"https:\/\/www.claret.cat\/es\/wp-json\/wp\/v2\/product_tag?post=251960"}],"curies":[{"name":"wp","href":"https:\/\/api.w.org\/{rel}","templated":true}]}}