{"id":251978,"date":"2022-10-21T09:55:09","date_gmt":"2022-10-21T07:55:09","guid":{"rendered":"http:\/\/dev.claret.cat\/producte\/del-dialeg-ecumenic-al-dialeg-interreligios\/"},"modified":"2025-09-22T17:32:40","modified_gmt":"2025-09-22T15:32:40","slug":"del-dialeg-ecumenic-al-dialeg-interreligios-9788498469264","status":"publish","type":"product","link":"https:\/\/www.claret.cat\/es\/libro\/del-dialeg-ecumenic-al-dialeg-interreligios-9788498469264\/","title":{"rendered":"DEL DI\u00c0LEG ECUM\u00c8NIC AL DI\u00c0LEG INTERRELIGI\u00d3S"},"content":{"rendered":"","protected":false},"excerpt":{"rendered":"<p>MATABOSCH, ANTONI<\/p>\n","protected":false},"featured_media":368428,"template":"","meta":{"_acf_changed":false,"om_disable_all_campaigns":false,"rs_blank_template":"","rs_page_bg_color":"","slide_template_v7":"","inline_featured_image":false,"_monsterinsights_skip_tracking":false,"_monsterinsights_sitenote_active":false,"_monsterinsights_sitenote_note":"","_monsterinsights_sitenote_category":0},"product_brand":[],"product_cat":[90,581,540],"product_tag":[],"class_list":{"0":"post-251978","1":"product","2":"type-product","3":"status-publish","4":"has-post-thumbnail","6":"product_cat-altres","7":"product_cat-editorial-claret","8":"product_cat-otros","10":"first","11":"instock","12":"taxable","13":"shipping-taxable","14":"purchasable","15":"product-type-simple"},"acf":{"autor":"MATABOSCH, ANTONI","codart":"849846926","libros-coleccion":"","ediciones":"1","encuadernacion":"Grapado","fecha_de_publicacion":"15\/05\/2015","novedad":"0","paginas":"48","subtitulo":"CARACTER\u00cdSTIQUES I POSSIBILITATS","orden":"999","portada":"0","idioma":"cat","editorial":[{"ID":6158,"post_author":"3","post_date":"2022-07-28 17:46:08","post_date_gmt":"2022-07-28 15:46:08","post_content":"","post_title":"CLARET","post_excerpt":"","post_status":"publish","comment_status":"closed","ping_status":"closed","post_password":"","post_name":"claret","to_ping":"","pinged":"","post_modified":"2022-07-28 17:46:08","post_modified_gmt":"2022-07-28 15:46:08","post_content_filtered":"","post_parent":0,"guid":"http:\/\/dev.claret.cat\/editorial\/claret\/","menu_order":0,"post_type":"editorial","post_mime_type":"","comment_count":"0","filter":"raw"}],"autores-libros":[{"ID":150830,"post_author":"3","post_date":"2022-10-14 14:36:04","post_date_gmt":"2022-10-14 12:36:04","post_content":"","post_title":"ANTONI MATABOSCH","post_excerpt":"","post_status":"publish","comment_status":"closed","ping_status":"closed","post_password":"","post_name":"antoni-matabosch","to_ping":"","pinged":"","post_modified":"2022-10-14 14:36:04","post_modified_gmt":"2022-10-14 12:36:04","post_content_filtered":"","post_parent":0,"guid":"http:\/\/dev.claret.cat\/autor\/antoni-matabosch\/","menu_order":0,"post_type":"autor","post_mime_type":"","comment_count":"0","filter":"raw"}],"booktrailer":"","resenas":""},"aioseo_notices":[],"_links":{"self":[{"href":"https:\/\/www.claret.cat\/es\/wp-json\/wp\/v2\/product\/251978","targetHints":{"allow":["GET"]}}],"collection":[{"href":"https:\/\/www.claret.cat\/es\/wp-json\/wp\/v2\/product"}],"about":[{"href":"https:\/\/www.claret.cat\/es\/wp-json\/wp\/v2\/types\/product"}],"wp:featuredmedia":[{"embeddable":true,"href":"https:\/\/www.claret.cat\/es\/wp-json\/wp\/v2\/media\/368428"}],"wp:attachment":[{"href":"https:\/\/www.claret.cat\/es\/wp-json\/wp\/v2\/media?parent=251978"}],"wp:term":[{"taxonomy":"product_brand","embeddable":true,"href":"https:\/\/www.claret.cat\/es\/wp-json\/wp\/v2\/product_brand?post=251978"},{"taxonomy":"product_cat","embeddable":true,"href":"https:\/\/www.claret.cat\/es\/wp-json\/wp\/v2\/product_cat?post=251978"},{"taxonomy":"product_tag","embeddable":true,"href":"https:\/\/www.claret.cat\/es\/wp-json\/wp\/v2\/product_tag?post=251978"}],"curies":[{"name":"wp","href":"https:\/\/api.w.org\/{rel}","templated":true}]}}