{"id":251993,"date":"2022-10-21T09:55:41","date_gmt":"2022-10-21T07:55:41","guid":{"rendered":"http:\/\/dev.claret.cat\/producte\/el-aroma-del-tiempo-2\/"},"modified":"2026-01-28T12:07:21","modified_gmt":"2026-01-28T11:07:21","slug":"el-aroma-del-tiempo-9788425433924","status":"publish","type":"product","link":"https:\/\/www.claret.cat\/es\/libro\/el-aroma-del-tiempo-9788425433924\/","title":{"rendered":"EL AROMA DEL TIEMPO"},"content":{"rendered":"<p>Byung-Chul Han reflexiona en este ensayo sobre la crisis temporal contempor\u00e1nea, en di\u00e1logo con Nietzsche y Heidegger. La fugacidad de cada instante y la ausencia de un ritmo que d\u00e9 un sentido a la vida y a la muerte, nos sit\u00faa ante un nuevo escenario temporal, que ya ha dejado atr\u00e1s la noci\u00f3n del tiempo como narraci\u00f3n.<\/p>\n<p>Seg\u00fan Byung-Chul Han, no estamos ante una aceleraci\u00f3n del tiempo, sino ante la atomizaci\u00f3n y dispersi\u00f3n temporal \u2014a la que llama disincron\u00eda\u2014. Cada instante es igual al otro y no existe ni un ritmo ni un rumbo que d\u00e9 sentido a la vida. El tiempo se escapa porque nada concluye, y todo, incluido uno mismo, se experimenta como ef\u00edmero y fugaz. La muerte es un instante m\u00e1s, lo cual invalida la vivencia de la muerte, en Nietzsche y Heidegger por ejemplo, como consumaci\u00f3n de una unidad con sentido.<\/p>\n<p> El presente libro sigue el rastro, hist\u00f3rica y sistem\u00e1ticamente, de las causas y s\u00edntomas de esta disincron\u00eda. Pero el final del tiempo como duraci\u00f3n narrativa no tiene por qu\u00e9 traer consigo un vac\u00edo temporal. Al contrario, da lugar a la posibilidad de una vida que no necesita de la teolog\u00eda ni la teleolog\u00eda, y que a pesar de ello tiene su propio aroma. Pero para ello es necesario un cambio. En palabras de Byung-Chul Han, \u00abla crisis temporal solo se superar\u00e1 en el momento en que la vita activa, en plena crisis, acoja de nuevo la vita contemplativa en su seno.\u00bb<\/p>\n","protected":false},"excerpt":{"rendered":"<p>HAN, BYUNG &#8211; CHUL<\/p>\n","protected":false},"featured_media":331301,"template":"","meta":{"_acf_changed":false,"om_disable_all_campaigns":false,"rs_blank_template":"","rs_page_bg_color":"","slide_template_v7":"","inline_featured_image":false,"_monsterinsights_skip_tracking":false,"_monsterinsights_sitenote_active":false,"_monsterinsights_sitenote_note":"","_monsterinsights_sitenote_category":0},"product_brand":[],"product_cat":[84,350],"product_tag":[],"class_list":{"0":"post-251993","1":"product","2":"type-product","3":"status-publish","4":"has-post-thumbnail","6":"product_cat-sociologia","7":"product_cat-sociologia-2_humanidades","9":"first","10":"instock","11":"taxable","12":"shipping-taxable","13":"purchasable","14":"product-type-simple"},"acf":{"autor":"HAN, BYUNG - CHUL","codart":"842543392","libros-coleccion":"","ediciones":"1","encuadernacion":"R\u00fastica","fecha_de_publicacion":"14\/05\/2015","novedad":"0","paginas":"168","subtitulo":"UN ENSAYO FILOS\u00d3FICO SOBRE EL ARTE DE DEMORARSE","orden":"999","portada":"0","idioma":"spa","editorial":[{"ID":6266,"post_author":"3","post_date":"2022-07-28 17:48:31","post_date_gmt":"2022-07-28 15:48:31","post_content":"","post_title":"HERDER","post_excerpt":"","post_status":"publish","comment_status":"closed","ping_status":"closed","post_password":"","post_name":"herder","to_ping":"","pinged":"","post_modified":"2022-07-28 17:48:31","post_modified_gmt":"2022-07-28 15:48:31","post_content_filtered":"","post_parent":0,"guid":"http:\/\/dev.claret.cat\/editorial\/herder\/","menu_order":0,"post_type":"editorial","post_mime_type":"","comment_count":"0","filter":"raw"}],"autores-libros":[{"ID":151972,"post_author":"3","post_date":"2022-10-14 14:45:06","post_date_gmt":"2022-10-14 12:45:06","post_content":"","post_title":"BYUNG - CHUL HAN","post_excerpt":"","post_status":"publish","comment_status":"closed","ping_status":"closed","post_password":"","post_name":"byung-chul-han","to_ping":"","pinged":"","post_modified":"2022-10-14 14:45:06","post_modified_gmt":"2022-10-14 12:45:06","post_content_filtered":"","post_parent":0,"guid":"http:\/\/dev.claret.cat\/autor\/byung-chul-han\/","menu_order":0,"post_type":"autor","post_mime_type":"","comment_count":"0","filter":"raw"}],"booktrailer":"","resenas":""},"aioseo_notices":[],"_links":{"self":[{"href":"https:\/\/www.claret.cat\/es\/wp-json\/wp\/v2\/product\/251993","targetHints":{"allow":["GET"]}}],"collection":[{"href":"https:\/\/www.claret.cat\/es\/wp-json\/wp\/v2\/product"}],"about":[{"href":"https:\/\/www.claret.cat\/es\/wp-json\/wp\/v2\/types\/product"}],"wp:featuredmedia":[{"embeddable":true,"href":"https:\/\/www.claret.cat\/es\/wp-json\/wp\/v2\/media\/331301"}],"wp:attachment":[{"href":"https:\/\/www.claret.cat\/es\/wp-json\/wp\/v2\/media?parent=251993"}],"wp:term":[{"taxonomy":"product_brand","embeddable":true,"href":"https:\/\/www.claret.cat\/es\/wp-json\/wp\/v2\/product_brand?post=251993"},{"taxonomy":"product_cat","embeddable":true,"href":"https:\/\/www.claret.cat\/es\/wp-json\/wp\/v2\/product_cat?post=251993"},{"taxonomy":"product_tag","embeddable":true,"href":"https:\/\/www.claret.cat\/es\/wp-json\/wp\/v2\/product_tag?post=251993"}],"curies":[{"name":"wp","href":"https:\/\/api.w.org\/{rel}","templated":true}]}}