{"id":252048,"date":"2022-10-21T09:57:29","date_gmt":"2022-10-21T07:57:29","guid":{"rendered":"http:\/\/dev.claret.cat\/producte\/hay-esperanza-para-la-creacion-amenazada\/"},"modified":"2025-05-22T11:05:11","modified_gmt":"2025-05-22T09:05:11","slug":"hay-esperanza-para-la-creacion-amenazada-9788429324433","status":"publish","type":"product","link":"https:\/\/www.claret.cat\/es\/libro\/hay-esperanza-para-la-creacion-amenazada-9788429324433\/","title":{"rendered":"\u00bfHAY ESPERANZA PARA LA CREACI\u00d3N AMENAZADA?"},"content":{"rendered":"<p>J\u00fcrgen Moltmann y Leonardo Boff, con su pasi\u00f3n por la vida, nos recuerdan que Cristo sigue siendo crucificado y vive a diario su pasi\u00f3n en quienes sufren, en quienes mueren prematuramente, en los muchos hombres y mujeres para quienes, como para el Ni\u00f1o de Nazaret, no hay lugar a\u00fan en este mundo.<\/p>\n","protected":false},"excerpt":{"rendered":"<p>MOLTMANN, J\u00dcRGEN; BOFF, LEONARDO<\/p>\n","protected":false},"featured_media":340318,"template":"","meta":{"_acf_changed":false,"om_disable_all_campaigns":false,"rs_blank_template":"","rs_page_bg_color":"","slide_template_v7":"","inline_featured_image":false,"_monsterinsights_skip_tracking":false,"_monsterinsights_sitenote_active":false,"_monsterinsights_sitenote_note":"","_monsterinsights_sitenote_category":0},"product_brand":[],"product_cat":[90,540],"product_tag":[],"class_list":{"0":"post-252048","1":"product","2":"type-product","3":"status-publish","4":"has-post-thumbnail","6":"product_cat-altres","7":"product_cat-otros","9":"first","10":"instock","11":"taxable","12":"shipping-taxable","13":"purchasable","14":"product-type-simple"},"acf":{"autor":"MOLTMANN, J\u00dcRGEN; BOFF, LEONARDO","codart":"842932443","libros-coleccion":"","ediciones":"1","encuadernacion":"R\u00fastica","fecha_de_publicacion":"07\/05\/2015","novedad":"0","paginas":"120","subtitulo":"","orden":"999","portada":"0","idioma":"spa","editorial":[{"ID":6351,"post_author":"3","post_date":"2022-07-28 17:50:19","post_date_gmt":"2022-07-28 15:50:19","post_content":"","post_title":"Sal Terrae","post_excerpt":"","post_status":"publish","comment_status":"closed","ping_status":"closed","post_password":"","post_name":"sal-terrae","to_ping":"","pinged":"","post_modified":"2022-07-28 17:50:19","post_modified_gmt":"2022-07-28 15:50:19","post_content_filtered":"","post_parent":0,"guid":"http:\/\/dev.claret.cat\/editorial\/sal-terrae\/","menu_order":0,"post_type":"editorial","post_mime_type":"","comment_count":"0","filter":"raw"}],"autores-libros":[{"ID":5720,"post_author":"3","post_date":"2022-07-28 17:30:01","post_date_gmt":"2022-07-28 15:30:01","post_content":"","post_title":"LEONARDO BOFF","post_excerpt":"","post_status":"publish","comment_status":"closed","ping_status":"closed","post_password":"","post_name":"leonardo-boff","to_ping":"","pinged":"","post_modified":"2022-07-28 17:30:01","post_modified_gmt":"2022-07-28 15:30:01","post_content_filtered":"","post_parent":0,"guid":"http:\/\/dev.claret.cat\/autor\/leonardo-boff\/","menu_order":0,"post_type":"autor","post_mime_type":"","comment_count":"0","filter":"raw"},{"ID":5697,"post_author":"3","post_date":"2022-07-28 17:29:32","post_date_gmt":"2022-07-28 15:29:32","post_content":"","post_title":"JURGEN MOLTMANN","post_excerpt":"","post_status":"publish","comment_status":"closed","ping_status":"closed","post_password":"","post_name":"jurgen-moltmann","to_ping":"","pinged":"","post_modified":"2022-07-28 17:29:32","post_modified_gmt":"2022-07-28 15:29:32","post_content_filtered":"","post_parent":0,"guid":"http:\/\/dev.claret.cat\/autor\/jurgen-moltmann\/","menu_order":0,"post_type":"autor","post_mime_type":"","comment_count":"0","filter":"raw"}],"booktrailer":"","resenas":""},"aioseo_notices":[],"_links":{"self":[{"href":"https:\/\/www.claret.cat\/es\/wp-json\/wp\/v2\/product\/252048","targetHints":{"allow":["GET"]}}],"collection":[{"href":"https:\/\/www.claret.cat\/es\/wp-json\/wp\/v2\/product"}],"about":[{"href":"https:\/\/www.claret.cat\/es\/wp-json\/wp\/v2\/types\/product"}],"wp:featuredmedia":[{"embeddable":true,"href":"https:\/\/www.claret.cat\/es\/wp-json\/wp\/v2\/media\/340318"}],"wp:attachment":[{"href":"https:\/\/www.claret.cat\/es\/wp-json\/wp\/v2\/media?parent=252048"}],"wp:term":[{"taxonomy":"product_brand","embeddable":true,"href":"https:\/\/www.claret.cat\/es\/wp-json\/wp\/v2\/product_brand?post=252048"},{"taxonomy":"product_cat","embeddable":true,"href":"https:\/\/www.claret.cat\/es\/wp-json\/wp\/v2\/product_cat?post=252048"},{"taxonomy":"product_tag","embeddable":true,"href":"https:\/\/www.claret.cat\/es\/wp-json\/wp\/v2\/product_tag?post=252048"}],"curies":[{"name":"wp","href":"https:\/\/api.w.org\/{rel}","templated":true}]}}