{"id":252163,"date":"2022-10-21T10:00:40","date_gmt":"2022-10-21T08:00:40","guid":{"rendered":"http:\/\/dev.claret.cat\/producte\/excursions-amb-nens-per-la-costa-brava-i-les-comarques-dinterior-de-girona-des-duna-area-de-picnic\/"},"modified":"2024-04-29T10:40:54","modified_gmt":"2024-04-29T08:40:54","slug":"excursions-amb-nens-per-la-costa-brava-i-les-comarques-dinterior-de-girona-des-duna-area-de-picnic-9788490343203","status":"publish","type":"product","link":"https:\/\/www.claret.cat\/es\/libro\/excursions-amb-nens-per-la-costa-brava-i-les-comarques-dinterior-de-girona-des-duna-area-de-picnic-9788490343203\/","title":{"rendered":"EXCURSIONS AMB NENS PER LA COSTA BRAVA I LES COMARQUES D&#8221;INTERIOR DE GIRONA DES D&#8217;UNA \u00c0REA DE PICNIC"},"content":{"rendered":"<p>Excursions amb nens per la Costa Brava i les comarques d\u2019interior de Girona des d\u2019una \u00e0rea de p\u00edcnic \u00e9s una guia f\u00e0cil i entenedora, que recull 12 itineraris per l\u2019Alt Empord\u00e0, la Garrotxa, el Pla de l\u2019Estany, la Selva, el Baix Empord\u00e0 i el Giron\u00e8s per fer a peu i en BTT, assequible per a totes les condicions f\u00edsiques i edats, especialment indicada per fer en fam\u00edlia. Amb aquest llibre podreu seguir les passes d\u2019antics contrabandistes per cales amagades, enfilar-vos als merlets d\u2019un castell medieval per contemplar el mar on navegaven vaixells pirates, endinsar-vos a l\u2019interior d\u2019un volc\u00e0 adormit, anar a la recerca de palaus de fades en un bosc encantat o escoltar el cant de les granotes mentre pedaleu enmig d\u2019aiguamolls plens d\u2019aus. Totes les rutes proposades tenen com a nexe una \u00e0rea de p\u00edcnic, origen i dest\u00ed des d\u2019on emprendre l\u2019aventura o refer forces despr\u00e9s d\u2019una jornada d\u2019acci\u00f3, amb una acurada descripci\u00f3 dels seus equipaments i serveis, la manera d\u2019accedir-hi o els tel\u00e8fons de contacte. La que teniu a les mans \u00e9s la quarta d&#8217;aquesta s\u00e8rie.<\/p>\n","protected":false},"excerpt":{"rendered":"<p>VASTENAVOND, BARBARA \/ SERVENT, RAFAEL<\/p>\n","protected":false},"featured_media":319812,"template":"","meta":{"_acf_changed":false,"om_disable_all_campaigns":false,"rs_blank_template":"","rs_page_bg_color":"","slide_template_v7":"","inline_featured_image":false,"_monsterinsights_skip_tracking":false,"_monsterinsights_sitenote_active":false,"_monsterinsights_sitenote_note":"","_monsterinsights_sitenote_category":0},"product_brand":[],"product_cat":[557,107],"product_tag":[],"class_list":{"0":"post-252163","1":"product","2":"type-product","3":"status-publish","4":"has-post-thumbnail","6":"product_cat-guias-de-viaje","7":"product_cat-guies-de-viatge","9":"first","10":"instock","11":"taxable","12":"shipping-taxable","13":"purchasable","14":"product-type-simple"},"acf":{"autor":"VASTENAVOND, BARBARA \/ SERVENT, RAFAEL","codart":"849034320","libros-coleccion":"","ediciones":"1","encuadernacion":"R\u00fastica","fecha_de_publicacion":"01\/05\/2015","novedad":"0","paginas":"60","subtitulo":"","orden":"999","portada":"0","idioma":"cat","editorial":[{"ID":6171,"post_author":"3","post_date":"2022-07-28 17:46:25","post_date_gmt":"2022-07-28 15:46:25","post_content":"","post_title":"COSSETANIA EDICIONS","post_excerpt":"","post_status":"publish","comment_status":"closed","ping_status":"closed","post_password":"","post_name":"cossetania-edicions","to_ping":"","pinged":"","post_modified":"2022-07-28 17:46:25","post_modified_gmt":"2022-07-28 15:46:25","post_content_filtered":"","post_parent":0,"guid":"http:\/\/dev.claret.cat\/editorial\/cossetania-edicions\/","menu_order":0,"post_type":"editorial","post_mime_type":"","comment_count":"0","filter":"raw"}],"autores-libros":[{"ID":301250,"post_author":"3","post_date":"2022-12-16 02:48:08","post_date_gmt":"2022-12-16 01:48:08","post_content":"","post_title":"BARBARA VASTENAVOND","post_excerpt":"","post_status":"publish","comment_status":"closed","ping_status":"closed","post_password":"","post_name":"barbara-vastenavond","to_ping":"","pinged":"","post_modified":"2022-12-16 02:48:08","post_modified_gmt":"2022-12-16 01:48:08","post_content_filtered":"","post_parent":0,"guid":"http:\/\/dev.claret.cat\/autor\/barbara-vastenavond\/","menu_order":0,"post_type":"autor","post_mime_type":"","comment_count":"0","filter":"raw"},{"ID":319811,"post_author":"3","post_date":"2023-01-02 23:39:50","post_date_gmt":"2023-01-02 22:39:50","post_content":"","post_title":"RAFAEL SERVENT","post_excerpt":"","post_status":"publish","comment_status":"closed","ping_status":"closed","post_password":"","post_name":"rafael-servent","to_ping":"","pinged":"","post_modified":"2023-01-02 23:39:50","post_modified_gmt":"2023-01-02 22:39:50","post_content_filtered":"","post_parent":0,"guid":"https:\/\/www.claret.cat\/autor\/rafael-servent\/","menu_order":0,"post_type":"autor","post_mime_type":"","comment_count":"0","filter":"raw"}]},"aioseo_notices":[],"_links":{"self":[{"href":"https:\/\/www.claret.cat\/es\/wp-json\/wp\/v2\/product\/252163","targetHints":{"allow":["GET"]}}],"collection":[{"href":"https:\/\/www.claret.cat\/es\/wp-json\/wp\/v2\/product"}],"about":[{"href":"https:\/\/www.claret.cat\/es\/wp-json\/wp\/v2\/types\/product"}],"wp:featuredmedia":[{"embeddable":true,"href":"https:\/\/www.claret.cat\/es\/wp-json\/wp\/v2\/media\/319812"}],"wp:attachment":[{"href":"https:\/\/www.claret.cat\/es\/wp-json\/wp\/v2\/media?parent=252163"}],"wp:term":[{"taxonomy":"product_brand","embeddable":true,"href":"https:\/\/www.claret.cat\/es\/wp-json\/wp\/v2\/product_brand?post=252163"},{"taxonomy":"product_cat","embeddable":true,"href":"https:\/\/www.claret.cat\/es\/wp-json\/wp\/v2\/product_cat?post=252163"},{"taxonomy":"product_tag","embeddable":true,"href":"https:\/\/www.claret.cat\/es\/wp-json\/wp\/v2\/product_tag?post=252163"}],"curies":[{"name":"wp","href":"https:\/\/api.w.org\/{rel}","templated":true}]}}