{"id":252218,"date":"2022-10-21T10:02:12","date_gmt":"2022-10-21T08:02:12","guid":{"rendered":"http:\/\/dev.claret.cat\/producte\/mi-cuaderno-de-actividades-5-6-anos\/"},"modified":"2023-01-28T19:39:30","modified_gmt":"2023-01-28T18:39:30","slug":"mi-cuaderno-de-actividades-5-6-anos-9788416220601","status":"publish","type":"product","link":"https:\/\/www.claret.cat\/es\/libro\/mi-cuaderno-de-actividades-5-6-anos-9788416220601\/","title":{"rendered":"MI CUADERNO DE ACTIVIDADES (5 &#8211; 6 A\u00d1OS)"},"content":{"rendered":"<p>Un cuaderno de actividades con el que los ni\u00f1os de 5 a 6 a\u00f1os repasar\u00e1n y terminar\u00e1n de asimilar los conocimientos trabajados en el colegio<\/p>\n<p> Mi cuaderno de actividades Rubio est\u00e1 pensado para que se convierta en el compa\u00f1ero de tu hijo a lo largo de todo el curso escolar. Dividido en pr\u00e1cticas secciones, le ense\u00f1aremos, a trav\u00e9s de variadas fichas y juegos muy visuales, a seguir los puntos para dibujar las letras o los animales, aprender\u00e1 a reconocer figuras y a asociarlas entre ellas, se iniciar\u00e1 con sus primeras operaciones matem\u00e1ticas y le propondremos sencillos ejercicios en ingl\u00e9s.<\/p>\n<p> Es, pues, un cuaderno muy completo, que va alternando las diferentes actividades para que \u00a1aprender sea siempre algo nuevo y divertido!<\/p>\n","protected":false},"excerpt":{"rendered":"<p>CUADERNOS RUBIO<\/p>\n","protected":false},"featured_media":252219,"template":"","meta":{"_acf_changed":false,"om_disable_all_campaigns":false,"rs_blank_template":"","rs_page_bg_color":"","slide_template_v7":"","inline_featured_image":false,"_monsterinsights_skip_tracking":false,"_monsterinsights_sitenote_active":false,"_monsterinsights_sitenote_note":"","_monsterinsights_sitenote_category":0},"product_brand":[],"product_cat":[86],"product_tag":[],"class_list":{"0":"post-252218","1":"product","2":"type-product","3":"status-publish","4":"has-post-thumbnail","6":"product_cat-infantil","8":"first","9":"instock","10":"taxable","11":"shipping-taxable","12":"purchasable","13":"product-type-simple"},"acf":{"autor":"CUADERNOS RUBIO","codart":"841622060","libros-coleccion":"","ediciones":"1","encuadernacion":"R\u00fastica","fecha_de_publicacion":"01\/05\/2015","novedad":"0","paginas":"63","subtitulo":"MI CUADERNO DE ACTIVIDADES 5-6 A\u00d1OS","orden":"999","portada":"0","idioma":"spa","editorial":[{"ID":6263,"post_author":"3","post_date":"2022-07-28 17:48:27","post_date_gmt":"2022-07-28 15:48:27","post_content":"","post_title":"GRIJALBO","post_excerpt":"","post_status":"publish","comment_status":"closed","ping_status":"closed","post_password":"","post_name":"grijalbo","to_ping":"","pinged":"","post_modified":"2022-07-28 17:48:27","post_modified_gmt":"2022-07-28 15:48:27","post_content_filtered":"","post_parent":0,"guid":"http:\/\/dev.claret.cat\/editorial\/grijalbo\/","menu_order":0,"post_type":"editorial","post_mime_type":"","comment_count":"0","filter":"raw"}],"autores-libros":[{"ID":153427,"post_author":"3","post_date":"2022-10-14 14:56:41","post_date_gmt":"2022-10-14 12:56:41","post_content":"","post_title":"CUADERNOS RUBIO","post_excerpt":"","post_status":"publish","comment_status":"closed","ping_status":"closed","post_password":"","post_name":"cuadernos-rubio","to_ping":"","pinged":"","post_modified":"2022-10-14 14:56:41","post_modified_gmt":"2022-10-14 12:56:41","post_content_filtered":"","post_parent":0,"guid":"http:\/\/dev.claret.cat\/autor\/cuadernos-rubio\/","menu_order":0,"post_type":"autor","post_mime_type":"","comment_count":"0","filter":"raw"}]},"aioseo_notices":[],"_links":{"self":[{"href":"https:\/\/www.claret.cat\/es\/wp-json\/wp\/v2\/product\/252218","targetHints":{"allow":["GET"]}}],"collection":[{"href":"https:\/\/www.claret.cat\/es\/wp-json\/wp\/v2\/product"}],"about":[{"href":"https:\/\/www.claret.cat\/es\/wp-json\/wp\/v2\/types\/product"}],"wp:featuredmedia":[{"embeddable":true,"href":"https:\/\/www.claret.cat\/es\/wp-json\/wp\/v2\/media\/252219"}],"wp:attachment":[{"href":"https:\/\/www.claret.cat\/es\/wp-json\/wp\/v2\/media?parent=252218"}],"wp:term":[{"taxonomy":"product_brand","embeddable":true,"href":"https:\/\/www.claret.cat\/es\/wp-json\/wp\/v2\/product_brand?post=252218"},{"taxonomy":"product_cat","embeddable":true,"href":"https:\/\/www.claret.cat\/es\/wp-json\/wp\/v2\/product_cat?post=252218"},{"taxonomy":"product_tag","embeddable":true,"href":"https:\/\/www.claret.cat\/es\/wp-json\/wp\/v2\/product_tag?post=252218"}],"curies":[{"name":"wp","href":"https:\/\/api.w.org\/{rel}","templated":true}]}}