{"id":25229,"date":"2022-10-02T10:27:46","date_gmt":"2022-10-02T08:27:46","guid":{"rendered":"http:\/\/dev.claret.cat\/producte\/jesucristo\/"},"modified":"2024-05-22T19:51:47","modified_gmt":"2024-05-22T17:51:47","slug":"jesucristo-9788498423112","status":"publish","type":"product","link":"https:\/\/www.claret.cat\/es\/libro\/jesucristo-9788498423112\/","title":{"rendered":"JESUCRISTO"},"content":{"rendered":"<p>es\u00fas de Nazaret es la persona m\u00e1s importante de la historia de la humanidad y, en consecuencia, est\u00e1 justificado hacer lo posible para descubrir su aut\u00e9ntica identidad. Saber qui\u00e9n fue Jes\u00fas, qu\u00e9 dijo, qu\u00e9 hizo y qu\u00e9 propuso, sigue siendo fundamental. Este libro es una aproximaci\u00f3n al personaje de Jes\u00fas que da las claves b\u00e1sicas para comprenderlo, para entender los evangelios y lo que se ha dicho y dice de \u00e9l. Al escribirlo, el autor ha pensado en tantos adolescentes y j\u00f3venes que nunca han o\u00eddo hablar de Jes\u00fas, o tienen una nebulosa considerable en su mente que les impide aclararse. EDICI\u00d3N ACTUALIZADA y AUMENTADA<\/p>\n","protected":false},"excerpt":{"rendered":"<p>GONZ\u00c1LEZ, ANTONIO<\/p>\n","protected":false},"featured_media":0,"template":"","meta":{"_acf_changed":false,"om_disable_all_campaigns":false,"rs_blank_template":"","rs_page_bg_color":"","slide_template_v7":"","inline_featured_image":false,"_monsterinsights_skip_tracking":false,"_monsterinsights_sitenote_active":false,"_monsterinsights_sitenote_note":"","_monsterinsights_sitenote_category":0},"product_brand":[],"product_cat":[90,540],"product_tag":[],"class_list":{"0":"post-25229","1":"product","2":"type-product","3":"status-publish","5":"product_cat-altres","6":"product_cat-otros","8":"first","9":"instock","10":"taxable","11":"shipping-taxable","12":"purchasable","13":"product-type-simple"},"acf":{"autor":"GONZ\u00c1LEZ, ANTONIO","codart":"849842311","libros-coleccion":"","ediciones":"9","encuadernacion":"R\u00fastica","fecha_de_publicacion":"03\/04\/2009","novedad":"0","paginas":"144","subtitulo":"","orden":"999","portada":"0","idioma":"spa","editorial":[{"ID":6155,"post_author":"3","post_date":"2022-07-28 17:46:04","post_date_gmt":"2022-07-28 15:46:04","post_content":"","post_title":"Central Catequ\u00edstica Salesiana","post_excerpt":"","post_status":"publish","comment_status":"closed","ping_status":"closed","post_password":"","post_name":"central-catequistica-salesiana","to_ping":"","pinged":"","post_modified":"2022-07-28 17:46:04","post_modified_gmt":"2022-07-28 15:46:04","post_content_filtered":"","post_parent":0,"guid":"http:\/\/dev.claret.cat\/editorial\/central-catequistica-salesiana\/","menu_order":0,"post_type":"editorial","post_mime_type":"","comment_count":"0","filter":"raw"}],"autores-libros":[{"ID":150923,"post_author":"3","post_date":"2022-10-14 14:36:48","post_date_gmt":"2022-10-14 12:36:48","post_content":"","post_title":"ANTONIO GONZALEZ","post_excerpt":"","post_status":"publish","comment_status":"closed","ping_status":"closed","post_password":"","post_name":"antonio-gonzalez","to_ping":"","pinged":"","post_modified":"2022-10-14 14:36:48","post_modified_gmt":"2022-10-14 12:36:48","post_content_filtered":"","post_parent":0,"guid":"http:\/\/dev.claret.cat\/autor\/antonio-gonzalez\/","menu_order":0,"post_type":"autor","post_mime_type":"","comment_count":"0","filter":"raw"}]},"aioseo_notices":[],"_links":{"self":[{"href":"https:\/\/www.claret.cat\/es\/wp-json\/wp\/v2\/product\/25229","targetHints":{"allow":["GET"]}}],"collection":[{"href":"https:\/\/www.claret.cat\/es\/wp-json\/wp\/v2\/product"}],"about":[{"href":"https:\/\/www.claret.cat\/es\/wp-json\/wp\/v2\/types\/product"}],"wp:attachment":[{"href":"https:\/\/www.claret.cat\/es\/wp-json\/wp\/v2\/media?parent=25229"}],"wp:term":[{"taxonomy":"product_brand","embeddable":true,"href":"https:\/\/www.claret.cat\/es\/wp-json\/wp\/v2\/product_brand?post=25229"},{"taxonomy":"product_cat","embeddable":true,"href":"https:\/\/www.claret.cat\/es\/wp-json\/wp\/v2\/product_cat?post=25229"},{"taxonomy":"product_tag","embeddable":true,"href":"https:\/\/www.claret.cat\/es\/wp-json\/wp\/v2\/product_tag?post=25229"}],"curies":[{"name":"wp","href":"https:\/\/api.w.org\/{rel}","templated":true}]}}