{"id":252303,"date":"2022-10-21T10:04:32","date_gmt":"2022-10-21T08:04:32","guid":{"rendered":"http:\/\/dev.claret.cat\/producte\/el-reino-animal\/"},"modified":"2023-01-28T12:57:34","modified_gmt":"2023-01-28T11:57:34","slug":"el-reino-animal-9788498018257","status":"publish","type":"product","link":"https:\/\/www.claret.cat\/es\/libro\/el-reino-animal-9788498018257\/","title":{"rendered":"EL REINO ANIMAL"},"content":{"rendered":"<p>Sum\u00e9rjase en el reino de los animales de Millie Marotta, una ilustradora galesa que se inspira en la maravillosa vida natural que la rodea. Con este libro puede personalizar sus bonitas ilustraciones y crear su propio reino animal: desde el escarabajo que necesita un caparaz\u00f3n colorido e irisado hasta la ballena que aguarda su magn\u00edfico hogar marino. Todo un mundo de flora y fauna para explorar: solo necesita rotuladores, l\u00e1pices de colores y un poco de imaginaci\u00f3n. Este libro re\u00fane una fascinante colecci\u00f3n de peces, aves, mam\u00edferos, reptiles, invertebrados y anfibios. Aunque se trata, b\u00e1sicamente, de un libro de animales, tambi\u00e9n encontrar\u00e1 plantas, \u00e1rboles y flores. Y entre ellas descubrir\u00e1 alg\u00fan que otro insecto. Adem\u00e1s, se incluyen algunos textos para guiarle, sugerencias sobre qu\u00e9 puede a\u00f1adir y c\u00f3mo hacerlo. \u00a0 Al final del libro encontrar\u00e1 algunas p\u00e1ginas en blanco para que les d\u00e9 vida. Puede intentar copiar algunas de las ilustraciones del libro, o bien dibujar sus propias obras.<\/p>\n","protected":false},"excerpt":{"rendered":"<p>MAROTTA, MILLIE<\/p>\n","protected":false},"featured_media":252304,"template":"","meta":{"_acf_changed":false,"om_disable_all_campaigns":false,"rs_blank_template":"","rs_page_bg_color":"","slide_template_v7":"","inline_featured_image":false,"_monsterinsights_skip_tracking":false,"_monsterinsights_sitenote_active":false,"_monsterinsights_sitenote_note":"","_monsterinsights_sitenote_category":0},"product_brand":[],"product_cat":[100,86],"product_tag":[],"class_list":{"0":"post-252303","1":"product","2":"type-product","3":"status-publish","4":"has-post-thumbnail","6":"product_cat-escola-de-pares","7":"product_cat-infantil","9":"first","10":"instock","11":"taxable","12":"shipping-taxable","13":"purchasable","14":"product-type-simple"},"acf":{"autor":"MAROTTA, MILLIE","codart":"849801825","libros-coleccion":"","ediciones":"1","encuadernacion":"R\u00fastica","fecha_de_publicacion":"01\/05\/2015","novedad":"0","paginas":"150","subtitulo":"UNA AVENTURA PARA COLOREAR","orden":"999","portada":"0","idioma":"spa","editorial":[{"ID":147556,"post_author":"3","post_date":"2022-10-14 11:51:28","post_date_gmt":"2022-10-14 09:51:28","post_content":"","post_title":"BLUME, EDITORIAL","post_excerpt":"","post_status":"publish","comment_status":"closed","ping_status":"closed","post_password":"","post_name":"blume-editorial-2","to_ping":"","pinged":"","post_modified":"2022-10-14 11:51:28","post_modified_gmt":"2022-10-14 09:51:28","post_content_filtered":"","post_parent":0,"guid":"http:\/\/dev.claret.cat\/editorial\/blume-editorial-2\/","menu_order":0,"post_type":"editorial","post_mime_type":"","comment_count":"0","filter":"raw"}],"autores-libros":[{"ID":165103,"post_author":"3","post_date":"2022-10-14 17:52:25","post_date_gmt":"2022-10-14 15:52:25","post_content":"","post_title":"MILLIE MAROTTA","post_excerpt":"","post_status":"publish","comment_status":"closed","ping_status":"closed","post_password":"","post_name":"millie-marotta","to_ping":"","pinged":"","post_modified":"2022-10-14 17:52:25","post_modified_gmt":"2022-10-14 15:52:25","post_content_filtered":"","post_parent":0,"guid":"http:\/\/dev.claret.cat\/autor\/millie-marotta\/","menu_order":0,"post_type":"autor","post_mime_type":"","comment_count":"0","filter":"raw"}]},"aioseo_notices":[],"_links":{"self":[{"href":"https:\/\/www.claret.cat\/es\/wp-json\/wp\/v2\/product\/252303","targetHints":{"allow":["GET"]}}],"collection":[{"href":"https:\/\/www.claret.cat\/es\/wp-json\/wp\/v2\/product"}],"about":[{"href":"https:\/\/www.claret.cat\/es\/wp-json\/wp\/v2\/types\/product"}],"wp:featuredmedia":[{"embeddable":true,"href":"https:\/\/www.claret.cat\/es\/wp-json\/wp\/v2\/media\/252304"}],"wp:attachment":[{"href":"https:\/\/www.claret.cat\/es\/wp-json\/wp\/v2\/media?parent=252303"}],"wp:term":[{"taxonomy":"product_brand","embeddable":true,"href":"https:\/\/www.claret.cat\/es\/wp-json\/wp\/v2\/product_brand?post=252303"},{"taxonomy":"product_cat","embeddable":true,"href":"https:\/\/www.claret.cat\/es\/wp-json\/wp\/v2\/product_cat?post=252303"},{"taxonomy":"product_tag","embeddable":true,"href":"https:\/\/www.claret.cat\/es\/wp-json\/wp\/v2\/product_tag?post=252303"}],"curies":[{"name":"wp","href":"https:\/\/api.w.org\/{rel}","templated":true}]}}