{"id":252325,"date":"2022-10-21T10:05:06","date_gmt":"2022-10-21T08:05:06","guid":{"rendered":"http:\/\/dev.claret.cat\/producte\/la-casa-de-les-miniatures\/"},"modified":"2025-01-31T13:39:57","modified_gmt":"2025-01-31T12:39:57","slug":"la-casa-de-les-miniatures-9788415645535","status":"publish","type":"product","link":"https:\/\/www.claret.cat\/es\/libro\/la-casa-de-les-miniatures-9788415645535\/","title":{"rendered":"LA CASA DE LES MINIATURES"},"content":{"rendered":"<p>Amor i obsessi\u00f3, tra\u00efci\u00f3 i venjan\u00e7a, veritats amagades i sospites latents. El magn\u00edfic debut de Jessie Burton \u00e9s una novel\u00b7la hist\u00f2rica absorbent de suspens embriagador que ja ha captivat milers de lectors: la revelaci\u00f3 liter\u00e0ria de l&#8221;any al Regne Unit.<br \/> L&#8221;any 1686, un dia de tardor, Nella Oortman truca a la porta d&#8221;una casa imponent del barri m\u00e9s ric d&#8221;Amsterdam, la fastuosa capital cultural i econ\u00f2mica de l&#8221;\u00e8poca. La jove, de nom\u00e9s divuit anys, comen\u00e7a una nova vida: s&#8221;ha casat amb l&#8221;il\u00b7lustre comerciant Johannes Brandt, un home distant, molt m\u00e9s gran que ella, que la sorprendr\u00e0 amb un regal de noces inesperat: una casa de nines espl\u00e8ndida, r\u00e8plica de la seva nova llar.<br \/> Amb el temps, la Nella, decebuda per la buidor de la vida conjugal i la freda rebuda familiar, dedicar\u00e0 els dies a omplir la casa de nines amb unes miniatures de realisme prodigi\u00f3s enviades per alg\u00fa que amaga la seva identitat i que coneix tots els secrets del seu art&#8230; i tamb\u00e9 els de la fam\u00edlia Brandt. Uns secrets que la Nella descobrir\u00e0 de la manera m\u00e9s insospitada i que li revelaran perills ocults i hist\u00f2ries passades que posaran en dubte totes les seves creences sobre l&#8221;amor i el dest\u00ed.<br \/> \u00abDe ben segur que aquestes nines no tenen mal\u00edcia, oi? Fa un esfor\u00e7 per conv\u00e8ncer-se&#8221;n, per\u00f2 hi ha alguna cosa que va m\u00e9s enll\u00e0 del que \u00e9s normal; en tot aix\u00f2 hi ha alguna explicaci\u00f3 que \u00e9s incapa\u00e7 de discernir. No es tracta nom\u00e9s d&#8221;una imitaci\u00f3.\u00bb<\/p>\n","protected":false},"excerpt":{"rendered":"<p>BURTON, JESSIE<\/p>\n","protected":false},"featured_media":252326,"template":"","meta":{"_acf_changed":false,"om_disable_all_campaigns":false,"rs_blank_template":"","rs_page_bg_color":"","slide_template_v7":"","inline_featured_image":false,"_monsterinsights_skip_tracking":false,"_monsterinsights_sitenote_active":false,"_monsterinsights_sitenote_note":"","_monsterinsights_sitenote_category":0},"product_brand":[],"product_cat":[87,353],"product_tag":[],"class_list":{"0":"post-252325","1":"product","2":"type-product","3":"status-publish","4":"has-post-thumbnail","6":"product_cat-literatura","7":"product_cat-literatura-2_humanidades","9":"first","10":"instock","11":"taxable","12":"shipping-taxable","13":"purchasable","14":"product-type-simple"},"acf":{"autor":"BURTON, JESSIE","codart":"841564553","libros-coleccion":"","ediciones":"1","encuadernacion":"R\u00fastica","fecha_de_publicacion":"01\/05\/2015","novedad":"0","paginas":"435","subtitulo":"","orden":"999","portada":"0","idioma":"cat","autores-libros":[{"ID":159074,"post_author":"3","post_date":"2022-10-14 15:41:53","post_date_gmt":"2022-10-14 13:41:53","post_content":"","post_title":"JESSIE BURTON","post_excerpt":"","post_status":"publish","comment_status":"closed","ping_status":"closed","post_password":"","post_name":"jessie-burton","to_ping":"","pinged":"","post_modified":"2022-10-14 15:41:53","post_modified_gmt":"2022-10-14 13:41:53","post_content_filtered":"","post_parent":0,"guid":"http:\/\/dev.claret.cat\/autor\/jessie-burton\/","menu_order":0,"post_type":"autor","post_mime_type":"","comment_count":"0","filter":"raw"}],"editorial":[{"ID":261808,"post_author":"3","post_date":"2022-10-24 11:16:06","post_date_gmt":"2022-10-24 09:16:06","post_content":"","post_title":"AMSTERDAM LLIBRES","post_excerpt":"","post_status":"publish","comment_status":"closed","ping_status":"closed","post_password":"","post_name":"amsterdam-llibres","to_ping":"","pinged":"","post_modified":"2022-10-24 11:16:06","post_modified_gmt":"2022-10-24 09:16:06","post_content_filtered":"","post_parent":0,"guid":"http:\/\/dev.claret.cat\/editorial\/amsterdam-llibres\/","menu_order":0,"post_type":"editorial","post_mime_type":"","comment_count":"0","filter":"raw"}]},"aioseo_notices":[],"_links":{"self":[{"href":"https:\/\/www.claret.cat\/es\/wp-json\/wp\/v2\/product\/252325","targetHints":{"allow":["GET"]}}],"collection":[{"href":"https:\/\/www.claret.cat\/es\/wp-json\/wp\/v2\/product"}],"about":[{"href":"https:\/\/www.claret.cat\/es\/wp-json\/wp\/v2\/types\/product"}],"wp:featuredmedia":[{"embeddable":true,"href":"https:\/\/www.claret.cat\/es\/wp-json\/wp\/v2\/media\/252326"}],"wp:attachment":[{"href":"https:\/\/www.claret.cat\/es\/wp-json\/wp\/v2\/media?parent=252325"}],"wp:term":[{"taxonomy":"product_brand","embeddable":true,"href":"https:\/\/www.claret.cat\/es\/wp-json\/wp\/v2\/product_brand?post=252325"},{"taxonomy":"product_cat","embeddable":true,"href":"https:\/\/www.claret.cat\/es\/wp-json\/wp\/v2\/product_cat?post=252325"},{"taxonomy":"product_tag","embeddable":true,"href":"https:\/\/www.claret.cat\/es\/wp-json\/wp\/v2\/product_tag?post=252325"}],"curies":[{"name":"wp","href":"https:\/\/api.w.org\/{rel}","templated":true}]}}