{"id":252527,"date":"2022-10-21T10:10:31","date_gmt":"2022-10-21T08:10:31","guid":{"rendered":"http:\/\/dev.claret.cat\/producte\/un-mon-de-contes-la-caputxeta-vermella\/"},"modified":"2025-02-04T18:30:59","modified_gmt":"2025-02-04T17:30:59","slug":"un-mon-de-contes-la-caputxeta-vermella-9788427208933","status":"publish","type":"product","link":"https:\/\/www.claret.cat\/es\/libro\/un-mon-de-contes-la-caputxeta-vermella-9788427208933\/","title":{"rendered":"UN M\u00d3N DE CONTES LA CAPUTXETA VERMELLA"},"content":{"rendered":"<p>Un mat\u00ed assolellat, la Caputxeta Vermella decideix anar a visitar l&#8221;\u00e0via, per\u00f2 pel cam\u00ed es troba amb el<br \/> llop&#8230; Qu\u00e8 passar\u00e0? La s\u00e8rie Un m\u00f3n de contes aplega els contes cl\u00e0ssics imprescindibles perqu\u00e8 els infants es<br \/> diverteixin amb les hist\u00f2ries de sempre, a m\u00e9s d&#8221;incloure un senzill joc d&#8221;observaci\u00f3 amb qu\u00e8 faran els primers passos<br \/> en la lectura. La diversi\u00f3 est\u00e0 assegurada!<\/p>\n","protected":false},"excerpt":{"rendered":"<p>, REDACCION RBA LIBROS, S.A.<\/p>\n","protected":false},"featured_media":990786,"template":"","meta":{"_acf_changed":false,"om_disable_all_campaigns":false,"rs_blank_template":"","rs_page_bg_color":"","slide_template_v7":"","inline_featured_image":false,"_monsterinsights_skip_tracking":false,"_monsterinsights_sitenote_active":false,"_monsterinsights_sitenote_note":"","_monsterinsights_sitenote_category":0},"product_brand":[],"product_cat":[90,540],"product_tag":[],"class_list":{"0":"post-252527","1":"product","2":"type-product","3":"status-publish","4":"has-post-thumbnail","6":"product_cat-altres","7":"product_cat-otros","9":"first","10":"outofstock","11":"taxable","12":"shipping-taxable","13":"purchasable","14":"product-type-simple"},"acf":{"autor":", REDACCION RBA LIBROS, S.A.","codart":"842720893","libros-coleccion":"","ediciones":"1","encuadernacion":"Carton\u00e9","fecha_de_publicacion":"01\/05\/2015","novedad":"0","paginas":"25","subtitulo":"LA CAPUTXETA VERMELLA","orden":"999","portada":"0","idioma":"cat","editorial":[{"ID":8268,"post_author":"3","post_date":"2022-09-30 09:21:37","post_date_gmt":"2022-09-30 07:21:37","post_content":"","post_title":"RBA LIBROS SA.","post_excerpt":"","post_status":"publish","comment_status":"closed","ping_status":"closed","post_password":"","post_name":"rba-libros-sa","to_ping":"","pinged":"","post_modified":"2022-09-30 09:21:37","post_modified_gmt":"2022-09-30 07:21:37","post_content_filtered":"","post_parent":0,"guid":"http:\/\/dev.claret.cat\/editorial\/rba-libros-sa\/","menu_order":0,"post_type":"editorial","post_mime_type":"","comment_count":"0","filter":"raw"}],"autores-libros":[{"ID":167922,"post_author":"3","post_date":"2022-10-14 18:15:05","post_date_gmt":"2022-10-14 16:15:05","post_content":"","post_title":"REDACCION RBA LIBROS","post_excerpt":"","post_status":"publish","comment_status":"closed","ping_status":"closed","post_password":"","post_name":"redaccion-rba-libros","to_ping":"","pinged":"","post_modified":"2022-10-14 18:15:05","post_modified_gmt":"2022-10-14 16:15:05","post_content_filtered":"","post_parent":0,"guid":"http:\/\/dev.claret.cat\/autor\/redaccion-rba-libros\/","menu_order":0,"post_type":"autor","post_mime_type":"","comment_count":"0","filter":"raw"}]},"aioseo_notices":[],"_links":{"self":[{"href":"https:\/\/www.claret.cat\/es\/wp-json\/wp\/v2\/product\/252527","targetHints":{"allow":["GET"]}}],"collection":[{"href":"https:\/\/www.claret.cat\/es\/wp-json\/wp\/v2\/product"}],"about":[{"href":"https:\/\/www.claret.cat\/es\/wp-json\/wp\/v2\/types\/product"}],"wp:featuredmedia":[{"embeddable":true,"href":"https:\/\/www.claret.cat\/es\/wp-json\/wp\/v2\/media\/990786"}],"wp:attachment":[{"href":"https:\/\/www.claret.cat\/es\/wp-json\/wp\/v2\/media?parent=252527"}],"wp:term":[{"taxonomy":"product_brand","embeddable":true,"href":"https:\/\/www.claret.cat\/es\/wp-json\/wp\/v2\/product_brand?post=252527"},{"taxonomy":"product_cat","embeddable":true,"href":"https:\/\/www.claret.cat\/es\/wp-json\/wp\/v2\/product_cat?post=252527"},{"taxonomy":"product_tag","embeddable":true,"href":"https:\/\/www.claret.cat\/es\/wp-json\/wp\/v2\/product_tag?post=252527"}],"curies":[{"name":"wp","href":"https:\/\/api.w.org\/{rel}","templated":true}]}}