{"id":252568,"date":"2022-10-21T10:11:39","date_gmt":"2022-10-21T08:11:39","guid":{"rendered":"http:\/\/dev.claret.cat\/producte\/la-mente-mas-alla-de-la-muerte\/"},"modified":"2023-01-28T01:41:13","modified_gmt":"2023-01-28T00:41:13","slug":"la-mente-mas-alla-de-la-muerte-9788499884479","status":"publish","type":"product","link":"https:\/\/www.claret.cat\/es\/libro\/la-mente-mas-alla-de-la-muerte-9788499884479\/","title":{"rendered":"LA MENTE M\u00c1S ALL\u00c1 DE LA MUERTE"},"content":{"rendered":"<p>Con un conocimiento muy profundo de la mente occidental y un estilo c\u00e1lido e informal, Dzogchen Ponlop Rinpoch\u00e9 nos introduce en las misteriosas ense\u00f1anzas tibetanas sobre los bardos: los intervalos de la vida, la muerte y m\u00e1s all\u00e1. <br \/> Con asombrosa claridad, el gran maestro de meditaci\u00f3n proporciona el conocimiento que nos permite transformar el mayor de los obst\u00e1culos, la muerte, en la m\u00e1s genuina oportunidad para despertar. Trabajar con los bardos significa hacernos verdadero cargo de la vida. El secreto de un buen viaje a trav\u00e9s y m\u00e1s all\u00e1 de la muerte radica en nuestra forma de vivir. <br \/> A trav\u00e9s de los aspectos pr\u00e1cticos de las t\u00e9cnicas de meditaci\u00f3n y una exposici\u00f3n brillante, La mente m\u00e1s all\u00e1 de la muerte traza un mapa esclarecedor y proporciona un veh\u00edculo seguro para transportarnos con firmeza a trav\u00e9s de los tr\u00e1nsitos de esta vida y los peligrosos bardos m\u00e1s all\u00e1 de la muerte.<\/p>\n","protected":false},"excerpt":{"rendered":"<p>PONLOP RINPOCH\u00c9, DZOGCHEN<\/p>\n","protected":false},"featured_media":252569,"template":"","meta":{"_acf_changed":false,"om_disable_all_campaigns":false,"rs_blank_template":"","rs_page_bg_color":"","slide_template_v7":"","inline_featured_image":false,"_monsterinsights_skip_tracking":false,"_monsterinsights_sitenote_active":false,"_monsterinsights_sitenote_note":"","_monsterinsights_sitenote_category":0},"product_brand":[],"product_cat":[16],"product_tag":[],"class_list":{"0":"post-252568","1":"product","2":"type-product","3":"status-publish","4":"has-post-thumbnail","6":"product_cat-sense-categoria","8":"first","9":"instock","10":"taxable","11":"shipping-taxable","12":"purchasable","13":"product-type-simple"},"acf":{"autor":"PONLOP RINPOCH\u00c9, DZOGCHEN","codart":"849988447","libros-coleccion":"","ediciones":"1","encuadernacion":"R\u00fastica","fecha_de_publicacion":"01\/05\/2015","novedad":"0","paginas":"535","subtitulo":"","orden":"999","portada":"0","idioma":"spa","autores-libros":[{"ID":154437,"post_author":"3","post_date":"2022-10-14 15:04:48","post_date_gmt":"2022-10-14 13:04:48","post_content":"","post_title":"DZOGCHEN PONLOP RINPOCH\u00c9","post_excerpt":"","post_status":"publish","comment_status":"closed","ping_status":"closed","post_password":"","post_name":"dzogchen-ponlop-rinpoche","to_ping":"","pinged":"","post_modified":"2022-10-14 15:04:48","post_modified_gmt":"2022-10-14 13:04:48","post_content_filtered":"","post_parent":0,"guid":"http:\/\/dev.claret.cat\/autor\/dzogchen-ponlop-rinpoche\/","menu_order":0,"post_type":"autor","post_mime_type":"","comment_count":"0","filter":"raw"}]},"aioseo_notices":[],"_links":{"self":[{"href":"https:\/\/www.claret.cat\/es\/wp-json\/wp\/v2\/product\/252568","targetHints":{"allow":["GET"]}}],"collection":[{"href":"https:\/\/www.claret.cat\/es\/wp-json\/wp\/v2\/product"}],"about":[{"href":"https:\/\/www.claret.cat\/es\/wp-json\/wp\/v2\/types\/product"}],"wp:featuredmedia":[{"embeddable":true,"href":"https:\/\/www.claret.cat\/es\/wp-json\/wp\/v2\/media\/252569"}],"wp:attachment":[{"href":"https:\/\/www.claret.cat\/es\/wp-json\/wp\/v2\/media?parent=252568"}],"wp:term":[{"taxonomy":"product_brand","embeddable":true,"href":"https:\/\/www.claret.cat\/es\/wp-json\/wp\/v2\/product_brand?post=252568"},{"taxonomy":"product_cat","embeddable":true,"href":"https:\/\/www.claret.cat\/es\/wp-json\/wp\/v2\/product_cat?post=252568"},{"taxonomy":"product_tag","embeddable":true,"href":"https:\/\/www.claret.cat\/es\/wp-json\/wp\/v2\/product_tag?post=252568"}],"curies":[{"name":"wp","href":"https:\/\/api.w.org\/{rel}","templated":true}]}}