{"id":252607,"date":"2022-10-21T10:12:42","date_gmt":"2022-10-21T08:12:42","guid":{"rendered":"http:\/\/dev.claret.cat\/producte\/bichos-asombrosos\/"},"modified":"2025-12-16T14:26:06","modified_gmt":"2025-12-16T13:26:06","slug":"bichos-asombrosos-9788482986098","status":"publish","type":"product","link":"https:\/\/www.claret.cat\/es\/libro\/bichos-asombrosos-9788482986098\/","title":{"rendered":"BICHOS ASOMBROSOS"},"content":{"rendered":"<p>Sorprendentes im\u00e1genes y perspectivas de sus h\u00e1bitats, desde el interior de un hormiguero hasta la vida en la colmena, en recreaciones realistas. \u00bfEntramos? Impactantes ilustraciones para que conozcas hasta los m\u00e1s m\u00ednimos detalles de la anatom\u00eda de los bichos, desde la terror\u00edfica tar\u00e1ntula hasta la simp\u00e1tica lib\u00e9lula. Ilustrativas fotograf\u00edas te revelar\u00e1n sus secretos mejor guardados: t\u00e9cnicas de ataque y defensa; camuflaje, alimentaci\u00f3n, comportamiento, reproducci\u00f3n y ciclo vital. Explicaciones rigurosas pero accesibles y muy entretenidas, organizadas de forma atractiva. Y todo ello con un dise\u00f1o fascinante, que atrapar\u00e1 tu atenci\u00f3n y despertar\u00e1 tu inter\u00e9s por el mundo que te rodea.<\/p>\n","protected":false},"excerpt":{"rendered":"<p>, REDACCION RBA LIBROS, S.A.<\/p>\n","protected":false},"featured_media":1071028,"template":"","meta":{"_acf_changed":false,"om_disable_all_campaigns":false,"rs_blank_template":"","rs_page_bg_color":"","slide_template_v7":"","inline_featured_image":false,"_monsterinsights_skip_tracking":false,"_monsterinsights_sitenote_active":false,"_monsterinsights_sitenote_note":"","_monsterinsights_sitenote_category":0},"product_brand":[],"product_cat":[554,104,352,86,566,117,105,555],"product_tag":[],"class_list":{"0":"post-252607","1":"product","2":"type-product","3":"status-publish","4":"has-post-thumbnail","6":"product_cat-ciencia-5_otras-spa","7":"product_cat-ciencia","8":"product_cat-infantil-3_infantil-juvenil-spa","9":"product_cat-infantil","10":"product_cat-juvenil-3_infantil-juvenil-spa-spa","11":"product_cat-juvenil","12":"product_cat-regal","13":"product_cat-regalo","15":"first","16":"outofstock","17":"taxable","18":"shipping-taxable","19":"purchasable","20":"product-type-simple"},"acf":{"autor":", REDACCION RBA LIBROS, S.A.","codart":"848298609","libros-coleccion":"NG KIDS","ediciones":"1","encuadernacion":"Carton\u00e9","fecha_de_publicacion":"01\/05\/2015","novedad":"0","paginas":"288","subtitulo":"EL FASCINANTE MUNDO DE ARA\u00d1AS E INSECTOS","orden":"0","portada":"0","idioma":"spa","editorial":[{"ID":148560,"post_author":"3","post_date":"2022-10-14 11:59:12","post_date_gmt":"2022-10-14 09:59:12","post_content":"","post_title":"National Geographic","post_excerpt":"","post_status":"publish","comment_status":"closed","ping_status":"closed","post_password":"","post_name":"national-geographic","to_ping":"","pinged":"","post_modified":"2022-10-14 11:59:12","post_modified_gmt":"2022-10-14 09:59:12","post_content_filtered":"","post_parent":0,"guid":"http:\/\/dev.claret.cat\/editorial\/national-geographic\/","menu_order":0,"post_type":"editorial","post_mime_type":"","comment_count":"0","filter":"raw"}],"autores-libros":[{"ID":167922,"post_author":"3","post_date":"2022-10-14 18:15:05","post_date_gmt":"2022-10-14 16:15:05","post_content":"","post_title":"REDACCION RBA LIBROS","post_excerpt":"","post_status":"publish","comment_status":"closed","ping_status":"closed","post_password":"","post_name":"redaccion-rba-libros","to_ping":"","pinged":"","post_modified":"2022-10-14 18:15:05","post_modified_gmt":"2022-10-14 16:15:05","post_content_filtered":"","post_parent":0,"guid":"http:\/\/dev.claret.cat\/autor\/redaccion-rba-libros\/","menu_order":0,"post_type":"autor","post_mime_type":"","comment_count":"0","filter":"raw"}],"booktrailer":"","resenas":""},"aioseo_notices":[],"_links":{"self":[{"href":"https:\/\/www.claret.cat\/es\/wp-json\/wp\/v2\/product\/252607","targetHints":{"allow":["GET"]}}],"collection":[{"href":"https:\/\/www.claret.cat\/es\/wp-json\/wp\/v2\/product"}],"about":[{"href":"https:\/\/www.claret.cat\/es\/wp-json\/wp\/v2\/types\/product"}],"wp:featuredmedia":[{"embeddable":true,"href":"https:\/\/www.claret.cat\/es\/wp-json\/wp\/v2\/media\/1071028"}],"wp:attachment":[{"href":"https:\/\/www.claret.cat\/es\/wp-json\/wp\/v2\/media?parent=252607"}],"wp:term":[{"taxonomy":"product_brand","embeddable":true,"href":"https:\/\/www.claret.cat\/es\/wp-json\/wp\/v2\/product_brand?post=252607"},{"taxonomy":"product_cat","embeddable":true,"href":"https:\/\/www.claret.cat\/es\/wp-json\/wp\/v2\/product_cat?post=252607"},{"taxonomy":"product_tag","embeddable":true,"href":"https:\/\/www.claret.cat\/es\/wp-json\/wp\/v2\/product_tag?post=252607"}],"curies":[{"name":"wp","href":"https:\/\/api.w.org\/{rel}","templated":true}]}}