{"id":252720,"date":"2022-10-21T10:15:50","date_gmt":"2022-10-21T08:15:50","guid":{"rendered":"http:\/\/dev.claret.cat\/producte\/blancanieves-12\/"},"modified":"2024-05-02T09:43:13","modified_gmt":"2024-05-02T07:43:13","slug":"blancanieves-9788428547017","status":"publish","type":"product","link":"https:\/\/www.claret.cat\/es\/libro\/blancanieves-9788428547017\/","title":{"rendered":"BLANCANIEVES"},"content":{"rendered":"<p>Una adaptaci\u00f3n del famos\u00edsimo cuento Blancanieves, de los hermanos Grimm, narrada con un lenguaje sencillo y comprensible para los ni\u00f1os e ilustrada con los magn\u00edficos dibujos de la dise\u00f1adora italiana Manuela Adreani, que capturan el encanto de este cl\u00e1sico intemporal. Los ni\u00f1os podr\u00e1n disfrutar de las m\u00e1s famosas escenas de este cuento: las conversaciones de la reina con el espejo m\u00e1gico, la huida de Blancanieves por el bosque, su encuentro con los siete enanitos, la manzana envenenada&#8230; La belleza de las ilustraciones y la cuidada presentaci\u00f3n en formato grande y con tapas acolchadas hacen de este libro un magn\u00edfico regalo.<\/p>\n","protected":false},"excerpt":{"rendered":"<p>GRIMM, JACOB \/ GRIMM, WILHELM<\/p>\n","protected":false},"featured_media":334905,"template":"","meta":{"_acf_changed":false,"om_disable_all_campaigns":false,"rs_blank_template":"","rs_page_bg_color":"","slide_template_v7":"","inline_featured_image":false,"_monsterinsights_skip_tracking":false,"_monsterinsights_sitenote_active":false,"_monsterinsights_sitenote_note":"","_monsterinsights_sitenote_category":0},"product_brand":[],"product_cat":[90,540],"product_tag":[],"class_list":{"0":"post-252720","1":"product","2":"type-product","3":"status-publish","4":"has-post-thumbnail","6":"product_cat-altres","7":"product_cat-otros","9":"first","10":"instock","11":"taxable","12":"shipping-taxable","13":"purchasable","14":"product-type-simple"},"acf":{"autor":"GRIMM, JACOB \/ GRIMM, WILHELM","codart":"842854701","libros-coleccion":"","ediciones":"1","encuadernacion":"Carton\u00e9","fecha_de_publicacion":"01\/05\/2015","novedad":"0","paginas":"77","subtitulo":"","orden":"999","portada":"0","idioma":"spa","editorial":[{"ID":6356,"post_author":"3","post_date":"2022-07-28 17:50:26","post_date_gmt":"2022-07-28 15:50:26","post_content":"","post_title":"SAN PABLO COMUNICACI\u00d3N","post_excerpt":"","post_status":"publish","comment_status":"closed","ping_status":"closed","post_password":"","post_name":"san-pablo-comunicacion","to_ping":"","pinged":"","post_modified":"2022-07-28 17:50:26","post_modified_gmt":"2022-07-28 15:50:26","post_content_filtered":"","post_parent":0,"guid":"http:\/\/dev.claret.cat\/editorial\/san-pablo-comunicacion\/","menu_order":0,"post_type":"editorial","post_mime_type":"","comment_count":"0","filter":"raw"}],"autores-libros":[{"ID":158298,"post_author":"3","post_date":"2022-10-14 15:35:44","post_date_gmt":"2022-10-14 13:35:44","post_content":"","post_title":"JACOB GRIMM","post_excerpt":"","post_status":"publish","comment_status":"closed","ping_status":"closed","post_password":"","post_name":"jacob-grimm","to_ping":"","pinged":"","post_modified":"2022-10-14 15:35:44","post_modified_gmt":"2022-10-14 13:35:44","post_content_filtered":"","post_parent":0,"guid":"http:\/\/dev.claret.cat\/autor\/jacob-grimm\/","menu_order":0,"post_type":"autor","post_mime_type":"","comment_count":"0","filter":"raw"},{"ID":171280,"post_author":"3","post_date":"2022-10-14 22:42:07","post_date_gmt":"2022-10-14 20:42:07","post_content":"","post_title":"WILHELM GRIMM","post_excerpt":"","post_status":"publish","comment_status":"closed","ping_status":"closed","post_password":"","post_name":"wilhelm-grimm","to_ping":"","pinged":"","post_modified":"2022-10-14 22:42:07","post_modified_gmt":"2022-10-14 20:42:07","post_content_filtered":"","post_parent":0,"guid":"http:\/\/dev.claret.cat\/autor\/wilhelm-grimm\/","menu_order":0,"post_type":"autor","post_mime_type":"","comment_count":"0","filter":"raw"}]},"aioseo_notices":[],"_links":{"self":[{"href":"https:\/\/www.claret.cat\/es\/wp-json\/wp\/v2\/product\/252720","targetHints":{"allow":["GET"]}}],"collection":[{"href":"https:\/\/www.claret.cat\/es\/wp-json\/wp\/v2\/product"}],"about":[{"href":"https:\/\/www.claret.cat\/es\/wp-json\/wp\/v2\/types\/product"}],"wp:featuredmedia":[{"embeddable":true,"href":"https:\/\/www.claret.cat\/es\/wp-json\/wp\/v2\/media\/334905"}],"wp:attachment":[{"href":"https:\/\/www.claret.cat\/es\/wp-json\/wp\/v2\/media?parent=252720"}],"wp:term":[{"taxonomy":"product_brand","embeddable":true,"href":"https:\/\/www.claret.cat\/es\/wp-json\/wp\/v2\/product_brand?post=252720"},{"taxonomy":"product_cat","embeddable":true,"href":"https:\/\/www.claret.cat\/es\/wp-json\/wp\/v2\/product_cat?post=252720"},{"taxonomy":"product_tag","embeddable":true,"href":"https:\/\/www.claret.cat\/es\/wp-json\/wp\/v2\/product_tag?post=252720"}],"curies":[{"name":"wp","href":"https:\/\/api.w.org\/{rel}","templated":true}]}}