{"id":252908,"date":"2022-10-21T10:21:29","date_gmt":"2022-10-21T08:21:29","guid":{"rendered":"http:\/\/dev.claret.cat\/producte\/15-dias-con-felipe-neri-15-45\/"},"modified":"2024-05-22T23:30:43","modified_gmt":"2024-05-22T21:30:43","slug":"15-dias-con-felipe-neri-1545-9788497153195","status":"publish","type":"product","link":"https:\/\/www.claret.cat\/es\/libro\/15-dias-con-felipe-neri-1545-9788497153195\/","title":{"rendered":"15 DIAS CON FELIPE NERI (15-45)"},"content":{"rendered":"","protected":false},"excerpt":{"rendered":"<p>BELLIDO, JOAN F\u00c9LIX<\/p>\n","protected":false},"featured_media":387713,"template":"","meta":{"_acf_changed":false,"om_disable_all_campaigns":false,"rs_blank_template":"","rs_page_bg_color":"","slide_template_v7":"","inline_featured_image":false,"_monsterinsights_skip_tracking":false,"_monsterinsights_sitenote_active":false,"_monsterinsights_sitenote_note":"","_monsterinsights_sitenote_category":0},"product_brand":[],"product_cat":[345,79,545,95,92,542],"product_tag":[],"class_list":{"0":"post-252908","1":"product","2":"type-product","3":"status-publish","4":"has-post-thumbnail","6":"product_cat-espiritualidad","7":"product_cat-espiritualitat","8":"product_cat-santoral-1_espiritualidad-spa","9":"product_cat-santoral","10":"product_cat-vida-religiosa","11":"product_cat-vida-religiosa-1_espiritualidad-spa","13":"first","14":"instock","15":"taxable","16":"shipping-taxable","17":"purchasable","18":"product-type-simple"},"acf":{"autor":"BELLIDO, JOAN F\u00c9LIX","codart":"849715319","libros-coleccion":"15 d\u00edas con","ediciones":"1","encuadernacion":"R\u00fastica","fecha_de_publicacion":"10\/04\/2015","novedad":"0","paginas":"125","subtitulo":"","orden":"999","portada":"0","idioma":"spa","editorial":[{"ID":6157,"post_author":"3","post_date":"2022-07-28 17:46:07","post_date_gmt":"2022-07-28 15:46:07","post_content":"","post_title":"Ciudad Nueva","post_excerpt":"","post_status":"publish","comment_status":"closed","ping_status":"closed","post_password":"","post_name":"ciudad-nueva","to_ping":"","pinged":"","post_modified":"2022-07-28 17:46:07","post_modified_gmt":"2022-07-28 15:46:07","post_content_filtered":"","post_parent":0,"guid":"http:\/\/dev.claret.cat\/editorial\/ciudad-nueva\/","menu_order":0,"post_type":"editorial","post_mime_type":"","comment_count":"0","filter":"raw"}],"autores-libros":[{"ID":363766,"post_author":"3","post_date":"2023-01-15 12:33:18","post_date_gmt":"2023-01-15 11:33:18","post_content":"","post_title":"JOAN F\u00c9LIX BELLIDO","post_excerpt":"","post_status":"publish","comment_status":"closed","ping_status":"closed","post_password":"","post_name":"joan-felix-bellido","to_ping":"","pinged":"","post_modified":"2023-01-15 12:33:18","post_modified_gmt":"2023-01-15 11:33:18","post_content_filtered":"","post_parent":0,"guid":"https:\/\/www.claret.cat\/autor\/joan-felix-bellido\/","menu_order":0,"post_type":"autor","post_mime_type":"","comment_count":"0","filter":"raw"}]},"aioseo_notices":[],"_links":{"self":[{"href":"https:\/\/www.claret.cat\/es\/wp-json\/wp\/v2\/product\/252908","targetHints":{"allow":["GET"]}}],"collection":[{"href":"https:\/\/www.claret.cat\/es\/wp-json\/wp\/v2\/product"}],"about":[{"href":"https:\/\/www.claret.cat\/es\/wp-json\/wp\/v2\/types\/product"}],"wp:featuredmedia":[{"embeddable":true,"href":"https:\/\/www.claret.cat\/es\/wp-json\/wp\/v2\/media\/387713"}],"wp:attachment":[{"href":"https:\/\/www.claret.cat\/es\/wp-json\/wp\/v2\/media?parent=252908"}],"wp:term":[{"taxonomy":"product_brand","embeddable":true,"href":"https:\/\/www.claret.cat\/es\/wp-json\/wp\/v2\/product_brand?post=252908"},{"taxonomy":"product_cat","embeddable":true,"href":"https:\/\/www.claret.cat\/es\/wp-json\/wp\/v2\/product_cat?post=252908"},{"taxonomy":"product_tag","embeddable":true,"href":"https:\/\/www.claret.cat\/es\/wp-json\/wp\/v2\/product_tag?post=252908"}],"curies":[{"name":"wp","href":"https:\/\/api.w.org\/{rel}","templated":true}]}}