{"id":252958,"date":"2022-10-21T10:23:06","date_gmt":"2022-10-21T08:23:06","guid":{"rendered":"http:\/\/dev.claret.cat\/producte\/grecia-en-el-aire\/"},"modified":"2026-02-24T13:21:56","modified_gmt":"2026-02-24T12:21:56","slug":"grecia-en-el-aire-9788416011537","status":"publish","type":"product","link":"https:\/\/www.claret.cat\/es\/libro\/grecia-en-el-aire-9788416011537\/","title":{"rendered":"GRECIA EN EL AIRE"},"content":{"rendered":"<p>El esfuerzo griego por construir un espacio humano donde fuera posible la justicia y donde el destino com\u00fan estuviera regido por la voluntad de los hombres se vincul\u00f3 desde el origen a la existencia de ciudadanos: ellos eran la ciudad y, por tanto, el Estado. Desde las osadas medidas de Sol\u00f3n para implicar a todos en las decisiones, el Estado naci\u00f3 como un orden destinado a defender el inter\u00e9s com\u00fan frente a los<br \/> intereses particulares y la arbitrariedad de las familias poderosas. Y es que, como nos muestra Pedro Olalla, \u00abla historia de la democracia ateniense no es sino la historia del paso progresivo del poder a manos de los ciudadanos\u00bb. Hoy, cuando las democracias occidentales parecen haberse alejado de este objetivo, tal vez tenga<br \/> sentido rastrear infatigablemente la ciudad en la que un d\u00eda nacieron los primeros ciudadanos y, con ellos, la pol\u00edtica.<\/p>\n","protected":false},"excerpt":{"rendered":"<p>OLALLA GONZ\u00c1LEZ, PEDRO<\/p>\n","protected":false},"featured_media":252959,"template":"","meta":{"_acf_changed":false,"om_disable_all_campaigns":false,"rs_blank_template":"","rs_page_bg_color":"","slide_template_v7":"","inline_featured_image":false,"_monsterinsights_skip_tracking":false,"_monsterinsights_sitenote_active":false,"_monsterinsights_sitenote_note":"","_monsterinsights_sitenote_category":0},"product_brand":[],"product_cat":[569,120,84,350],"product_tag":[],"class_list":{"0":"post-252958","1":"product","2":"type-product","3":"status-publish","4":"has-post-thumbnail","6":"product_cat-politica-2_humanidades-spa","7":"product_cat-politica","8":"product_cat-sociologia","9":"product_cat-sociologia-2_humanidades","11":"first","12":"instock","13":"taxable","14":"shipping-taxable","15":"purchasable","16":"product-type-simple"},"acf":{"autor":"OLALLA GONZ\u00c1LEZ, PEDRO","codart":"8416011537","libros-coleccion":"","ediciones":"1","encuadernacion":"R\u00fastica","fecha_de_publicacion":"01\/04\/2015","novedad":"0","paginas":"192","subtitulo":"HERENCIAS Y DESAF\u00cdOS DE LA ANTIGUA DEMOCRACIA ATENIENSE VISTOS DESDE LA ATENAS A","orden":"999","portada":"0","idioma":"spa","autores-libros":[{"ID":166886,"post_author":"3","post_date":"2022-10-14 18:06:50","post_date_gmt":"2022-10-14 16:06:50","post_content":"","post_title":"PEDRO OLALLA GONZ\u00c1LEZ","post_excerpt":"","post_status":"publish","comment_status":"closed","ping_status":"closed","post_password":"","post_name":"pedro-olalla-gonzalez","to_ping":"","pinged":"","post_modified":"2022-10-14 18:06:50","post_modified_gmt":"2022-10-14 16:06:50","post_content_filtered":"","post_parent":0,"guid":"http:\/\/dev.claret.cat\/autor\/pedro-olalla-gonzalez\/","menu_order":0,"post_type":"autor","post_mime_type":"","comment_count":"0","filter":"raw"}],"booktrailer":"","resenas":"","editorial":[{"ID":262087,"post_author":"3","post_date":"2022-10-24 11:19:46","post_date_gmt":"2022-10-24 09:19:46","post_content":"","post_title":"EL ACANTILADO","post_excerpt":"","post_status":"publish","comment_status":"closed","ping_status":"closed","post_password":"","post_name":"el-acantilado","to_ping":"","pinged":"","post_modified":"2022-10-24 11:19:46","post_modified_gmt":"2022-10-24 09:19:46","post_content_filtered":"","post_parent":0,"guid":"http:\/\/dev.claret.cat\/editorial\/el-acantilado\/","menu_order":0,"post_type":"editorial","post_mime_type":"","comment_count":"0","filter":"raw"}]},"aioseo_notices":[],"_links":{"self":[{"href":"https:\/\/www.claret.cat\/es\/wp-json\/wp\/v2\/product\/252958","targetHints":{"allow":["GET"]}}],"collection":[{"href":"https:\/\/www.claret.cat\/es\/wp-json\/wp\/v2\/product"}],"about":[{"href":"https:\/\/www.claret.cat\/es\/wp-json\/wp\/v2\/types\/product"}],"wp:featuredmedia":[{"embeddable":true,"href":"https:\/\/www.claret.cat\/es\/wp-json\/wp\/v2\/media\/252959"}],"wp:attachment":[{"href":"https:\/\/www.claret.cat\/es\/wp-json\/wp\/v2\/media?parent=252958"}],"wp:term":[{"taxonomy":"product_brand","embeddable":true,"href":"https:\/\/www.claret.cat\/es\/wp-json\/wp\/v2\/product_brand?post=252958"},{"taxonomy":"product_cat","embeddable":true,"href":"https:\/\/www.claret.cat\/es\/wp-json\/wp\/v2\/product_cat?post=252958"},{"taxonomy":"product_tag","embeddable":true,"href":"https:\/\/www.claret.cat\/es\/wp-json\/wp\/v2\/product_tag?post=252958"}],"curies":[{"name":"wp","href":"https:\/\/api.w.org\/{rel}","templated":true}]}}