{"id":253012,"date":"2022-10-21T10:24:27","date_gmt":"2022-10-21T08:24:27","guid":{"rendered":"http:\/\/dev.claret.cat\/producte\/breve-historia-de-la-corona-de-castilla\/"},"modified":"2025-06-03T13:34:22","modified_gmt":"2025-06-03T11:34:22","slug":"breve-historia-de-la-corona-de-castilla-9788499676593","status":"publish","type":"product","link":"https:\/\/www.claret.cat\/es\/libro\/breve-historia-de-la-corona-de-castilla-9788499676593\/","title":{"rendered":"BREVE HISTORIA DE LA CORONA DE CASTILLA"},"content":{"rendered":"<p>A trav\u00e9s de la lectura de este ensayo podemos sobrecogernos con el devenir de Castilla por todos los siglos anteriormente citados, pero que la persona que abra este libro no espere solamente o\u00edr el sonido de espadas y conquistas \u00e9picas, sino que tambi\u00e9n apreciara y se deleitar\u00e1 con un mundo de cultura que probablemente desconoc\u00eda y del que seguramente querr\u00e1 aprender posteriormente. (Blog Historia con min\u00fasculas). Cada vez que leemos un libro, nos est\u00e1n hablando directamente. En este caso, un doctor en Historia me est\u00e1 contando la historia de la corona de Castilla como si ambos estuvi\u00e9ramos pasando una tarde de tertulia en un jard\u00edn. (Blog Libris Liberi)<\/p>\n","protected":false},"excerpt":{"rendered":"<p>ORTEGA CERVIG\u00d3N, JOS\u00c9 IGNACIO<\/p>\n","protected":false},"featured_media":253013,"template":"","meta":{"_acf_changed":false,"om_disable_all_campaigns":false,"rs_blank_template":"","rs_page_bg_color":"","slide_template_v7":"","inline_featured_image":false,"_monsterinsights_skip_tracking":false,"_monsterinsights_sitenote_active":false,"_monsterinsights_sitenote_note":"","_monsterinsights_sitenote_category":0},"product_brand":[],"product_cat":[85,351],"product_tag":[],"class_list":{"0":"post-253012","1":"product","2":"type-product","3":"status-publish","4":"has-post-thumbnail","6":"product_cat-historia","7":"product_cat-historia-2_humanidades","9":"first","10":"instock","11":"taxable","12":"shipping-taxable","13":"purchasable","14":"product-type-simple"},"acf":{"autor":"ORTEGA CERVIG\u00d3N, JOS\u00c9 IGNACIO","codart":"849967659","libros-coleccion":"Breve Historia","ediciones":"1","encuadernacion":"R\u00fastica","fecha_de_publicacion":"01\/04\/2015","novedad":"1","paginas":"299","subtitulo":"","orden":"0","portada":"0","idioma":"spa","editorial":[{"ID":148589,"post_author":"3","post_date":"2022-10-14 11:59:25","post_date_gmt":"2022-10-14 09:59:25","post_content":"","post_title":"NOWTILUS EDITORIAL","post_excerpt":"","post_status":"publish","comment_status":"closed","ping_status":"closed","post_password":"","post_name":"nowtilus-editorial","to_ping":"","pinged":"","post_modified":"2022-10-14 11:59:25","post_modified_gmt":"2022-10-14 09:59:25","post_content_filtered":"","post_parent":0,"guid":"http:\/\/dev.claret.cat\/editorial\/nowtilus-editorial\/","menu_order":0,"post_type":"editorial","post_mime_type":"","comment_count":"0","filter":"raw"}],"autores-libros":[{"ID":160284,"post_author":"3","post_date":"2022-10-14 15:51:49","post_date_gmt":"2022-10-14 13:51:49","post_content":"","post_title":"JOS\u00c9 IGNACIO ORTEGA CERVIG\u00d3N","post_excerpt":"","post_status":"publish","comment_status":"closed","ping_status":"closed","post_password":"","post_name":"jose-ignacio-ortega-cervigon","to_ping":"","pinged":"","post_modified":"2022-10-14 15:51:49","post_modified_gmt":"2022-10-14 13:51:49","post_content_filtered":"","post_parent":0,"guid":"http:\/\/dev.claret.cat\/autor\/jose-ignacio-ortega-cervigon\/","menu_order":0,"post_type":"autor","post_mime_type":"","comment_count":"0","filter":"raw"}],"booktrailer":"","resenas":""},"aioseo_notices":[],"_links":{"self":[{"href":"https:\/\/www.claret.cat\/es\/wp-json\/wp\/v2\/product\/253012","targetHints":{"allow":["GET"]}}],"collection":[{"href":"https:\/\/www.claret.cat\/es\/wp-json\/wp\/v2\/product"}],"about":[{"href":"https:\/\/www.claret.cat\/es\/wp-json\/wp\/v2\/types\/product"}],"wp:featuredmedia":[{"embeddable":true,"href":"https:\/\/www.claret.cat\/es\/wp-json\/wp\/v2\/media\/253013"}],"wp:attachment":[{"href":"https:\/\/www.claret.cat\/es\/wp-json\/wp\/v2\/media?parent=253012"}],"wp:term":[{"taxonomy":"product_brand","embeddable":true,"href":"https:\/\/www.claret.cat\/es\/wp-json\/wp\/v2\/product_brand?post=253012"},{"taxonomy":"product_cat","embeddable":true,"href":"https:\/\/www.claret.cat\/es\/wp-json\/wp\/v2\/product_cat?post=253012"},{"taxonomy":"product_tag","embeddable":true,"href":"https:\/\/www.claret.cat\/es\/wp-json\/wp\/v2\/product_tag?post=253012"}],"curies":[{"name":"wp","href":"https:\/\/api.w.org\/{rel}","templated":true}]}}