{"id":253057,"date":"2022-10-21T10:25:34","date_gmt":"2022-10-21T08:25:34","guid":{"rendered":"http:\/\/dev.claret.cat\/producte\/guia-dindrets-mitics-i-llegendaris-del-pallars-jussa\/"},"modified":"2023-01-28T10:00:19","modified_gmt":"2023-01-28T09:00:19","slug":"guia-dindrets-mitics-i-llegendaris-del-pallars-jussa-9788490343173","status":"publish","type":"product","link":"https:\/\/www.claret.cat\/es\/libro\/guia-dindrets-mitics-i-llegendaris-del-pallars-jussa-9788490343173\/","title":{"rendered":"GUIA D&#8221;INDRETS M\u00cdTICS I LLEGENDARIS DEL PALLARS JUSS\u00c0"},"content":{"rendered":"<p>Aquesta guia presenta un centenar d&#8221;indrets on els habitants de la comarca del Pallars Juss\u00e0 han imaginat fets que van tenir lloc en una \u00e8poca ancestral, o b\u00e9 en un passat m\u00e9s recent, per\u00f2 que amb els anys han esdevingut llegendaris. Fets fantasiosos o senzillament peculiars i tamb\u00e9 tradicions i creences religioses, tots protagonitzats per imatges sagrades, diables, encantades, minairons, moros, serpents i altres personatges m\u00edtics de les valls pirinenques. Un itinerari fant\u00e0stic per la comarca que ens porta des del parad\u00eds de Bonrep\u00f2s fins a l&#8221;infern dels Degollats de Llevata, des de la pedra santa d&#8221;Arbul fins a l&#8221;\u00faltim moro del Boumort.<\/p>\n","protected":false},"excerpt":{"rendered":"<p>COLL, PEP<\/p>\n","protected":false},"featured_media":319809,"template":"","meta":{"_acf_changed":false,"om_disable_all_campaigns":false,"rs_blank_template":"","rs_page_bg_color":"","slide_template_v7":"","inline_featured_image":false,"_monsterinsights_skip_tracking":false,"_monsterinsights_sitenote_active":false,"_monsterinsights_sitenote_note":"","_monsterinsights_sitenote_category":0},"product_brand":[],"product_cat":[557,107],"product_tag":[],"class_list":{"0":"post-253057","1":"product","2":"type-product","3":"status-publish","4":"has-post-thumbnail","6":"product_cat-guias-de-viaje","7":"product_cat-guies-de-viatge","9":"first","10":"instock","11":"taxable","12":"shipping-taxable","13":"purchasable","14":"product-type-simple"},"acf":{"autor":"COLL, PEP","codart":"849034317","libros-coleccion":"","ediciones":"1","encuadernacion":"R\u00fastica","fecha_de_publicacion":"01\/04\/2015","novedad":"0","paginas":"187","subtitulo":"","orden":"999","portada":"0","idioma":"cat","editorial":[{"ID":6171,"post_author":"3","post_date":"2022-07-28 17:46:25","post_date_gmt":"2022-07-28 15:46:25","post_content":"","post_title":"COSSETANIA EDICIONS","post_excerpt":"","post_status":"publish","comment_status":"closed","ping_status":"closed","post_password":"","post_name":"cossetania-edicions","to_ping":"","pinged":"","post_modified":"2022-07-28 17:46:25","post_modified_gmt":"2022-07-28 15:46:25","post_content_filtered":"","post_parent":0,"guid":"http:\/\/dev.claret.cat\/editorial\/cossetania-edicions\/","menu_order":0,"post_type":"editorial","post_mime_type":"","comment_count":"0","filter":"raw"}],"autores-libros":[{"ID":166952,"post_author":"3","post_date":"2022-10-14 18:07:21","post_date_gmt":"2022-10-14 16:07:21","post_content":"","post_title":"PEP COLL","post_excerpt":"","post_status":"publish","comment_status":"closed","ping_status":"closed","post_password":"","post_name":"pep-coll","to_ping":"","pinged":"","post_modified":"2022-10-14 18:07:21","post_modified_gmt":"2022-10-14 16:07:21","post_content_filtered":"","post_parent":0,"guid":"http:\/\/dev.claret.cat\/autor\/pep-coll\/","menu_order":0,"post_type":"autor","post_mime_type":"","comment_count":"0","filter":"raw"}]},"aioseo_notices":[],"_links":{"self":[{"href":"https:\/\/www.claret.cat\/es\/wp-json\/wp\/v2\/product\/253057","targetHints":{"allow":["GET"]}}],"collection":[{"href":"https:\/\/www.claret.cat\/es\/wp-json\/wp\/v2\/product"}],"about":[{"href":"https:\/\/www.claret.cat\/es\/wp-json\/wp\/v2\/types\/product"}],"wp:featuredmedia":[{"embeddable":true,"href":"https:\/\/www.claret.cat\/es\/wp-json\/wp\/v2\/media\/319809"}],"wp:attachment":[{"href":"https:\/\/www.claret.cat\/es\/wp-json\/wp\/v2\/media?parent=253057"}],"wp:term":[{"taxonomy":"product_brand","embeddable":true,"href":"https:\/\/www.claret.cat\/es\/wp-json\/wp\/v2\/product_brand?post=253057"},{"taxonomy":"product_cat","embeddable":true,"href":"https:\/\/www.claret.cat\/es\/wp-json\/wp\/v2\/product_cat?post=253057"},{"taxonomy":"product_tag","embeddable":true,"href":"https:\/\/www.claret.cat\/es\/wp-json\/wp\/v2\/product_tag?post=253057"}],"curies":[{"name":"wp","href":"https:\/\/api.w.org\/{rel}","templated":true}]}}