{"id":253076,"date":"2022-10-21T10:26:01","date_gmt":"2022-10-21T08:26:01","guid":{"rendered":"http:\/\/dev.claret.cat\/producte\/el-supergrupo-contra-los-demoledores\/"},"modified":"2025-10-27T10:20:36","modified_gmt":"2025-10-27T09:20:36","slug":"el-supergrupo-contra-los-demoledores-9788466656597","status":"publish","type":"product","link":"https:\/\/www.claret.cat\/es\/libro\/el-supergrupo-contra-los-demoledores-9788466656597\/","title":{"rendered":"EL SUPERGRUPO CONTRA LOS DEMOLEDORES"},"content":{"rendered":"<p>Disfrutar de un tranquilo d\u00eda de playa. Eso es lo que pretend\u00edan L\u00f3pez y sus amigos, Luisa y Jaime. Pero, cuando se entrometen los intereses urban\u00edsticos, un grupo de \u201csupuestos\u201d villanos, los Demoledores, y otro grupo de \u201csupuestos\u201d h\u00e9roes, los Ligones Justicieros, el enredo est\u00e1 servido y Superl\u00f3pez tiene que intervenir. \u00bfPodr\u00eda complicarse el asunto todav\u00eda m\u00e1s?&#8230;<br \/>\u00a1Claro que s\u00ed, estando de por medio el Supergrupo puede darse por seguro!<\/p>\n","protected":false},"excerpt":{"rendered":"<p>JAN \/ EFEPE<\/p>\n","protected":false},"featured_media":1061862,"template":"","meta":{"_acf_changed":false,"om_disable_all_campaigns":false,"rs_blank_template":"","rs_page_bg_color":"","slide_template_v7":"","inline_featured_image":false,"_monsterinsights_skip_tracking":false,"_monsterinsights_sitenote_active":false,"_monsterinsights_sitenote_note":"","_monsterinsights_sitenote_category":0},"product_brand":[],"product_cat":[90,540],"product_tag":[],"class_list":{"0":"post-253076","1":"product","2":"type-product","3":"status-publish","4":"has-post-thumbnail","6":"product_cat-altres","7":"product_cat-otros","9":"first","10":"outofstock","11":"taxable","12":"shipping-taxable","13":"purchasable","14":"product-type-simple"},"acf":{"autor":"JAN \/ EFEPE","codart":"846665659","libros-coleccion":"","ediciones":"1","encuadernacion":"Carton\u00e9","fecha_de_publicacion":"01\/04\/2015","novedad":"0","paginas":"46","subtitulo":"SUPER LOPEZ","orden":"999","portada":"0","idioma":"spa","editorial":[{"ID":147506,"post_author":"3","post_date":"2022-10-14 11:51:06","post_date_gmt":"2022-10-14 09:51:06","post_content":"","post_title":"B EDICIONES","post_excerpt":"","post_status":"publish","comment_status":"closed","ping_status":"closed","post_password":"","post_name":"b-ediciones","to_ping":"","pinged":"","post_modified":"2022-10-14 11:51:06","post_modified_gmt":"2022-10-14 09:51:06","post_content_filtered":"","post_parent":0,"guid":"http:\/\/dev.claret.cat\/editorial\/b-ediciones\/","menu_order":0,"post_type":"editorial","post_mime_type":"","comment_count":"0","filter":"raw"}],"autores-libros":[{"ID":422097,"post_author":"3","post_date":"2023-05-16 07:11:53","post_date_gmt":"2023-05-16 05:11:53","post_content":"","post_title":"EFEPE","post_excerpt":"","post_status":"publish","comment_status":"closed","ping_status":"closed","post_password":"","post_name":"efepe","to_ping":"","pinged":"","post_modified":"2023-05-16 07:11:53","post_modified_gmt":"2023-05-16 05:11:53","post_content_filtered":"","post_parent":0,"guid":"https:\/\/www.claret.cat\/autor\/efepe\/","menu_order":0,"post_type":"autor","post_mime_type":"","comment_count":"0","filter":"raw"},{"ID":158452,"post_author":"3","post_date":"2022-10-14 15:36:58","post_date_gmt":"2022-10-14 13:36:58","post_content":"","post_title":"JAN","post_excerpt":"","post_status":"publish","comment_status":"closed","ping_status":"closed","post_password":"","post_name":"jan","to_ping":"","pinged":"","post_modified":"2022-10-14 15:36:58","post_modified_gmt":"2022-10-14 13:36:58","post_content_filtered":"","post_parent":0,"guid":"http:\/\/dev.claret.cat\/autor\/jan\/","menu_order":0,"post_type":"autor","post_mime_type":"","comment_count":"0","filter":"raw"}],"booktrailer":"","resenas":""},"aioseo_notices":[],"_links":{"self":[{"href":"https:\/\/www.claret.cat\/es\/wp-json\/wp\/v2\/product\/253076","targetHints":{"allow":["GET"]}}],"collection":[{"href":"https:\/\/www.claret.cat\/es\/wp-json\/wp\/v2\/product"}],"about":[{"href":"https:\/\/www.claret.cat\/es\/wp-json\/wp\/v2\/types\/product"}],"wp:featuredmedia":[{"embeddable":true,"href":"https:\/\/www.claret.cat\/es\/wp-json\/wp\/v2\/media\/1061862"}],"wp:attachment":[{"href":"https:\/\/www.claret.cat\/es\/wp-json\/wp\/v2\/media?parent=253076"}],"wp:term":[{"taxonomy":"product_brand","embeddable":true,"href":"https:\/\/www.claret.cat\/es\/wp-json\/wp\/v2\/product_brand?post=253076"},{"taxonomy":"product_cat","embeddable":true,"href":"https:\/\/www.claret.cat\/es\/wp-json\/wp\/v2\/product_cat?post=253076"},{"taxonomy":"product_tag","embeddable":true,"href":"https:\/\/www.claret.cat\/es\/wp-json\/wp\/v2\/product_tag?post=253076"}],"curies":[{"name":"wp","href":"https:\/\/api.w.org\/{rel}","templated":true}]}}