{"id":253101,"date":"2022-10-21T10:26:39","date_gmt":"2022-10-21T08:26:39","guid":{"rendered":"http:\/\/dev.claret.cat\/producte\/no-cierres-los-ojos-y-si-ya-no-pudieras-despertar\/"},"modified":"2023-01-28T07:15:35","modified_gmt":"2023-01-28T06:15:35","slug":"no-cierres-los-ojos-y-si-ya-no-pudieras-despertar-9788426398604","status":"publish","type":"product","link":"https:\/\/www.claret.cat\/es\/libro\/no-cierres-los-ojos-y-si-ya-no-pudieras-despertar-9788426398604\/","title":{"rendered":"NO CIERRES LOS OJOS \u00bfY SI YA NO PUDIERAS DESPERTAR?"},"content":{"rendered":"<p>Cristian sabe lo que est\u00e1 viviendo es imposible de creer. Nadie puede sospechar que su sue\u00f1o es real, que se trata de otra vida, pero atrapada en un pasado que jam\u00e1s conoci\u00f3. Cristian tiene diecisiete a\u00f1os y est\u00e1 a punto de acabar Bachillerato, pero al cerrar los ojos se convierte en un famosos gladiador y conforme pasan los d\u00edas ya no sabr\u00e1 a qu\u00e9 mundo pertenece. Nadie parece que pueda creerle, aunque comienzan a sospechar que algo extra\u00f1o y oculto envuelve la vida del muchacho.<\/p>\n","protected":false},"excerpt":{"rendered":"<p>ARIAS ARTACHO, JAVIER<\/p>\n","protected":false},"featured_media":253102,"template":"","meta":{"_acf_changed":false,"om_disable_all_campaigns":false,"rs_blank_template":"","rs_page_bg_color":"","slide_template_v7":"","inline_featured_image":false,"_monsterinsights_skip_tracking":false,"_monsterinsights_sitenote_active":false,"_monsterinsights_sitenote_note":"","_monsterinsights_sitenote_category":0},"product_brand":[],"product_cat":[16],"product_tag":[],"class_list":{"0":"post-253101","1":"product","2":"type-product","3":"status-publish","4":"has-post-thumbnail","6":"product_cat-sense-categoria","8":"first","9":"instock","10":"taxable","11":"shipping-taxable","12":"purchasable","13":"product-type-simple"},"acf":{"autor":"ARIAS ARTACHO, JAVIER","codart":"842639860","libros-coleccion":"","ediciones":"1","encuadernacion":"R\u00fastica","fecha_de_publicacion":"01\/04\/2015","novedad":"0","paginas":"0","subtitulo":"","orden":"999","portada":"0","idioma":"spa","autores-libros":[{"ID":158667,"post_author":"3","post_date":"2022-10-14 15:38:40","post_date_gmt":"2022-10-14 13:38:40","post_content":"","post_title":"JAVIER ARIAS ARTACHO","post_excerpt":"","post_status":"publish","comment_status":"closed","ping_status":"closed","post_password":"","post_name":"javier-arias-artacho","to_ping":"","pinged":"","post_modified":"2022-10-14 15:38:40","post_modified_gmt":"2022-10-14 13:38:40","post_content_filtered":"","post_parent":0,"guid":"http:\/\/dev.claret.cat\/autor\/javier-arias-artacho\/","menu_order":0,"post_type":"autor","post_mime_type":"","comment_count":"0","filter":"raw"}]},"aioseo_notices":[],"_links":{"self":[{"href":"https:\/\/www.claret.cat\/es\/wp-json\/wp\/v2\/product\/253101","targetHints":{"allow":["GET"]}}],"collection":[{"href":"https:\/\/www.claret.cat\/es\/wp-json\/wp\/v2\/product"}],"about":[{"href":"https:\/\/www.claret.cat\/es\/wp-json\/wp\/v2\/types\/product"}],"wp:featuredmedia":[{"embeddable":true,"href":"https:\/\/www.claret.cat\/es\/wp-json\/wp\/v2\/media\/253102"}],"wp:attachment":[{"href":"https:\/\/www.claret.cat\/es\/wp-json\/wp\/v2\/media?parent=253101"}],"wp:term":[{"taxonomy":"product_brand","embeddable":true,"href":"https:\/\/www.claret.cat\/es\/wp-json\/wp\/v2\/product_brand?post=253101"},{"taxonomy":"product_cat","embeddable":true,"href":"https:\/\/www.claret.cat\/es\/wp-json\/wp\/v2\/product_cat?post=253101"},{"taxonomy":"product_tag","embeddable":true,"href":"https:\/\/www.claret.cat\/es\/wp-json\/wp\/v2\/product_tag?post=253101"}],"curies":[{"name":"wp","href":"https:\/\/api.w.org\/{rel}","templated":true}]}}