{"id":253129,"date":"2022-10-21T10:27:17","date_gmt":"2022-10-21T08:27:17","guid":{"rendered":"http:\/\/dev.claret.cat\/producte\/submissio\/"},"modified":"2023-01-28T16:44:07","modified_gmt":"2023-01-28T15:44:07","slug":"submissio-9788433915207","status":"publish","type":"product","link":"https:\/\/www.claret.cat\/es\/libro\/submissio-9788433915207\/","title":{"rendered":"SUBMISSI\u00d3"},"content":{"rendered":"<p>Fran\u00e7a, 2022. Els partits tradicionals s&#8221;han enfonsat i Mohammed Ben Abbes, l\u00edder d&#8221;una nova formaci\u00f3 islamista, derrota la candidata del Front Nacional a les eleccions presidencials. En Fran\u00e7ois, un professor universitari fastiguejat de la doc\u00e8ncia i de la seva vida sexual, veu com la transformaci\u00f3 que segueix l&#8221;arribada del nou president altera la vida dels francesos i li depara un futur inesperat. Els jueus emigren, les dones canvien les faldilles per les bruses llargues i els pantalons i alguns comer\u00e7os tanquen o reorienten el negoci. La Sorbona \u00e9s una universitat isl\u00e0mica on els professors conversos gaudeixen de salaris excel?lents i tenen dret a la polig\u00e0mia. I, com Huysmans, l&#8221;escriptor del segle XIX convertit al catolicisme, en Fran\u00e7ois sospesar\u00e0 pronunciar les paraules que li obriran les portes d&#8221;una nova vida: \u00abNo hi ha m\u00e9s d\u00e9u que Al?l\u00e0 i Mahoma \u00e9s el seu profeta.\u00bb<br \/> Submissi\u00f3 va arribar a les llibreries franceses el dia de l&#8221;atemptat contra Charlie Hebdo i Houellebecq, acusat d&#8221;islamof\u00f2bia, va afirmar: \u00abNo prenc partit, no defenso cap r\u00e8gim. He accelerat la hist\u00f2ria, per\u00f2 no puc dir que sigui una provocaci\u00f3, perqu\u00e8 no dic coses que consideri falses nom\u00e9s per posar nerviosos els altres.\u00bb M\u00e9s enll\u00e0 de la pol\u00e8mica, Submissi\u00f3 \u00e9s una novel?la de \u00abpol\u00edtica ficci\u00f3\u00bb, una faula pertorbadora en qu\u00e8 coexisteixen intu\u00efcions po\u00e8tiques, efectes c\u00f2mics i una melancolia fatalista.<br \/> \u00abDivertida, impertinent i desesperada, Submissi\u00f3 amaga una lli\u00e7\u00f3 inaudita. Menys escandalosa del que s&#8221;ha dit i m\u00e9s subtil del que sembla\u00bb (S\u00e9bastien Lapaque, Le Figaro).<br \/> \u00abNo \u00e9s nom\u00e9s un escriptor de s\u00e0tires, sin\u00f3 un escriptor de s\u00e0tires &#8216;sincer&#8217;, francament entristit pels disbarats de la hist\u00f2ria i per la bogeria humana, i aix\u00f2 \u00e9s m\u00e9s inusual\u00bb (Adam Gopnik, The New Yorker).<\/p>\n","protected":false},"excerpt":{"rendered":"<p>HOUELLEBECQ, MICHEL<\/p>\n","protected":false},"featured_media":253130,"template":"","meta":{"_acf_changed":false,"om_disable_all_campaigns":false,"rs_blank_template":"","rs_page_bg_color":"","slide_template_v7":"","inline_featured_image":false,"_monsterinsights_skip_tracking":false,"_monsterinsights_sitenote_active":false,"_monsterinsights_sitenote_note":"","_monsterinsights_sitenote_category":0},"product_brand":[],"product_cat":[16],"product_tag":[],"class_list":{"0":"post-253129","1":"product","2":"type-product","3":"status-publish","4":"has-post-thumbnail","6":"product_cat-sense-categoria","8":"first","9":"instock","10":"taxable","11":"shipping-taxable","12":"purchasable","13":"product-type-simple"},"acf":{"autor":"HOUELLEBECQ, MICHEL","codart":"843391520","libros-coleccion":"","ediciones":"1","encuadernacion":"R\u00fastica","fecha_de_publicacion":"01\/04\/2015","novedad":"0","paginas":"268","subtitulo":"","orden":"999","portada":"0","idioma":"cat","editorial":[{"ID":147428,"post_author":"3","post_date":"2022-10-14 11:50:30","post_date_gmt":"2022-10-14 09:50:30","post_content":"","post_title":"ANAGRAMA","post_excerpt":"","post_status":"publish","comment_status":"closed","ping_status":"closed","post_password":"","post_name":"anagrama","to_ping":"","pinged":"","post_modified":"2022-10-14 11:50:30","post_modified_gmt":"2022-10-14 09:50:30","post_content_filtered":"","post_parent":0,"guid":"http:\/\/dev.claret.cat\/editorial\/anagrama\/","menu_order":0,"post_type":"editorial","post_mime_type":"","comment_count":"0","filter":"raw"}],"autores-libros":[{"ID":5845,"post_author":"3","post_date":"2022-07-28 17:32:43","post_date_gmt":"2022-07-28 15:32:43","post_content":"","post_title":"MICHEL HOUELLEBECQ","post_excerpt":"","post_status":"publish","comment_status":"closed","ping_status":"closed","post_password":"","post_name":"michel-houellebecq","to_ping":"","pinged":"","post_modified":"2022-07-28 17:32:43","post_modified_gmt":"2022-07-28 15:32:43","post_content_filtered":"","post_parent":0,"guid":"http:\/\/dev.claret.cat\/autor\/michel-houellebecq\/","menu_order":0,"post_type":"autor","post_mime_type":"","comment_count":"0","filter":"raw"}]},"aioseo_notices":[],"_links":{"self":[{"href":"https:\/\/www.claret.cat\/es\/wp-json\/wp\/v2\/product\/253129","targetHints":{"allow":["GET"]}}],"collection":[{"href":"https:\/\/www.claret.cat\/es\/wp-json\/wp\/v2\/product"}],"about":[{"href":"https:\/\/www.claret.cat\/es\/wp-json\/wp\/v2\/types\/product"}],"wp:featuredmedia":[{"embeddable":true,"href":"https:\/\/www.claret.cat\/es\/wp-json\/wp\/v2\/media\/253130"}],"wp:attachment":[{"href":"https:\/\/www.claret.cat\/es\/wp-json\/wp\/v2\/media?parent=253129"}],"wp:term":[{"taxonomy":"product_brand","embeddable":true,"href":"https:\/\/www.claret.cat\/es\/wp-json\/wp\/v2\/product_brand?post=253129"},{"taxonomy":"product_cat","embeddable":true,"href":"https:\/\/www.claret.cat\/es\/wp-json\/wp\/v2\/product_cat?post=253129"},{"taxonomy":"product_tag","embeddable":true,"href":"https:\/\/www.claret.cat\/es\/wp-json\/wp\/v2\/product_tag?post=253129"}],"curies":[{"name":"wp","href":"https:\/\/api.w.org\/{rel}","templated":true}]}}