{"id":253132,"date":"2022-10-21T10:27:20","date_gmt":"2022-10-21T08:27:20","guid":{"rendered":"http:\/\/dev.claret.cat\/producte\/paris-7\/"},"modified":"2023-01-28T07:49:17","modified_gmt":"2023-01-28T06:49:17","slug":"paris-9788408137832","status":"publish","type":"product","link":"https:\/\/www.claret.cat\/es\/libro\/paris-9788408137832\/","title":{"rendered":"PAR\u00cdS"},"content":{"rendered":"<p>La intemporal Par\u00eds permite disfrutar de iconos como la Torre Eiffel, el Arco de Triunfo, los glamurosos Campos El\u00edseos, las g\u00e1rgolas de la catedral de Notre Dame y los puentes iluminados del Sena. Con ese tel\u00f3n de fondo, la verdadera magia de Par\u00eds se despliega en rec\u00f3nditos parques, peque\u00f1os museos, escondidas boutiques, bistr\u00f3s y caf\u00e9s de barrio en los que disfrutar de la aut\u00e9ntica vida parisina.Incluye:Cap\u00edtulos especiales sobre arquitectura, Notre Dame, el Louvre, etc. Y adem\u00e1s: fotos sugerentes, pr\u00e1cticos mapas, herramientas para planificar el viaje e informaci\u00f3n en profundidad.Informaci\u00f3n completa sobre: Torre Eiffel y oeste de Par\u00eds, Campos El\u00edseos y Grands Boulevards, Louvre y Les Halles, Montmartre y norte de Par\u00eds, marais, M\u00e9nilmontant y Belleville, Bastille y este de Par\u00eds, Las islas, Barrio Latino, St-Germain y Les Invalides, Montparnasse y sur de Par\u00eds.<\/p>\n","protected":false},"excerpt":{"rendered":"<p>LE NEVEZ, CATHERINE \/ PITTS, CHRISTOPHER \/ WILLIAMS, NICOLA<\/p>\n","protected":false},"featured_media":253133,"template":"","meta":{"_acf_changed":false,"om_disable_all_campaigns":false,"rs_blank_template":"","rs_page_bg_color":"","slide_template_v7":"","inline_featured_image":false,"_monsterinsights_skip_tracking":false,"_monsterinsights_sitenote_active":false,"_monsterinsights_sitenote_note":"","_monsterinsights_sitenote_category":0},"product_brand":[],"product_cat":[107],"product_tag":[],"class_list":{"0":"post-253132","1":"product","2":"type-product","3":"status-publish","4":"has-post-thumbnail","6":"product_cat-guies-de-viatge","8":"first","9":"instock","10":"taxable","11":"shipping-taxable","12":"purchasable","13":"product-type-simple"},"acf":{"autor":"LE NEVEZ, CATHERINE \/ PITTS, CHRISTOPHER \/ WILLIAMS, NICOLA","codart":"840813783","libros-coleccion":"","ediciones":"1","encuadernacion":"R\u00fastica","fecha_de_publicacion":"01\/04\/2015","novedad":"0","paginas":"430","subtitulo":"EDICION 2015","orden":"999","portada":"0","idioma":"spa","editorial":[{"ID":8244,"post_author":"3","post_date":"2022-09-30 09:21:26","post_date_gmt":"2022-09-30 07:21:26","post_content":"","post_title":"GEOPLANETA EDITORIAL","post_excerpt":"","post_status":"publish","comment_status":"closed","ping_status":"closed","post_password":"","post_name":"geoplaneta-editorial","to_ping":"","pinged":"","post_modified":"2022-09-30 09:21:26","post_modified_gmt":"2022-09-30 07:21:26","post_content_filtered":"","post_parent":0,"guid":"http:\/\/dev.claret.cat\/editorial\/geoplaneta-editorial\/","menu_order":0,"post_type":"editorial","post_mime_type":"","comment_count":"0","filter":"raw"}],"autores-libros":[{"ID":152593,"post_author":"3","post_date":"2022-10-14 14:50:01","post_date_gmt":"2022-10-14 12:50:01","post_content":"","post_title":"CATHERINE LE NEVEZ","post_excerpt":"","post_status":"publish","comment_status":"closed","ping_status":"closed","post_password":"","post_name":"catherine-le-nevez","to_ping":"","pinged":"","post_modified":"2022-10-14 14:50:01","post_modified_gmt":"2022-10-14 12:50:01","post_content_filtered":"","post_parent":0,"guid":"http:\/\/dev.claret.cat\/autor\/catherine-le-nevez\/","menu_order":0,"post_type":"autor","post_mime_type":"","comment_count":"0","filter":"raw"},{"ID":165817,"post_author":"3","post_date":"2022-10-14 17:58:11","post_date_gmt":"2022-10-14 15:58:11","post_content":"","post_title":"NICOLA WILLIAMS","post_excerpt":"","post_status":"publish","comment_status":"closed","ping_status":"closed","post_password":"","post_name":"nicola-williams","to_ping":"","pinged":"","post_modified":"2022-10-14 17:58:11","post_modified_gmt":"2022-10-14 15:58:11","post_content_filtered":"","post_parent":0,"guid":"http:\/\/dev.claret.cat\/autor\/nicola-williams\/","menu_order":0,"post_type":"autor","post_mime_type":"","comment_count":"0","filter":"raw"},{"ID":152968,"post_author":"3","post_date":"2022-10-14 14:53:01","post_date_gmt":"2022-10-14 12:53:01","post_content":"","post_title":"CHRISTOPHER PITTS","post_excerpt":"","post_status":"publish","comment_status":"closed","ping_status":"closed","post_password":"","post_name":"christopher-pitts","to_ping":"","pinged":"","post_modified":"2022-10-14 14:53:01","post_modified_gmt":"2022-10-14 12:53:01","post_content_filtered":"","post_parent":0,"guid":"http:\/\/dev.claret.cat\/autor\/christopher-pitts\/","menu_order":0,"post_type":"autor","post_mime_type":"","comment_count":"0","filter":"raw"}]},"aioseo_notices":[],"_links":{"self":[{"href":"https:\/\/www.claret.cat\/es\/wp-json\/wp\/v2\/product\/253132","targetHints":{"allow":["GET"]}}],"collection":[{"href":"https:\/\/www.claret.cat\/es\/wp-json\/wp\/v2\/product"}],"about":[{"href":"https:\/\/www.claret.cat\/es\/wp-json\/wp\/v2\/types\/product"}],"wp:featuredmedia":[{"embeddable":true,"href":"https:\/\/www.claret.cat\/es\/wp-json\/wp\/v2\/media\/253133"}],"wp:attachment":[{"href":"https:\/\/www.claret.cat\/es\/wp-json\/wp\/v2\/media?parent=253132"}],"wp:term":[{"taxonomy":"product_brand","embeddable":true,"href":"https:\/\/www.claret.cat\/es\/wp-json\/wp\/v2\/product_brand?post=253132"},{"taxonomy":"product_cat","embeddable":true,"href":"https:\/\/www.claret.cat\/es\/wp-json\/wp\/v2\/product_cat?post=253132"},{"taxonomy":"product_tag","embeddable":true,"href":"https:\/\/www.claret.cat\/es\/wp-json\/wp\/v2\/product_tag?post=253132"}],"curies":[{"name":"wp","href":"https:\/\/api.w.org\/{rel}","templated":true}]}}