{"id":253135,"date":"2022-10-21T10:27:25","date_gmt":"2022-10-21T08:27:25","guid":{"rendered":"http:\/\/dev.claret.cat\/producte\/estambul-de-cerca\/"},"modified":"2023-01-28T01:08:30","modified_gmt":"2023-01-28T00:08:30","slug":"estambul-de-cerca-9788408138976","status":"publish","type":"product","link":"https:\/\/www.claret.cat\/es\/libro\/estambul-de-cerca-9788408138976\/","title":{"rendered":"ESTAMBUL DE CERCA"},"content":{"rendered":"<p>La ciudad del B\u00f3sforo espera al viajero con experiencias extraordinarias.\u00a0Los derviches giran, los muecines llaman a la oraci\u00f3n y se cambia de continente varias veces al d\u00eda. Es un destino donde la comida, la bebida y el baile se cuentan entre las prioridades de sus gentes, que har\u00e1n sentirse bienvenido a quien se una a la fiesta.Incluye:Mapas de cada barrioItinerarios \u00fanicos y resumen de lo m\u00e1s destacado para sacarle todo el jugo a una corta visitaPr\u00e1cticos consejos de viaje a cargo de expertosInformaci\u00f3n 100% independiente de los barrios: Palacio de Topkapi y Emin\u00f6n\u00fc, Santa Sof\u00eda y Sultanahmet, Gran Bazar y barrio del Bazar, ?stiklal Caddesi y Beyo?lu, Palacio Dolmabah\u00e7e y Ortak\u00f6y.<\/p>\n","protected":false},"excerpt":{"rendered":"<p>MAXWELL, VIRGINIA<\/p>\n","protected":false},"featured_media":253136,"template":"","meta":{"_acf_changed":false,"om_disable_all_campaigns":false,"rs_blank_template":"","rs_page_bg_color":"","slide_template_v7":"","inline_featured_image":false,"_monsterinsights_skip_tracking":false,"_monsterinsights_sitenote_active":false,"_monsterinsights_sitenote_note":"","_monsterinsights_sitenote_category":0},"product_brand":[],"product_cat":[107],"product_tag":[],"class_list":{"0":"post-253135","1":"product","2":"type-product","3":"status-publish","4":"has-post-thumbnail","6":"product_cat-guies-de-viatge","8":"first","9":"instock","10":"taxable","11":"shipping-taxable","12":"purchasable","13":"product-type-simple"},"acf":{"autor":"MAXWELL, VIRGINIA","codart":"840813897","libros-coleccion":"","ediciones":"1","encuadernacion":"R\u00fastica","fecha_de_publicacion":"01\/04\/2015","novedad":"0","paginas":"160","subtitulo":"","orden":"999","portada":"0","idioma":"spa","editorial":[{"ID":8244,"post_author":"3","post_date":"2022-09-30 09:21:26","post_date_gmt":"2022-09-30 07:21:26","post_content":"","post_title":"GEOPLANETA EDITORIAL","post_excerpt":"","post_status":"publish","comment_status":"closed","ping_status":"closed","post_password":"","post_name":"geoplaneta-editorial","to_ping":"","pinged":"","post_modified":"2022-09-30 09:21:26","post_modified_gmt":"2022-09-30 07:21:26","post_content_filtered":"","post_parent":0,"guid":"http:\/\/dev.claret.cat\/editorial\/geoplaneta-editorial\/","menu_order":0,"post_type":"editorial","post_mime_type":"","comment_count":"0","filter":"raw"}],"autores-libros":[{"ID":171158,"post_author":"3","post_date":"2022-10-14 22:41:08","post_date_gmt":"2022-10-14 20:41:08","post_content":"","post_title":"VIRGINIA MAXWELL","post_excerpt":"","post_status":"publish","comment_status":"closed","ping_status":"closed","post_password":"","post_name":"virginia-maxwell","to_ping":"","pinged":"","post_modified":"2022-10-14 22:41:08","post_modified_gmt":"2022-10-14 20:41:08","post_content_filtered":"","post_parent":0,"guid":"http:\/\/dev.claret.cat\/autor\/virginia-maxwell\/","menu_order":0,"post_type":"autor","post_mime_type":"","comment_count":"0","filter":"raw"}]},"aioseo_notices":[],"_links":{"self":[{"href":"https:\/\/www.claret.cat\/es\/wp-json\/wp\/v2\/product\/253135","targetHints":{"allow":["GET"]}}],"collection":[{"href":"https:\/\/www.claret.cat\/es\/wp-json\/wp\/v2\/product"}],"about":[{"href":"https:\/\/www.claret.cat\/es\/wp-json\/wp\/v2\/types\/product"}],"wp:featuredmedia":[{"embeddable":true,"href":"https:\/\/www.claret.cat\/es\/wp-json\/wp\/v2\/media\/253136"}],"wp:attachment":[{"href":"https:\/\/www.claret.cat\/es\/wp-json\/wp\/v2\/media?parent=253135"}],"wp:term":[{"taxonomy":"product_brand","embeddable":true,"href":"https:\/\/www.claret.cat\/es\/wp-json\/wp\/v2\/product_brand?post=253135"},{"taxonomy":"product_cat","embeddable":true,"href":"https:\/\/www.claret.cat\/es\/wp-json\/wp\/v2\/product_cat?post=253135"},{"taxonomy":"product_tag","embeddable":true,"href":"https:\/\/www.claret.cat\/es\/wp-json\/wp\/v2\/product_tag?post=253135"}],"curies":[{"name":"wp","href":"https:\/\/api.w.org\/{rel}","templated":true}]}}