{"id":253147,"date":"2022-10-21T10:27:42","date_gmt":"2022-10-21T08:27:42","guid":{"rendered":"http:\/\/dev.claret.cat\/producte\/el-meu-avi-i-jo\/"},"modified":"2023-01-28T07:45:11","modified_gmt":"2023-01-28T06:45:11","slug":"el-meu-avi-i-jo-9788426141910","status":"publish","type":"product","link":"https:\/\/www.claret.cat\/es\/libro\/el-meu-avi-i-jo-9788426141910\/","title":{"rendered":"EL MEU AVI I JO"},"content":{"rendered":"<p>\u00abAmb el meu avi Sim\u00f3 jugo cada dia a amagar petons. Encara que hagi d?anar a l?hospital, encara que no hi sigui, el meu avi Sim\u00f3 i jo seguim jugant?\u00bb Un \u00e0lbum art\u00edstic, amb paraules senzilles, que relata la relaci\u00f3 entre una n\u00e9ta i el seu avi. A tots dos els encantar jugar a \u00abamagar petons\u00bb, joc que ajudar\u00e0 a la nena a fer m\u00e9s suportable l?abs\u00e8ncia del seu estimat avi&#8230;<\/p>\n","protected":false},"excerpt":{"rendered":"<p>PARERA, N\u00daRIA<\/p>\n","protected":false},"featured_media":253148,"template":"","meta":{"_acf_changed":false,"om_disable_all_campaigns":false,"rs_blank_template":"","rs_page_bg_color":"","slide_template_v7":"","inline_featured_image":false,"_monsterinsights_skip_tracking":false,"_monsterinsights_sitenote_active":false,"_monsterinsights_sitenote_note":"","_monsterinsights_sitenote_category":0},"product_brand":[],"product_cat":[86,118],"product_tag":[],"class_list":{"0":"post-253147","1":"product","2":"type-product","3":"status-publish","4":"has-post-thumbnail","6":"product_cat-infantil","7":"product_cat-mort-i-dol","9":"first","10":"instock","11":"taxable","12":"shipping-taxable","13":"purchasable","14":"product-type-simple"},"acf":{"autor":"PARERA, N\u00daRIA","codart":"842614191","libros-coleccion":"","ediciones":"1","encuadernacion":"Carton\u00e9","fecha_de_publicacion":"01\/04\/2015","novedad":"0","paginas":"35","subtitulo":"","orden":"999","portada":"0","idioma":"cat","editorial":[{"ID":6226,"post_author":"3","post_date":"2022-07-28 17:47:36","post_date_gmt":"2022-07-28 15:47:36","post_content":"","post_title":"EDITORIAL JUVENTUD","post_excerpt":"","post_status":"publish","comment_status":"closed","ping_status":"closed","post_password":"","post_name":"editorial-juventud","to_ping":"","pinged":"","post_modified":"2022-07-28 17:47:36","post_modified_gmt":"2022-07-28 15:47:36","post_content_filtered":"","post_parent":0,"guid":"http:\/\/dev.claret.cat\/editorial\/editorial-juventud\/","menu_order":0,"post_type":"editorial","post_mime_type":"","comment_count":"0","filter":"raw"}],"autores-libros":[{"ID":166051,"post_author":"3","post_date":"2022-10-14 18:00:02","post_date_gmt":"2022-10-14 16:00:02","post_content":"","post_title":"N\u00daRIA PARERA","post_excerpt":"","post_status":"publish","comment_status":"closed","ping_status":"closed","post_password":"","post_name":"nuria-parera","to_ping":"","pinged":"","post_modified":"2022-10-14 18:00:02","post_modified_gmt":"2022-10-14 16:00:02","post_content_filtered":"","post_parent":0,"guid":"http:\/\/dev.claret.cat\/autor\/nuria-parera\/","menu_order":0,"post_type":"autor","post_mime_type":"","comment_count":"0","filter":"raw"}]},"aioseo_notices":[],"_links":{"self":[{"href":"https:\/\/www.claret.cat\/es\/wp-json\/wp\/v2\/product\/253147","targetHints":{"allow":["GET"]}}],"collection":[{"href":"https:\/\/www.claret.cat\/es\/wp-json\/wp\/v2\/product"}],"about":[{"href":"https:\/\/www.claret.cat\/es\/wp-json\/wp\/v2\/types\/product"}],"wp:featuredmedia":[{"embeddable":true,"href":"https:\/\/www.claret.cat\/es\/wp-json\/wp\/v2\/media\/253148"}],"wp:attachment":[{"href":"https:\/\/www.claret.cat\/es\/wp-json\/wp\/v2\/media?parent=253147"}],"wp:term":[{"taxonomy":"product_brand","embeddable":true,"href":"https:\/\/www.claret.cat\/es\/wp-json\/wp\/v2\/product_brand?post=253147"},{"taxonomy":"product_cat","embeddable":true,"href":"https:\/\/www.claret.cat\/es\/wp-json\/wp\/v2\/product_cat?post=253147"},{"taxonomy":"product_tag","embeddable":true,"href":"https:\/\/www.claret.cat\/es\/wp-json\/wp\/v2\/product_tag?post=253147"}],"curies":[{"name":"wp","href":"https:\/\/api.w.org\/{rel}","templated":true}]}}