{"id":253174,"date":"2022-10-21T10:28:19","date_gmt":"2022-10-21T08:28:19","guid":{"rendered":"http:\/\/dev.claret.cat\/producte\/el-llarg-proces\/"},"modified":"2023-01-28T08:43:28","modified_gmt":"2023-01-28T07:43:28","slug":"el-llarg-proces-9788490660478","status":"publish","type":"product","link":"https:\/\/www.claret.cat\/es\/libro\/el-llarg-proces-9788490660478\/","title":{"rendered":"EL LLARG PROC\u00c9S"},"content":{"rendered":"<p>El llarg proc\u00e9s \u00e9s una rigorosa cr\u00f3nica d?hist\u00f2ria intel\u00b7lectual i cultural que arrenca en plena guerra civil i es clou diagnosticant els perills del usos i oblits interessats del passat que condicionen el present. De Francesc Camb\u00f3 a Jordi Pujol passant per Gaziel o Josep Pla I situant Jaume Vicens Vives com a v\u00e8rtex entre el m\u00f3n d?ahir i la represa p\u00fablica del catalanisme en ple franquisme, l?assaig mostra com es va produir la restituci\u00f3 de la tradici\u00f3 democr\u00e0tica durant la dictadura i l?activaci\u00f3 simult\u00e0nia d?una derivada nacionalista que, despr\u00e9s de tensions, pol\u00e8miques i desercions, a la llarga ha esdevingut hegem\u00f2nica.<\/p>\n","protected":false},"excerpt":{"rendered":"<p>AMAT, JORDI<\/p>\n","protected":false},"featured_media":253175,"template":"","meta":{"_acf_changed":false,"om_disable_all_campaigns":false,"rs_blank_template":"","rs_page_bg_color":"","slide_template_v7":"","inline_featured_image":false,"_monsterinsights_skip_tracking":false,"_monsterinsights_sitenote_active":false,"_monsterinsights_sitenote_note":"","_monsterinsights_sitenote_category":0},"product_brand":[],"product_cat":[16],"product_tag":[],"class_list":{"0":"post-253174","1":"product","2":"type-product","3":"status-publish","4":"has-post-thumbnail","6":"product_cat-sense-categoria","8":"first","9":"instock","10":"taxable","11":"shipping-taxable","12":"purchasable","13":"product-type-simple"},"acf":{"autor":"AMAT, JORDI","codart":"849066047","libros-coleccion":"","ediciones":"1","encuadernacion":"R\u00fastica","fecha_de_publicacion":"01\/04\/2015","novedad":"0","paginas":"0","subtitulo":"CULTURA I POL\u00cdTICA A LA CATALUNYA CONTEMPOR\u00c0NIA (1937-2014)","orden":"999","portada":"0","idioma":"cat","autores-libros":[{"ID":159813,"post_author":"3","post_date":"2022-10-14 15:47:56","post_date_gmt":"2022-10-14 13:47:56","post_content":"","post_title":"JORDI AMAT","post_excerpt":"","post_status":"publish","comment_status":"closed","ping_status":"closed","post_password":"","post_name":"jordi-amat","to_ping":"","pinged":"","post_modified":"2022-10-14 15:47:56","post_modified_gmt":"2022-10-14 13:47:56","post_content_filtered":"","post_parent":0,"guid":"http:\/\/dev.claret.cat\/autor\/jordi-amat\/","menu_order":0,"post_type":"autor","post_mime_type":"","comment_count":"0","filter":"raw"}]},"aioseo_notices":[],"_links":{"self":[{"href":"https:\/\/www.claret.cat\/es\/wp-json\/wp\/v2\/product\/253174","targetHints":{"allow":["GET"]}}],"collection":[{"href":"https:\/\/www.claret.cat\/es\/wp-json\/wp\/v2\/product"}],"about":[{"href":"https:\/\/www.claret.cat\/es\/wp-json\/wp\/v2\/types\/product"}],"wp:featuredmedia":[{"embeddable":true,"href":"https:\/\/www.claret.cat\/es\/wp-json\/wp\/v2\/media\/253175"}],"wp:attachment":[{"href":"https:\/\/www.claret.cat\/es\/wp-json\/wp\/v2\/media?parent=253174"}],"wp:term":[{"taxonomy":"product_brand","embeddable":true,"href":"https:\/\/www.claret.cat\/es\/wp-json\/wp\/v2\/product_brand?post=253174"},{"taxonomy":"product_cat","embeddable":true,"href":"https:\/\/www.claret.cat\/es\/wp-json\/wp\/v2\/product_cat?post=253174"},{"taxonomy":"product_tag","embeddable":true,"href":"https:\/\/www.claret.cat\/es\/wp-json\/wp\/v2\/product_tag?post=253174"}],"curies":[{"name":"wp","href":"https:\/\/api.w.org\/{rel}","templated":true}]}}